{"id":1280,"date":"2021-08-23T09:01:11","date_gmt":"2021-08-23T09:01:11","guid":{"rendered":"https:\/\/www.birthmarkcare.com\/?page_id=1280"},"modified":"2024-02-07T11:41:11","modified_gmt":"2024-02-07T11:41:11","slug":"conozca-al-dr-levitin","status":"publish","type":"page","link":"https:\/\/www.birthmarkcare.com\/es\/acerca-de\/conozca-al-dr-levitin\/","title":{"rendered":"Conozca al Dr. Levitin"},"content":{"rendered":"<div class=\"alignright about-image-caption\"><img loading=\"lazy\" decoding=\"async\" src=\"https:\/\/www.birthmarkcare.com\/wp-content\/uploads\/2020\/04\/levitin.jpg\" alt=\"Dr. Gregory Levitin\" class=\"alignright wp-image-1252 size-full\" width=\"188\" height=\"351\" srcset=\"https:\/\/www.birthmarkcare.com\/wp-content\/uploads\/2020\/04\/levitin.jpg 188w, https:\/\/www.birthmarkcare.com\/wp-content\/uploads\/2020\/04\/levitin-161x300.jpg 161w\" sizes=\"auto, (max-width: 188px) 100vw, 188px\" \/><strong>Board certified<\/strong> American Board of Otolaryngology &#8211; Head and Neck Surgeon<\/div>\n<h2>Conozca al Dr. Levitin<\/h2>\n<p>Al Dr. Gregory Levitin, M.D. le atrajo inicialmente la especialidad de las marcas vasculares de nacimiento despu\u00e9s de que una de sus hijas gemelas fuera diagnosticada con un gran hemangioma que requerir\u00eda de una terapia m\u00e9dica, posteriormente del uso de l\u00e1ser y, en \u00faltima instancia, de tratamiento quir\u00fargico. Esta combinaci\u00f3n entre la propia experiencia personal y su amplia formaci\u00f3n acad\u00e9mica, hacen que el Dr. Levitin sea hoy uno de los pocos especialistas del pa\u00eds y de los mejor capacitados en el tratamiento de dichos padecimientos.<\/p>\n<p>Entre las especialidades del Dr. Levitin se incluyen el tratamiento m\u00e9dico y quir\u00fargico en ni\u00f1os, ni\u00f1as y adultos para todo tipo de marcas vasculares de nacimiento, abarcando hemangiomas, malformaciones venosas y linf\u00e1ticas, manchas de \u2018vino de Oporto\u2019 y otros tumores vasculares. El Dr. Gregory Levitin, M.D. es frecuentemente consultado por sus colegas m\u00e9dicos en la evaluaci\u00f3n y diagn\u00f3stico de pacientes con enfermedades complejas y avanzadas, trabajando en estrecha colaboraci\u00f3n con cada uno de ellos para desarrollar un plan de tratamiento individualizado que combine las t\u00e9cnicas m\u00e1s seguras, vanguardistas y m\u00ednimamente invasivas.<\/p>\n<p>El Dr. Levitin es consciente de que buscar el tratamiento para una anomal\u00eda vascular puede llegar a ser una experiencia que cambie la vida del paciente, por lo que se esfuerza en proporcionar tanta atenci\u00f3n e informaci\u00f3n personalizada como sea posible.<\/p>\n<h2>Afiliaci\u00f3n Profesional y Acad\u00e9mica<\/h2>\n<p><a class=\"float-left mt-1 mr-4 mb-3\" href=\"https:\/\/www.castleconnolly.com\/top-doctors\/gregory-m-levitin-otolaryngology-86cc000065\" target=\"_blank\" rel=\"nofollow noopener\"><img loading=\"lazy\" decoding=\"async\" src=\"https:\/\/www.birthmarkcare.com\/wp-content\/uploads\/2024\/02\/CC-Top-Doctors_2024_vertical.png\" alt=\"Castle Connolly Top Doctors 2024\" width=\"120\" height=\"179\" class=\"alignnone size-full wp-image-1800\" srcset=\"https:\/\/www.birthmarkcare.com\/wp-content\/uploads\/2024\/02\/CC-Top-Doctors_2024_vertical.png 438w, https:\/\/www.birthmarkcare.com\/wp-content\/uploads\/2024\/02\/CC-Top-Doctors_2024_vertical-201x300.png 201w\" sizes=\"auto, (max-width: 120px) 100vw, 120px\" \/><\/a>El Dr. Gregory Levitin, M.D. es un cirujano otorrinolaring\u00f3logo de cabeza y cuello certificado y miembro de la Academia Americana de Cirug\u00eda Otorrinolaringol\u00f3gica de Cabeza y Cuello (AAO-HNS, por sus siglas en ingl\u00e9s). Obtuvo su t\u00edtulo de m\u00e9dico en la Facultad de Medicina de la Universidad de Carolina del Norte y complet\u00f3 su formaci\u00f3n realizando la residencia en Otorrinolaringolog\u00eda Quir\u00fargica de Cabeza y Cuello en el prestigioso Centro M\u00e9dico Mount Sinai, en la ciudad de Nueva York. El Dr. Levitin fue seleccionado como uno de los mejores m\u00e9dicos de Estados Unidos por el prestigioso portal Castle Connolly en el a\u00f1o 2018 y se siente honrado por ser considerado, entre sus colegas de la profesi\u00f3n, un l\u00edder en el diagn\u00f3stico y tratamiento de las marcas vasculares de nacimiento. Es autor y coautor de varios cap\u00edtulos en libros especializados as\u00ed como de art\u00edculos en prestigiosas revistas nacionales, relativos a los hemangiomas y malformaciones vasculares, y ha presentado sus trabajos en numerosos encuentros nacionales e internacionales.<\/p>\n","protected":false},"excerpt":{"rendered":"<p>Board certified American Board of Otolaryngology &#8211; Head and Neck Surgeon Conozca al Dr. Levitin Al Dr. Gregory Levitin, M.D.<\/p>\n<p><a class=\"button\" href=\"https:\/\/www.birthmarkcare.com\/es\/acerca-de\/conozca-al-dr-levitin\/\">Leer el art\u00edculo completo<\/a><\/p>\n","protected":false},"author":1,"featured_media":0,"parent":1277,"menu_order":0,"comment_status":"closed","ping_status":"closed","template":"","meta":{"_acf_changed":false,"footnotes":""},"class_list":["post-1280","page","type-page","status-publish"],"acf":[],"yoast_head":"<!-- This site is optimized with the Yoast SEO plugin v25.7 - https:\/\/yoast.com\/wordpress\/plugins\/seo\/ -->\n<title>Dr. Greg Levitin | The Vascular Birthmark Center | Nueva York, Los \u00c1ngeles<\/title>\n<meta name=\"description\" content=\"Conozca al Dr. Greg Levitin y a su equipo del Vascular Birthmark Center \/ Centro de Marcas Vasculares de Nacimiento, programando, hoy mismo, su primera evaluaci\u00f3n en nuestras oficinas de Nueva York o Los \u00c1ngeles.\" \/>\n<meta name=\"robots\" content=\"index, follow, max-snippet:-1, max-image-preview:large, max-video-preview:-1\" \/>\n<link rel=\"canonical\" href=\"https:\/\/www.birthmarkcare.com\/es\/acerca-de\/conozca-al-dr-levitin\/\" \/>\n<meta property=\"og:locale\" content=\"es_ES\" \/>\n<meta property=\"og:type\" content=\"article\" \/>\n<meta property=\"og:title\" content=\"Dr. Greg Levitin | The Vascular Birthmark Center | Nueva York, Los \u00c1ngeles\" \/>\n<meta property=\"og:description\" content=\"Conozca al Dr. Greg Levitin y a su equipo del Vascular Birthmark Center \/ Centro de Marcas Vasculares de Nacimiento, programando, hoy mismo, su primera evaluaci\u00f3n en nuestras oficinas de Nueva York o Los \u00c1ngeles.\" \/>\n<meta property=\"og:url\" content=\"https:\/\/www.birthmarkcare.com\/es\/acerca-de\/conozca-al-dr-levitin\/\" \/>\n<meta property=\"og:site_name\" content=\"The Vascular Birthmark Center: Gregory M. Levitin, MD\" \/>\n<meta property=\"article:modified_time\" content=\"2024-02-07T11:41:11+00:00\" \/>\n<meta property=\"og:image\" content=\"https:\/\/www.birthmarkcare.com\/wp-content\/uploads\/2020\/04\/levitin.jpg\" \/>\n<meta name=\"twitter:card\" content=\"summary_large_image\" \/>\n<meta name=\"twitter:label1\" content=\"Tiempo de lectura\" \/>\n\t<meta name=\"twitter:data1\" content=\"3 minutos\" \/>\n<script type=\"application\/ld+json\" class=\"yoast-schema-graph\">{\"@context\":\"https:\/\/schema.org\",\"@graph\":[{\"@type\":\"WebPage\",\"@id\":\"https:\/\/www.birthmarkcare.com\/es\/acerca-de\/conozca-al-dr-levitin\/\",\"url\":\"https:\/\/www.birthmarkcare.com\/es\/acerca-de\/conozca-al-dr-levitin\/\",\"name\":\"Dr. Greg Levitin | The Vascular Birthmark Center | Nueva York, Los \u00c1ngeles\",\"isPartOf\":{\"@id\":\"https:\/\/www.birthmarkcare.com\/es\/#website\"},\"primaryImageOfPage\":{\"@id\":\"https:\/\/www.birthmarkcare.com\/es\/acerca-de\/conozca-al-dr-levitin\/#primaryimage\"},\"image\":{\"@id\":\"https:\/\/www.birthmarkcare.com\/es\/acerca-de\/conozca-al-dr-levitin\/#primaryimage\"},\"thumbnailUrl\":\"https:\/\/www.birthmarkcare.com\/wp-content\/uploads\/2020\/04\/levitin.jpg\",\"datePublished\":\"2021-08-23T09:01:11+00:00\",\"dateModified\":\"2024-02-07T11:41:11+00:00\",\"description\":\"Conozca al Dr. Greg Levitin y a su equipo del Vascular Birthmark Center \/ Centro de Marcas Vasculares de Nacimiento, programando, hoy mismo, su primera evaluaci\u00f3n en nuestras oficinas de Nueva York o Los \u00c1ngeles.\",\"breadcrumb\":{\"@id\":\"https:\/\/www.birthmarkcare.com\/es\/acerca-de\/conozca-al-dr-levitin\/#breadcrumb\"},\"inLanguage\":\"es\",\"potentialAction\":[{\"@type\":\"ReadAction\",\"target\":[\"https:\/\/www.birthmarkcare.com\/es\/acerca-de\/conozca-al-dr-levitin\/\"]}]},{\"@type\":\"ImageObject\",\"inLanguage\":\"es\",\"@id\":\"https:\/\/www.birthmarkcare.com\/es\/acerca-de\/conozca-al-dr-levitin\/#primaryimage\",\"url\":\"https:\/\/www.birthmarkcare.com\/wp-content\/uploads\/2020\/04\/levitin.jpg\",\"contentUrl\":\"https:\/\/www.birthmarkcare.com\/wp-content\/uploads\/2020\/04\/levitin.jpg\"},{\"@type\":\"BreadcrumbList\",\"@id\":\"https:\/\/www.birthmarkcare.com\/es\/acerca-de\/conozca-al-dr-levitin\/#breadcrumb\",\"itemListElement\":[{\"@type\":\"ListItem\",\"position\":1,\"name\":\"Home\",\"item\":\"https:\/\/www.birthmarkcare.com\/es\/\"},{\"@type\":\"ListItem\",\"position\":2,\"name\":\"Acerca de\",\"item\":\"https:\/\/www.birthmarkcare.com\/es\/acerca-de\/\"},{\"@type\":\"ListItem\",\"position\":3,\"name\":\"Conozca al Dr. Levitin\"}]},{\"@type\":\"WebSite\",\"@id\":\"https:\/\/www.birthmarkcare.com\/es\/#website\",\"url\":\"https:\/\/www.birthmarkcare.com\/es\/\",\"name\":\"The Vascular Birthmark Center: Gregory M. Levitin, MD\",\"description\":\"\",\"potentialAction\":[{\"@type\":\"SearchAction\",\"target\":{\"@type\":\"EntryPoint\",\"urlTemplate\":\"https:\/\/www.birthmarkcare.com\/es\/?s={search_term_string}\"},\"query-input\":{\"@type\":\"PropertyValueSpecification\",\"valueRequired\":true,\"valueName\":\"search_term_string\"}}],\"inLanguage\":\"es\"}]}<\/script>\n<!-- \/ Yoast SEO plugin. -->","yoast_head_json":{"title":"Dr. Greg Levitin | The Vascular Birthmark Center | Nueva York, Los \u00c1ngeles","description":"Conozca al Dr. Greg Levitin y a su equipo del Vascular Birthmark Center \/ Centro de Marcas Vasculares de Nacimiento, programando, hoy mismo, su primera evaluaci\u00f3n en nuestras oficinas de Nueva York o Los \u00c1ngeles.","robots":{"index":"index","follow":"follow","max-snippet":"max-snippet:-1","max-image-preview":"max-image-preview:large","max-video-preview":"max-video-preview:-1"},"canonical":"https:\/\/www.birthmarkcare.com\/es\/acerca-de\/conozca-al-dr-levitin\/","og_locale":"es_ES","og_type":"article","og_title":"Dr. Greg Levitin | The Vascular Birthmark Center | Nueva York, Los \u00c1ngeles","og_description":"Conozca al Dr. Greg Levitin y a su equipo del Vascular Birthmark Center \/ Centro de Marcas Vasculares de Nacimiento, programando, hoy mismo, su primera evaluaci\u00f3n en nuestras oficinas de Nueva York o Los \u00c1ngeles.","og_url":"https:\/\/www.birthmarkcare.com\/es\/acerca-de\/conozca-al-dr-levitin\/","og_site_name":"The Vascular Birthmark Center: Gregory M. Levitin, MD","article_modified_time":"2024-02-07T11:41:11+00:00","og_image":[{"url":"https:\/\/www.birthmarkcare.com\/wp-content\/uploads\/2020\/04\/levitin.jpg","type":"","width":"","height":""}],"twitter_card":"summary_large_image","twitter_misc":{"Tiempo de lectura":"3 minutos"},"schema":{"@context":"https:\/\/schema.org","@graph":[{"@type":"WebPage","@id":"https:\/\/www.birthmarkcare.com\/es\/acerca-de\/conozca-al-dr-levitin\/","url":"https:\/\/www.birthmarkcare.com\/es\/acerca-de\/conozca-al-dr-levitin\/","name":"Dr. Greg Levitin | The Vascular Birthmark Center | Nueva York, Los \u00c1ngeles","isPartOf":{"@id":"https:\/\/www.birthmarkcare.com\/es\/#website"},"primaryImageOfPage":{"@id":"https:\/\/www.birthmarkcare.com\/es\/acerca-de\/conozca-al-dr-levitin\/#primaryimage"},"image":{"@id":"https:\/\/www.birthmarkcare.com\/es\/acerca-de\/conozca-al-dr-levitin\/#primaryimage"},"thumbnailUrl":"https:\/\/www.birthmarkcare.com\/wp-content\/uploads\/2020\/04\/levitin.jpg","datePublished":"2021-08-23T09:01:11+00:00","dateModified":"2024-02-07T11:41:11+00:00","description":"Conozca al Dr. Greg Levitin y a su equipo del Vascular Birthmark Center \/ Centro de Marcas Vasculares de Nacimiento, programando, hoy mismo, su primera evaluaci\u00f3n en nuestras oficinas de Nueva York o Los \u00c1ngeles.","breadcrumb":{"@id":"https:\/\/www.birthmarkcare.com\/es\/acerca-de\/conozca-al-dr-levitin\/#breadcrumb"},"inLanguage":"es","potentialAction":[{"@type":"ReadAction","target":["https:\/\/www.birthmarkcare.com\/es\/acerca-de\/conozca-al-dr-levitin\/"]}]},{"@type":"ImageObject","inLanguage":"es","@id":"https:\/\/www.birthmarkcare.com\/es\/acerca-de\/conozca-al-dr-levitin\/#primaryimage","url":"https:\/\/www.birthmarkcare.com\/wp-content\/uploads\/2020\/04\/levitin.jpg","contentUrl":"https:\/\/www.birthmarkcare.com\/wp-content\/uploads\/2020\/04\/levitin.jpg"},{"@type":"BreadcrumbList","@id":"https:\/\/www.birthmarkcare.com\/es\/acerca-de\/conozca-al-dr-levitin\/#breadcrumb","itemListElement":[{"@type":"ListItem","position":1,"name":"Home","item":"https:\/\/www.birthmarkcare.com\/es\/"},{"@type":"ListItem","position":2,"name":"Acerca de","item":"https:\/\/www.birthmarkcare.com\/es\/acerca-de\/"},{"@type":"ListItem","position":3,"name":"Conozca al Dr. Levitin"}]},{"@type":"WebSite","@id":"https:\/\/www.birthmarkcare.com\/es\/#website","url":"https:\/\/www.birthmarkcare.com\/es\/","name":"The Vascular Birthmark Center: Gregory M. Levitin, MD","description":"","potentialAction":[{"@type":"SearchAction","target":{"@type":"EntryPoint","urlTemplate":"https:\/\/www.birthmarkcare.com\/es\/?s={search_term_string}"},"query-input":{"@type":"PropertyValueSpecification","valueRequired":true,"valueName":"search_term_string"}}],"inLanguage":"es"}]}},"_links":{"self":[{"href":"https:\/\/www.birthmarkcare.com\/es\/wp-json\/wp\/v2\/pages\/1280","targetHints":{"allow":["GET"]}}],"collection":[{"href":"https:\/\/www.birthmarkcare.com\/es\/wp-json\/wp\/v2\/pages"}],"about":[{"href":"https:\/\/www.birthmarkcare.com\/es\/wp-json\/wp\/v2\/types\/page"}],"author":[{"embeddable":true,"href":"https:\/\/www.birthmarkcare.com\/es\/wp-json\/wp\/v2\/users\/1"}],"replies":[{"embeddable":true,"href":"https:\/\/www.birthmarkcare.com\/es\/wp-json\/wp\/v2\/comments?post=1280"}],"version-history":[{"count":4,"href":"https:\/\/www.birthmarkcare.com\/es\/wp-json\/wp\/v2\/pages\/1280\/revisions"}],"predecessor-version":[{"id":1816,"href":"https:\/\/www.birthmarkcare.com\/es\/wp-json\/wp\/v2\/pages\/1280\/revisions\/1816"}],"up":[{"embeddable":true,"href":"https:\/\/www.birthmarkcare.com\/es\/wp-json\/wp\/v2\/pages\/1277"}],"wp:attachment":[{"href":"https:\/\/www.birthmarkcare.com\/es\/wp-json\/wp\/v2\/media?parent=1280"}],"curies":[{"name":"wp","href":"https:\/\/api.w.org\/{rel}","templated":true}]}}