{"id":1283,"date":"2021-08-23T09:15:11","date_gmt":"2021-08-23T09:15:11","guid":{"rendered":"https:\/\/www.birthmarkcare.com\/?page_id=1283"},"modified":"2021-09-07T15:48:37","modified_gmt":"2021-09-07T15:48:37","slug":"telangiectasia-hemorragica-hereditaria","status":"publish","type":"page","link":"https:\/\/www.birthmarkcare.com\/es\/telangiectasia-hemorragica-hereditaria\/","title":{"rendered":"Telangiectasia Hemorr\u00e1gica Hereditaria"},"content":{"rendered":"<p>La telangiectasia hemorr\u00e1gica hereditaria es un trastorno causante del desarrollo de un n\u00famero de anormalidades en los vasos sangu\u00edneos, que pueden llegar a afectar a los diferentes sistemas del cuerpo. La naturaleza del flujo sangu\u00edneo hace que la sangre rica en ox\u00edgeno viaje desde los pulmones hasta el coraz\u00f3n y luego se bombee a las arterias. Este proceso requiere de una presi\u00f3n arterial lo suficientemente elevada como para hacer que la sangre viaje a las arteriolas y capilares y suministre, de manera eficaz, suficiente ox\u00edgeno a los diferentes tejidos del cuerpo.<\/p>\n<p>En esta etapa, la presi\u00f3n del flujo sangu\u00edneo debe ser mucho menor, para que pueda continuar el ciclo a trav\u00e9s de las venas y regresar al coraz\u00f3n. Sin embargo, en pacientes con telangiectasia hemorr\u00e1gica hereditaria, ciertos vasos arteriales evitan los capilares, enviando la sangre directamente a las venas, lo que suele dar como resultado anomal\u00edas conocidas como malformaciones arteriovenosas. Las venas no est\u00e1n dise\u00f1adas para soportar una presi\u00f3n m\u00e1s alta debido a su menor elasticidad, lo que lleva a que los vasos sangu\u00edneos se dilaten y agranden.<\/p>\n<p>La anemia por deficiencia de hierro es uno de los s\u00edntomas m\u00e1s comunes de la telangiectasia hemorr\u00e1gica hereditaria o HHT, por sus siglas en ingl\u00e9s, provocada por la epistaxis y el sangrado gastrointestinal. El suministro de suplementos de hierro puede ayudar. Sin embargo, los pacientes pudieran requerir transfusiones de sangre durante el transcurso de sus vidas. Una vez que se les ha diagnosticado HHT, es crucial que comiencen el tratamiento indicado de inmediato. El <a href=\"https:\/\/www.birthmarkcare.com\/es\/\">Vascular Birthmark Center \/ Centro de Marcas Vasculares de Nacimiento<\/a>, puede ayudarle proporcionando una evaluaci\u00f3n y asesor\u00e1ndole acerca de las distintas opciones de tratamientos basados en sus necesidades espec\u00edficas. La mayor\u00eda de los pacientes necesita un enfoque de medicina combinada para sus tratamientos, lo que requiere de un n\u00famero de especialistas que trabajen en sincron\u00eda, reduciendo as\u00ed el impacto de los factores de riesgo asociados.<\/p>\n<h2>Epistaxis Recurrente<\/h2>\n<p>La epistaxis es una complicaci\u00f3n secundaria de la HHT, que ocurre en la mucosa nasal. En las c\u00e9lulas sangu\u00edneas se provoca una erupci\u00f3n debido al aire seco extra\u00eddo por la nariz, lo que ocasiona hemorragias nasales recurrentes. M\u00e1s del 90% de los enfermos de HHT probablemente experimentan la epistaxis como el primer y m\u00e1s frecuente s\u00edntoma, lo que significa que al menos otro 10% puede que ni siquiera sepa que lo est\u00e1 padeciendo.<\/p>\n<p>Si tiene antecedentes familiares de HHT o trastornos relacionados, es importante que usted y sus hijos se examinen para detectar si pudiera existir un componente gen\u00e9tico. Se est\u00e1n llevando a cabo un gran n\u00famero de estudios encaminados a desarrollar mejores opciones de tratamientos contra la HHT. Pero mientras tanto, la mejor garant\u00eda para que las afecciones de este padecimiento se manejen adecuadamente radicar\u00e1 en la eficaz cooperaci\u00f3n entre el equipo de m\u00e9dicos y el paciente.<\/p>\n<p>Si su hijo o hija ha comenzado recientemente a sufrir de epistaxis recurrente, <a href=\"https:\/\/www.birthmarkcare.com\/es\/consulta-en-linea-gratuita\/\">comun\u00edquese con el Vascular Birthmark Center \/ Centro de Marcas Vasculares de Nacimiento<\/a> y programe una consulta inmediatamente. Un diagn\u00f3stico temprano es siempre la clave para combatir los impactos tanto de la HHT como de cualquier otra complicaci\u00f3n asociada. El Dr. Greg Levitin y su equipo est\u00e1n a su disposici\u00f3n para ofrecerle la asesor\u00eda y orientaci\u00f3n que necesitan usted o sus hijos.<\/p>\n","protected":false},"excerpt":{"rendered":"<p>La telangiectasia hemorr\u00e1gica hereditaria es un trastorno causante del desarrollo de un n\u00famero de anormalidades en los vasos sangu\u00edneos, que<\/p>\n<p><a class=\"button\" href=\"https:\/\/www.birthmarkcare.com\/es\/telangiectasia-hemorragica-hereditaria\/\">Leer el art\u00edculo completo<\/a><\/p>\n","protected":false},"author":1,"featured_media":0,"parent":0,"menu_order":0,"comment_status":"closed","ping_status":"closed","template":"","meta":{"_acf_changed":false,"footnotes":""},"class_list":["post-1283","page","type-page","status-publish"],"acf":[],"yoast_head":"<!-- This site is optimized with the Yoast SEO plugin v25.7 - https:\/\/yoast.com\/wordpress\/plugins\/seo\/ -->\n<title>Telangiectasia Hemorr\u00e1gica Hereditaria en Nueva York | Epistaxis Recurrente en Los \u00c1ngeles<\/title>\n<meta name=\"description\" content=\"La telangiectasia hemorr\u00e1gica hereditaria puede tener un efecto devastador sobre la vida de una persona joven. Para obtener m\u00e1s informaci\u00f3n sobre los s\u00edntomas, el diagn\u00f3stico y las opciones de tratamientos, comun\u00edquese hoy mismo con el Vascular Birthmark Center \/ Centro de Marcas Vasculares de Nacimiento.\" \/>\n<meta name=\"robots\" content=\"index, follow, max-snippet:-1, max-image-preview:large, max-video-preview:-1\" \/>\n<link rel=\"canonical\" href=\"https:\/\/www.birthmarkcare.com\/es\/telangiectasia-hemorragica-hereditaria\/\" \/>\n<meta property=\"og:locale\" content=\"es_ES\" \/>\n<meta property=\"og:type\" content=\"article\" \/>\n<meta property=\"og:title\" content=\"Telangiectasia Hemorr\u00e1gica Hereditaria en Nueva York | Epistaxis Recurrente en Los \u00c1ngeles\" \/>\n<meta property=\"og:description\" content=\"La telangiectasia hemorr\u00e1gica hereditaria puede tener un efecto devastador sobre la vida de una persona joven. Para obtener m\u00e1s informaci\u00f3n sobre los s\u00edntomas, el diagn\u00f3stico y las opciones de tratamientos, comun\u00edquese hoy mismo con el Vascular Birthmark Center \/ Centro de Marcas Vasculares de Nacimiento.\" \/>\n<meta property=\"og:url\" content=\"https:\/\/www.birthmarkcare.com\/es\/telangiectasia-hemorragica-hereditaria\/\" \/>\n<meta property=\"og:site_name\" content=\"The Vascular Birthmark Center: Gregory M. Levitin, MD\" \/>\n<meta property=\"article:modified_time\" content=\"2021-09-07T15:48:37+00:00\" \/>\n<meta name=\"twitter:card\" content=\"summary_large_image\" \/>\n<meta name=\"twitter:label1\" content=\"Tiempo de lectura\" \/>\n\t<meta name=\"twitter:data1\" content=\"3 minutos\" \/>\n<script type=\"application\/ld+json\" class=\"yoast-schema-graph\">{\"@context\":\"https:\/\/schema.org\",\"@graph\":[{\"@type\":\"WebPage\",\"@id\":\"https:\/\/www.birthmarkcare.com\/es\/telangiectasia-hemorragica-hereditaria\/\",\"url\":\"https:\/\/www.birthmarkcare.com\/es\/telangiectasia-hemorragica-hereditaria\/\",\"name\":\"Telangiectasia Hemorr\u00e1gica Hereditaria en Nueva York | Epistaxis Recurrente en Los \u00c1ngeles\",\"isPartOf\":{\"@id\":\"https:\/\/www.birthmarkcare.com\/es\/#website\"},\"datePublished\":\"2021-08-23T09:15:11+00:00\",\"dateModified\":\"2021-09-07T15:48:37+00:00\",\"description\":\"La telangiectasia hemorr\u00e1gica hereditaria puede tener un efecto devastador sobre la vida de una persona joven. Para obtener m\u00e1s informaci\u00f3n sobre los s\u00edntomas, el diagn\u00f3stico y las opciones de tratamientos, comun\u00edquese hoy mismo con el Vascular Birthmark Center \/ Centro de Marcas Vasculares de Nacimiento.\",\"breadcrumb\":{\"@id\":\"https:\/\/www.birthmarkcare.com\/es\/telangiectasia-hemorragica-hereditaria\/#breadcrumb\"},\"inLanguage\":\"es\",\"potentialAction\":[{\"@type\":\"ReadAction\",\"target\":[\"https:\/\/www.birthmarkcare.com\/es\/telangiectasia-hemorragica-hereditaria\/\"]}]},{\"@type\":\"BreadcrumbList\",\"@id\":\"https:\/\/www.birthmarkcare.com\/es\/telangiectasia-hemorragica-hereditaria\/#breadcrumb\",\"itemListElement\":[{\"@type\":\"ListItem\",\"position\":1,\"name\":\"Home\",\"item\":\"https:\/\/www.birthmarkcare.com\/es\/\"},{\"@type\":\"ListItem\",\"position\":2,\"name\":\"Telangiectasia Hemorr\u00e1gica Hereditaria\"}]},{\"@type\":\"WebSite\",\"@id\":\"https:\/\/www.birthmarkcare.com\/es\/#website\",\"url\":\"https:\/\/www.birthmarkcare.com\/es\/\",\"name\":\"The Vascular Birthmark Center: Gregory M. Levitin, MD\",\"description\":\"\",\"potentialAction\":[{\"@type\":\"SearchAction\",\"target\":{\"@type\":\"EntryPoint\",\"urlTemplate\":\"https:\/\/www.birthmarkcare.com\/es\/?s={search_term_string}\"},\"query-input\":{\"@type\":\"PropertyValueSpecification\",\"valueRequired\":true,\"valueName\":\"search_term_string\"}}],\"inLanguage\":\"es\"}]}<\/script>\n<!-- \/ Yoast SEO plugin. -->","yoast_head_json":{"title":"Telangiectasia Hemorr\u00e1gica Hereditaria en Nueva York | Epistaxis Recurrente en Los \u00c1ngeles","description":"La telangiectasia hemorr\u00e1gica hereditaria puede tener un efecto devastador sobre la vida de una persona joven. Para obtener m\u00e1s informaci\u00f3n sobre los s\u00edntomas, el diagn\u00f3stico y las opciones de tratamientos, comun\u00edquese hoy mismo con el Vascular Birthmark Center \/ Centro de Marcas Vasculares de Nacimiento.","robots":{"index":"index","follow":"follow","max-snippet":"max-snippet:-1","max-image-preview":"max-image-preview:large","max-video-preview":"max-video-preview:-1"},"canonical":"https:\/\/www.birthmarkcare.com\/es\/telangiectasia-hemorragica-hereditaria\/","og_locale":"es_ES","og_type":"article","og_title":"Telangiectasia Hemorr\u00e1gica Hereditaria en Nueva York | Epistaxis Recurrente en Los \u00c1ngeles","og_description":"La telangiectasia hemorr\u00e1gica hereditaria puede tener un efecto devastador sobre la vida de una persona joven. Para obtener m\u00e1s informaci\u00f3n sobre los s\u00edntomas, el diagn\u00f3stico y las opciones de tratamientos, comun\u00edquese hoy mismo con el Vascular Birthmark Center \/ Centro de Marcas Vasculares de Nacimiento.","og_url":"https:\/\/www.birthmarkcare.com\/es\/telangiectasia-hemorragica-hereditaria\/","og_site_name":"The Vascular Birthmark Center: Gregory M. Levitin, MD","article_modified_time":"2021-09-07T15:48:37+00:00","twitter_card":"summary_large_image","twitter_misc":{"Tiempo de lectura":"3 minutos"},"schema":{"@context":"https:\/\/schema.org","@graph":[{"@type":"WebPage","@id":"https:\/\/www.birthmarkcare.com\/es\/telangiectasia-hemorragica-hereditaria\/","url":"https:\/\/www.birthmarkcare.com\/es\/telangiectasia-hemorragica-hereditaria\/","name":"Telangiectasia Hemorr\u00e1gica Hereditaria en Nueva York | Epistaxis Recurrente en Los \u00c1ngeles","isPartOf":{"@id":"https:\/\/www.birthmarkcare.com\/es\/#website"},"datePublished":"2021-08-23T09:15:11+00:00","dateModified":"2021-09-07T15:48:37+00:00","description":"La telangiectasia hemorr\u00e1gica hereditaria puede tener un efecto devastador sobre la vida de una persona joven. Para obtener m\u00e1s informaci\u00f3n sobre los s\u00edntomas, el diagn\u00f3stico y las opciones de tratamientos, comun\u00edquese hoy mismo con el Vascular Birthmark Center \/ Centro de Marcas Vasculares de Nacimiento.","breadcrumb":{"@id":"https:\/\/www.birthmarkcare.com\/es\/telangiectasia-hemorragica-hereditaria\/#breadcrumb"},"inLanguage":"es","potentialAction":[{"@type":"ReadAction","target":["https:\/\/www.birthmarkcare.com\/es\/telangiectasia-hemorragica-hereditaria\/"]}]},{"@type":"BreadcrumbList","@id":"https:\/\/www.birthmarkcare.com\/es\/telangiectasia-hemorragica-hereditaria\/#breadcrumb","itemListElement":[{"@type":"ListItem","position":1,"name":"Home","item":"https:\/\/www.birthmarkcare.com\/es\/"},{"@type":"ListItem","position":2,"name":"Telangiectasia Hemorr\u00e1gica Hereditaria"}]},{"@type":"WebSite","@id":"https:\/\/www.birthmarkcare.com\/es\/#website","url":"https:\/\/www.birthmarkcare.com\/es\/","name":"The Vascular Birthmark Center: Gregory M. Levitin, MD","description":"","potentialAction":[{"@type":"SearchAction","target":{"@type":"EntryPoint","urlTemplate":"https:\/\/www.birthmarkcare.com\/es\/?s={search_term_string}"},"query-input":{"@type":"PropertyValueSpecification","valueRequired":true,"valueName":"search_term_string"}}],"inLanguage":"es"}]}},"_links":{"self":[{"href":"https:\/\/www.birthmarkcare.com\/es\/wp-json\/wp\/v2\/pages\/1283","targetHints":{"allow":["GET"]}}],"collection":[{"href":"https:\/\/www.birthmarkcare.com\/es\/wp-json\/wp\/v2\/pages"}],"about":[{"href":"https:\/\/www.birthmarkcare.com\/es\/wp-json\/wp\/v2\/types\/page"}],"author":[{"embeddable":true,"href":"https:\/\/www.birthmarkcare.com\/es\/wp-json\/wp\/v2\/users\/1"}],"replies":[{"embeddable":true,"href":"https:\/\/www.birthmarkcare.com\/es\/wp-json\/wp\/v2\/comments?post=1283"}],"version-history":[{"count":3,"href":"https:\/\/www.birthmarkcare.com\/es\/wp-json\/wp\/v2\/pages\/1283\/revisions"}],"predecessor-version":[{"id":1453,"href":"https:\/\/www.birthmarkcare.com\/es\/wp-json\/wp\/v2\/pages\/1283\/revisions\/1453"}],"wp:attachment":[{"href":"https:\/\/www.birthmarkcare.com\/es\/wp-json\/wp\/v2\/media?parent=1283"}],"curies":[{"name":"wp","href":"https:\/\/api.w.org\/{rel}","templated":true}]}}