{"id":1296,"date":"2021-08-23T09:42:23","date_gmt":"2021-08-23T09:42:23","guid":{"rendered":"https:\/\/www.birthmarkcare.com\/?page_id=1296"},"modified":"2021-09-07T15:51:30","modified_gmt":"2021-09-07T15:51:30","slug":"tratamientos","status":"publish","type":"page","link":"https:\/\/www.birthmarkcare.com\/es\/tratamientos\/","title":{"rendered":"Tratamientos"},"content":{"rendered":"<p>En el <a href=\"https:\/\/www.birthmarkcare.com\/es\/\">Vascular Birthmark Center \/ Centro de Marcas Vasculares de Nacimiento<\/a>, el Dr. Greg Levitin y su equipo se dedican a proporcionar tanto a adultos como a ni\u00f1os y ni\u00f1as un diagn\u00f3stico preciso acerca de las marcas o malformaciones vasculares de nacimiento. El diagn\u00f3stico temprano desempe\u00f1a un papel clave a la hora de garantizar que los pacientes reciban el tratamiento adecuado utilizando las herramientas y t\u00e9cnicas m\u00e1s avanzadas, disponibles en la materia. La informaci\u00f3n tiene un papel important\u00edsimo en el trabajo que llevamos a cabo, por lo que siempre animamos a nuestros pacientes y a sus padres a preguntar cuanto sea necesario para adquirir todo el conocimiento posible sobre el problema que les afecta.<\/p>\n<p>Fomentamos que en todo momento exista un ambiente propicio para la relajaci\u00f3n y que promueva la curaci\u00f3n. El Dr. Greg Levitin tiene un especial inter\u00e9s personal en asegurar que cada paciente reciba la excelente atenci\u00f3n que \u00e9l o ella se merecen. Su pasi\u00f3n por esta especialidad proviene de su propia experiencia personal vivida con una de sus hijas gemelas, que sufr\u00eda de un gran hemangioma, y a la que acompa\u00f1\u00f3 primero por opciones de terapias m\u00e9dicas, pasando por el l\u00e1ser y acabando, finalmente, en un tratamiento quir\u00fargico.<\/p>\n<ul>\n<li>Terapia L\u00e1ser<\/li>\n<li>Terapia M\u00e9dica<\/li>\n<li>Terapia quir\u00fargica<\/li>\n<\/ul>\n<p>Como resultado de sus propias experiencias y llegando a la conclusi\u00f3n de que hab\u00eda una necesidad de mejorar los tratamientos de las marcas y malformaciones vasculares de nacimiento, el Dr. Levitin desarroll\u00f3 su carrera principal en este campo. Fue aqu\u00ed donde sobresali\u00f3, perfeccionando sus habilidades y t\u00e9cnicas tras d\u00e9cadas de servicio al pueblo de los Estados Unidos. Actualmente, los pacientes del Dr. Greg Levitin y del Vascular Birthmark Center \/ Centro de Marcas Vasculares de Nacimiento, tienen la opci\u00f3n de visitar cualquiera de sus dos consultorios, ubicados en Nueva York y en Los \u00c1ngeles.<\/p>\n<p>Basado en la evaluaci\u00f3n integral de los s\u00edntomas que usted o su hijo presenten, el Vascular Birthmark Center \/ Centro de Marcas Vasculares de Nacimiento, puede recomendarle un plan de tratamiento que le proporcionar\u00e1 el camino m\u00e1s r\u00e1pido y efectivo hacia su recuperaci\u00f3n. Una parte importante de la cirug\u00eda, especialmente la que conlleva tratamientos relacionados con la cara o el cuello, tiene por objeto la protecci\u00f3n del tejido nervioso. En la mayor\u00eda de los centros, existe un 50% de probabilidades de que los nervios faciales sufran un da\u00f1o durante el tratamiento. Sin embargo, el Dr. Greg Levitin ha sido capaz de reducir este riesgo a menos del 1% mediante el uso de un sistema intraoperatorio de monitoreo de nervios.<\/p>\n<h2>Tratamiento y Empat\u00eda<\/h2>\n<p>Una de las principales diferencias que notar\u00e1 cuando acuda para su tratamiento al Vascular Birthmark Center \/ Centro de Marcas Vasculares de Nacimiento, ser\u00e1 el gran apoyo que recibir\u00e1 por parte del Dr. Greg Levitin y su equipo. Hemos unido todos nuestros recursos con la Vascular Birthmarks Foundation (VBF) para ofrecer a los pacientes una mejor experiencia, en la que nunca se sientan solos, en ninguna etapa de su tratamiento. Desde la primera toma de contacto, pasando por la recepci\u00f3n del diagn\u00f3stico y el tratamiento, nuestro equipo estar\u00e1 en todo momento a su lado, proporcion\u00e1ndole toda la ayuda y apoyo que necesite.<\/p>\n<p>Para obtener m\u00e1s informaci\u00f3n sobre nuestras opciones m\u00e9dicas, terapias con l\u00e1ser y tratamientos quir\u00fargicos, y de c\u00f3mo ser\u00e1n aplicados, acceda a trav\u00e9s de los v\u00ednculos que ver\u00e1 en este portal. Si usted tiene alguna pregunta espec\u00edfica, tambi\u00e9n encontrar\u00e1 de utilidad nuestra secci\u00f3n de Preguntas frecuentes (FAQs). Adicionalmente, <a href=\"https:\/\/www.birthmarkcare.com\/es\/consulta-en-linea-gratuita\/\">le invitamos a ponerse en contacto con nosotros a trav\u00e9s de nuestra p\u00e1gina web para programar una consulta gratuita<\/a>.<\/p>\n","protected":false},"excerpt":{"rendered":"<p>En el Vascular Birthmark Center \/ Centro de Marcas Vasculares de Nacimiento, el Dr. Greg Levitin y su equipo se<\/p>\n<p><a class=\"button\" href=\"https:\/\/www.birthmarkcare.com\/es\/tratamientos\/\">Leer el art\u00edculo completo<\/a><\/p>\n","protected":false},"author":1,"featured_media":0,"parent":0,"menu_order":0,"comment_status":"closed","ping_status":"closed","template":"","meta":{"_acf_changed":false,"footnotes":""},"class_list":["post-1296","page","type-page","status-publish"],"acf":[],"yoast_head":"<!-- This site is optimized with the Yoast SEO plugin v27.4 - https:\/\/yoast.com\/product\/yoast-seo-wordpress\/ -->\n<title>Opciones de Tratamiento para las Marcas Vasculares de Nacimiento, Hemangiomas | Los \u00c1ngeles, Nueva York<\/title>\n<meta name=\"description\" content=\"\u00bfCu\u00e1les son las opciones de tratamientos disponibles en el Vascular Birthmark Center \/ Centro de Marcas Vasculares de Nacimiento? Llame hoy y conozca todo lo que necesita saber, desde el diagn\u00f3stico hasta los tratamientos m\u00e1s adecuados para usted.\" \/>\n<meta name=\"robots\" content=\"index, follow, max-snippet:-1, max-image-preview:large, max-video-preview:-1\" \/>\n<link rel=\"canonical\" href=\"https:\/\/www.birthmarkcare.com\/es\/tratamientos\/\" \/>\n<meta property=\"og:locale\" content=\"es_ES\" \/>\n<meta property=\"og:type\" content=\"article\" \/>\n<meta property=\"og:title\" content=\"Opciones de Tratamiento para las Marcas Vasculares de Nacimiento, Hemangiomas | Los \u00c1ngeles, Nueva York\" \/>\n<meta property=\"og:description\" content=\"\u00bfCu\u00e1les son las opciones de tratamientos disponibles en el Vascular Birthmark Center \/ Centro de Marcas Vasculares de Nacimiento? Llame hoy y conozca todo lo que necesita saber, desde el diagn\u00f3stico hasta los tratamientos m\u00e1s adecuados para usted.\" \/>\n<meta property=\"og:url\" content=\"https:\/\/www.birthmarkcare.com\/es\/tratamientos\/\" \/>\n<meta property=\"og:site_name\" content=\"The Vascular Birthmark Center: Gregory M. Levitin, MD\" \/>\n<meta property=\"article:modified_time\" content=\"2021-09-07T15:51:30+00:00\" \/>\n<meta name=\"twitter:card\" content=\"summary_large_image\" \/>\n<meta name=\"twitter:label1\" content=\"Tiempo de lectura\" \/>\n\t<meta name=\"twitter:data1\" content=\"3 minutos\" \/>\n<script type=\"application\/ld+json\" class=\"yoast-schema-graph\">{\"@context\":\"https:\\\/\\\/schema.org\",\"@graph\":[{\"@type\":\"WebPage\",\"@id\":\"https:\\\/\\\/www.birthmarkcare.com\\\/es\\\/tratamientos\\\/\",\"url\":\"https:\\\/\\\/www.birthmarkcare.com\\\/es\\\/tratamientos\\\/\",\"name\":\"Opciones de Tratamiento para las Marcas Vasculares de Nacimiento, Hemangiomas | Los \u00c1ngeles, Nueva York\",\"isPartOf\":{\"@id\":\"https:\\\/\\\/www.birthmarkcare.com\\\/es\\\/#website\"},\"datePublished\":\"2021-08-23T09:42:23+00:00\",\"dateModified\":\"2021-09-07T15:51:30+00:00\",\"description\":\"\u00bfCu\u00e1les son las opciones de tratamientos disponibles en el Vascular Birthmark Center \\\/ Centro de Marcas Vasculares de Nacimiento? Llame hoy y conozca todo lo que necesita saber, desde el diagn\u00f3stico hasta los tratamientos m\u00e1s adecuados para usted.\",\"breadcrumb\":{\"@id\":\"https:\\\/\\\/www.birthmarkcare.com\\\/es\\\/tratamientos\\\/#breadcrumb\"},\"inLanguage\":\"es\",\"potentialAction\":[{\"@type\":\"ReadAction\",\"target\":[\"https:\\\/\\\/www.birthmarkcare.com\\\/es\\\/tratamientos\\\/\"]}]},{\"@type\":\"BreadcrumbList\",\"@id\":\"https:\\\/\\\/www.birthmarkcare.com\\\/es\\\/tratamientos\\\/#breadcrumb\",\"itemListElement\":[{\"@type\":\"ListItem\",\"position\":1,\"name\":\"Home\",\"item\":\"https:\\\/\\\/www.birthmarkcare.com\\\/es\\\/\"},{\"@type\":\"ListItem\",\"position\":2,\"name\":\"Tratamientos\"}]},{\"@type\":\"WebSite\",\"@id\":\"https:\\\/\\\/www.birthmarkcare.com\\\/es\\\/#website\",\"url\":\"https:\\\/\\\/www.birthmarkcare.com\\\/es\\\/\",\"name\":\"The Vascular Birthmark Center: Gregory M. Levitin, MD\",\"description\":\"\",\"potentialAction\":[{\"@type\":\"SearchAction\",\"target\":{\"@type\":\"EntryPoint\",\"urlTemplate\":\"https:\\\/\\\/www.birthmarkcare.com\\\/es\\\/?s={search_term_string}\"},\"query-input\":{\"@type\":\"PropertyValueSpecification\",\"valueRequired\":true,\"valueName\":\"search_term_string\"}}],\"inLanguage\":\"es\"}]}<\/script>\n<!-- \/ Yoast SEO plugin. -->","yoast_head_json":{"title":"Opciones de Tratamiento para las Marcas Vasculares de Nacimiento, Hemangiomas | Los \u00c1ngeles, Nueva York","description":"\u00bfCu\u00e1les son las opciones de tratamientos disponibles en el Vascular Birthmark Center \/ Centro de Marcas Vasculares de Nacimiento? Llame hoy y conozca todo lo que necesita saber, desde el diagn\u00f3stico hasta los tratamientos m\u00e1s adecuados para usted.","robots":{"index":"index","follow":"follow","max-snippet":"max-snippet:-1","max-image-preview":"max-image-preview:large","max-video-preview":"max-video-preview:-1"},"canonical":"https:\/\/www.birthmarkcare.com\/es\/tratamientos\/","og_locale":"es_ES","og_type":"article","og_title":"Opciones de Tratamiento para las Marcas Vasculares de Nacimiento, Hemangiomas | Los \u00c1ngeles, Nueva York","og_description":"\u00bfCu\u00e1les son las opciones de tratamientos disponibles en el Vascular Birthmark Center \/ Centro de Marcas Vasculares de Nacimiento? Llame hoy y conozca todo lo que necesita saber, desde el diagn\u00f3stico hasta los tratamientos m\u00e1s adecuados para usted.","og_url":"https:\/\/www.birthmarkcare.com\/es\/tratamientos\/","og_site_name":"The Vascular Birthmark Center: Gregory M. Levitin, MD","article_modified_time":"2021-09-07T15:51:30+00:00","twitter_card":"summary_large_image","twitter_misc":{"Tiempo de lectura":"3 minutos"},"schema":{"@context":"https:\/\/schema.org","@graph":[{"@type":"WebPage","@id":"https:\/\/www.birthmarkcare.com\/es\/tratamientos\/","url":"https:\/\/www.birthmarkcare.com\/es\/tratamientos\/","name":"Opciones de Tratamiento para las Marcas Vasculares de Nacimiento, Hemangiomas | Los \u00c1ngeles, Nueva York","isPartOf":{"@id":"https:\/\/www.birthmarkcare.com\/es\/#website"},"datePublished":"2021-08-23T09:42:23+00:00","dateModified":"2021-09-07T15:51:30+00:00","description":"\u00bfCu\u00e1les son las opciones de tratamientos disponibles en el Vascular Birthmark Center \/ Centro de Marcas Vasculares de Nacimiento? Llame hoy y conozca todo lo que necesita saber, desde el diagn\u00f3stico hasta los tratamientos m\u00e1s adecuados para usted.","breadcrumb":{"@id":"https:\/\/www.birthmarkcare.com\/es\/tratamientos\/#breadcrumb"},"inLanguage":"es","potentialAction":[{"@type":"ReadAction","target":["https:\/\/www.birthmarkcare.com\/es\/tratamientos\/"]}]},{"@type":"BreadcrumbList","@id":"https:\/\/www.birthmarkcare.com\/es\/tratamientos\/#breadcrumb","itemListElement":[{"@type":"ListItem","position":1,"name":"Home","item":"https:\/\/www.birthmarkcare.com\/es\/"},{"@type":"ListItem","position":2,"name":"Tratamientos"}]},{"@type":"WebSite","@id":"https:\/\/www.birthmarkcare.com\/es\/#website","url":"https:\/\/www.birthmarkcare.com\/es\/","name":"The Vascular Birthmark Center: Gregory M. Levitin, MD","description":"","potentialAction":[{"@type":"SearchAction","target":{"@type":"EntryPoint","urlTemplate":"https:\/\/www.birthmarkcare.com\/es\/?s={search_term_string}"},"query-input":{"@type":"PropertyValueSpecification","valueRequired":true,"valueName":"search_term_string"}}],"inLanguage":"es"}]}},"_links":{"self":[{"href":"https:\/\/www.birthmarkcare.com\/es\/wp-json\/wp\/v2\/pages\/1296","targetHints":{"allow":["GET"]}}],"collection":[{"href":"https:\/\/www.birthmarkcare.com\/es\/wp-json\/wp\/v2\/pages"}],"about":[{"href":"https:\/\/www.birthmarkcare.com\/es\/wp-json\/wp\/v2\/types\/page"}],"author":[{"embeddable":true,"href":"https:\/\/www.birthmarkcare.com\/es\/wp-json\/wp\/v2\/users\/1"}],"replies":[{"embeddable":true,"href":"https:\/\/www.birthmarkcare.com\/es\/wp-json\/wp\/v2\/comments?post=1296"}],"version-history":[{"count":3,"href":"https:\/\/www.birthmarkcare.com\/es\/wp-json\/wp\/v2\/pages\/1296\/revisions"}],"predecessor-version":[{"id":1454,"href":"https:\/\/www.birthmarkcare.com\/es\/wp-json\/wp\/v2\/pages\/1296\/revisions\/1454"}],"wp:attachment":[{"href":"https:\/\/www.birthmarkcare.com\/es\/wp-json\/wp\/v2\/media?parent=1296"}],"curies":[{"name":"wp","href":"https:\/\/api.w.org\/{rel}","templated":true}]}}