{"id":1299,"date":"2021-08-23T09:49:38","date_gmt":"2021-08-23T09:49:38","guid":{"rendered":"https:\/\/www.birthmarkcare.com\/?page_id=1299"},"modified":"2021-09-07T15:37:49","modified_gmt":"2021-09-07T15:37:49","slug":"marcas-vasculares-de-nacimiento","status":"publish","type":"page","link":"https:\/\/www.birthmarkcare.com\/es\/marcas-vasculares-de-nacimiento\/","title":{"rendered":"Marcas Vasculares de Nacimiento"},"content":{"rendered":"<p>Una marca vascular de nacimiento es el resultado de vasos sangu\u00edneos que no se han formado correctamente. Los s\u00edntomas externos que \u00e9stas provocan incluyen la decoloraci\u00f3n de la piel o las lesiones protuberantes. Una inadecuada supervisi\u00f3n del nervio facial durante el tratamiento puede incrementar hasta un 50% las posibilidades de que se produzca un da\u00f1o en el mismo nervio. Sin embargo, el Dr. Greg Levitin utiliza un sistema intraoperatorio de monitoreo de nervios, que le ha permitido reducir este riesgo a menos del 1%.<\/p>\n<p><a href=\"https:\/\/www.birthmarkcare.com\/es\/\">En el Vascular Birthmark Center \/ Centro de Marcas Vasculares de Nacimiento<\/a>, ofrecemos una gran variedad de opciones de tratamientos de las marcas de nacimiento cong\u00e9nitas, lipomatosis cong\u00e9nita, neurofibromatosis, nevus (pigmentados y no pigmentados), neurofibromas plexiformes y otras marcas vasculares de nacimiento. El Dr. Levitin llevar\u00e1 a cabo un detallado y experto diagn\u00f3stico en nuestros consultorios, en medio de un ambiente c\u00f3modo y agradable, donde podr\u00e1 hacer todas las preguntas que necesite y aclarar todas sus dudas.<\/p>\n<h2>Diagn\u00f3stico de Marcas Vasculares de Nacimiento<\/h2>\n<p>Las marcas vasculares de nacimiento pueden estar presentes al nacer o tambi\u00e9n aparecer unos meses m\u00e1s tarde. El Dr. Greg Levitin es especialista en el diagn\u00f3stico y el tratamiento de marcas vasculares de nacimiento, con consultorios en Nueva York y Los \u00c1ngeles. Siempre es importante buscar el diagn\u00f3stico correcto de una marca vascular de nacimiento, especialmente en la infancia pues, aunque en un peque\u00f1o porcentaje, en ocasiones pudieran representar una seria amenaza para la salud.<\/p>\n<h3>Opciones de Tratamiento<\/h3>\n<p>El tipo de tratamiento que usted o su hijo reciban en el Vascular Birthmark Center \/ Centro de Marcas Vasculares de Nacimiento, depender\u00e1 de la clase de marca que presente, su tama\u00f1o y su localizaci\u00f3n en el cuerpo. El Dr. Levitin siempre buscar\u00e1 hacer uso de tratamientos m\u00e9dicos, antes de aplicar terapias con l\u00e1ser u otras opciones quir\u00fargicas, que s\u00f3lo utilizar\u00e1 cuando sea apropiado. Sin embargo, en el Vascular Birthmark Center \/ Centro de Marcas Vasculares de Nacimiento, tambi\u00e9n nos comprometemos a garantizar que nuestros pacientes inicien lo antes posible un tratamiento efectivo, por lo que la realizaci\u00f3n de un diagn\u00f3stico correcto y completo se vuelve imprescindible para alcanzar una resoluci\u00f3n satisfactoria para usted.<\/p>\n<ul>\n<li><a href=\"https:\/\/www.birthmarkcare.com\/es\/marcas-vasculares-de-nacimiento\/marcas-de-nacimiento-congenitas\/\">Marcas de Nacimiento Cong\u00e9nitas<\/a><\/li>\n<li><a href=\"https:\/\/www.birthmarkcare.com\/es\/marcas-vasculares-de-nacimiento\/lipomatosis-congenita\/\">Lipomatosis Cong\u00e9nita<\/a><\/li>\n<li><a href=\"https:\/\/www.birthmarkcare.com\/es\/marcas-vasculares-de-nacimiento\/neurofibromatosis\/\">Neurofibromatosis<\/a><\/li>\n<li>Nevus (pigmentado y no pigmentado)<\/li>\n<li>Neurofibromas Plexiformes<\/li>\n<\/ul>\n<p>La terapia con l\u00e1ser es una t\u00e9cnica que utiliza una serie de l\u00e1seres, debidamente calibrados a diferentes longitudes de onda, con el fin de obtener el resultado deseado. Mientras que esta pr\u00e1ctica, realizada de manera tradicional aborda principalmente la decoloraci\u00f3n visible de las marcas vasculares de nacimiento, el Dr. Greg Levitin emplea una amplia gama de l\u00e1seres que le permite tratar una variedad mayor de \u00e9stas, de forma m\u00e1s efectiva y sin la necesidad de cirug\u00eda.<\/p>\n<p>Aunque habitualmente la cirug\u00eda se debe considerar la \u00faltima opci\u00f3n de tratamiento, la experiencia, los m\u00e9todos y las cualidades del Dr. Greg Levitin se traducen en excelentes resultados que arrojan menos de un 1% de probabilidades de causar da\u00f1o a los nervios faciales durante el procedimiento. Los ni\u00f1os y ni\u00f1as de tan solo 6 meses en adelante, dependiendo de los resultados que arrojen durante la consulta y el posterior diagn\u00f3stico del Dr. Levitin, podr\u00edan ser candidatos aptos a someterse a una cirug\u00eda en el Vascular Birthmark Center \/ Centro de Marcas Vasculares de Nacimiento. La cicatrices que resultan son m\u00ednimas y los pacientes reciben toda la informaci\u00f3n e indicaciones a seguir, para disfrutar de una recuperaci\u00f3n r\u00e1pida y satisfactoria.<\/p>\n<p>Si usted desea saber m\u00e1s sobre las opciones de tratamientos de las marcas vasculares de nacimiento que se llevan a cabo en el Vascular Birthmark Center \/ Centro de Marcas Vasculares de Nacimiento, <a href=\"https:\/\/www.birthmarkcare.com\/es\/consulta-en-linea-gratuita\/\">cont\u00e1ctenos<\/a> hoy mismo y programe una consulta con el Dr. Greg Levitin en sus consultorios en la ciudad de Nueva York. \u00a1Esperamos contar pronto con su confianza y tener noticias suyas pr\u00f3ximamente!<\/p>\n","protected":false},"excerpt":{"rendered":"<p>Una marca vascular de nacimiento es el resultado de vasos sangu\u00edneos que no se han formado correctamente. Los s\u00edntomas externos<\/p>\n<p><a class=\"button\" href=\"https:\/\/www.birthmarkcare.com\/es\/marcas-vasculares-de-nacimiento\/\">Leer el art\u00edculo completo<\/a><\/p>\n","protected":false},"author":1,"featured_media":0,"parent":0,"menu_order":0,"comment_status":"closed","ping_status":"closed","template":"","meta":{"_acf_changed":false,"footnotes":""},"class_list":["post-1299","page","type-page","status-publish"],"acf":[],"yoast_head":"<!-- This site is optimized with the Yoast SEO plugin v27.4 - https:\/\/yoast.com\/product\/yoast-seo-wordpress\/ -->\n<title>Tratamiento y Eliminaci\u00f3n de Marcas Vasculares de Nacimiento en Nueva York | Los \u00c1ngeles, Nueva York<\/title>\n<meta name=\"description\" content=\"Busque el mejor tratamiento para las marcas vasculares de nacimiento con el Dr. Greg Levitin en el Vascular Birthmark Center \/ Centro de Marcas Vasculares de Nacimiento, en Nueva York. Llame ahora y programe una consulta donde recibir\u00e1 r\u00e1pidamente un diagn\u00f3stico preciso.\" \/>\n<meta name=\"robots\" content=\"index, follow, max-snippet:-1, max-image-preview:large, max-video-preview:-1\" \/>\n<link rel=\"canonical\" href=\"https:\/\/www.birthmarkcare.com\/es\/marcas-vasculares-de-nacimiento\/\" \/>\n<meta property=\"og:locale\" content=\"es_ES\" \/>\n<meta property=\"og:type\" content=\"article\" \/>\n<meta property=\"og:title\" content=\"Tratamiento y Eliminaci\u00f3n de Marcas Vasculares de Nacimiento en Nueva York | Los \u00c1ngeles, Nueva York\" \/>\n<meta property=\"og:description\" content=\"Busque el mejor tratamiento para las marcas vasculares de nacimiento con el Dr. Greg Levitin en el Vascular Birthmark Center \/ Centro de Marcas Vasculares de Nacimiento, en Nueva York. Llame ahora y programe una consulta donde recibir\u00e1 r\u00e1pidamente un diagn\u00f3stico preciso.\" \/>\n<meta property=\"og:url\" content=\"https:\/\/www.birthmarkcare.com\/es\/marcas-vasculares-de-nacimiento\/\" \/>\n<meta property=\"og:site_name\" content=\"The Vascular Birthmark Center: Gregory M. Levitin, MD\" \/>\n<meta property=\"article:modified_time\" content=\"2021-09-07T15:37:49+00:00\" \/>\n<meta name=\"twitter:card\" content=\"summary_large_image\" \/>\n<meta name=\"twitter:label1\" content=\"Tiempo de lectura\" \/>\n\t<meta name=\"twitter:data1\" content=\"3 minutos\" \/>\n<script type=\"application\/ld+json\" class=\"yoast-schema-graph\">{\"@context\":\"https:\\\/\\\/schema.org\",\"@graph\":[{\"@type\":\"WebPage\",\"@id\":\"https:\\\/\\\/www.birthmarkcare.com\\\/es\\\/marcas-vasculares-de-nacimiento\\\/\",\"url\":\"https:\\\/\\\/www.birthmarkcare.com\\\/es\\\/marcas-vasculares-de-nacimiento\\\/\",\"name\":\"Tratamiento y Eliminaci\u00f3n de Marcas Vasculares de Nacimiento en Nueva York | Los \u00c1ngeles, Nueva York\",\"isPartOf\":{\"@id\":\"https:\\\/\\\/www.birthmarkcare.com\\\/es\\\/#website\"},\"datePublished\":\"2021-08-23T09:49:38+00:00\",\"dateModified\":\"2021-09-07T15:37:49+00:00\",\"description\":\"Busque el mejor tratamiento para las marcas vasculares de nacimiento con el Dr. Greg Levitin en el Vascular Birthmark Center \\\/ Centro de Marcas Vasculares de Nacimiento, en Nueva York. Llame ahora y programe una consulta donde recibir\u00e1 r\u00e1pidamente un diagn\u00f3stico preciso.\",\"breadcrumb\":{\"@id\":\"https:\\\/\\\/www.birthmarkcare.com\\\/es\\\/marcas-vasculares-de-nacimiento\\\/#breadcrumb\"},\"inLanguage\":\"es\",\"potentialAction\":[{\"@type\":\"ReadAction\",\"target\":[\"https:\\\/\\\/www.birthmarkcare.com\\\/es\\\/marcas-vasculares-de-nacimiento\\\/\"]}]},{\"@type\":\"BreadcrumbList\",\"@id\":\"https:\\\/\\\/www.birthmarkcare.com\\\/es\\\/marcas-vasculares-de-nacimiento\\\/#breadcrumb\",\"itemListElement\":[{\"@type\":\"ListItem\",\"position\":1,\"name\":\"Home\",\"item\":\"https:\\\/\\\/www.birthmarkcare.com\\\/es\\\/\"},{\"@type\":\"ListItem\",\"position\":2,\"name\":\"Marcas Vasculares de Nacimiento\"}]},{\"@type\":\"WebSite\",\"@id\":\"https:\\\/\\\/www.birthmarkcare.com\\\/es\\\/#website\",\"url\":\"https:\\\/\\\/www.birthmarkcare.com\\\/es\\\/\",\"name\":\"The Vascular Birthmark Center: Gregory M. Levitin, MD\",\"description\":\"\",\"potentialAction\":[{\"@type\":\"SearchAction\",\"target\":{\"@type\":\"EntryPoint\",\"urlTemplate\":\"https:\\\/\\\/www.birthmarkcare.com\\\/es\\\/?s={search_term_string}\"},\"query-input\":{\"@type\":\"PropertyValueSpecification\",\"valueRequired\":true,\"valueName\":\"search_term_string\"}}],\"inLanguage\":\"es\"}]}<\/script>\n<!-- \/ Yoast SEO plugin. -->","yoast_head_json":{"title":"Tratamiento y Eliminaci\u00f3n de Marcas Vasculares de Nacimiento en Nueva York | Los \u00c1ngeles, Nueva York","description":"Busque el mejor tratamiento para las marcas vasculares de nacimiento con el Dr. Greg Levitin en el Vascular Birthmark Center \/ Centro de Marcas Vasculares de Nacimiento, en Nueva York. Llame ahora y programe una consulta donde recibir\u00e1 r\u00e1pidamente un diagn\u00f3stico preciso.","robots":{"index":"index","follow":"follow","max-snippet":"max-snippet:-1","max-image-preview":"max-image-preview:large","max-video-preview":"max-video-preview:-1"},"canonical":"https:\/\/www.birthmarkcare.com\/es\/marcas-vasculares-de-nacimiento\/","og_locale":"es_ES","og_type":"article","og_title":"Tratamiento y Eliminaci\u00f3n de Marcas Vasculares de Nacimiento en Nueva York | Los \u00c1ngeles, Nueva York","og_description":"Busque el mejor tratamiento para las marcas vasculares de nacimiento con el Dr. Greg Levitin en el Vascular Birthmark Center \/ Centro de Marcas Vasculares de Nacimiento, en Nueva York. Llame ahora y programe una consulta donde recibir\u00e1 r\u00e1pidamente un diagn\u00f3stico preciso.","og_url":"https:\/\/www.birthmarkcare.com\/es\/marcas-vasculares-de-nacimiento\/","og_site_name":"The Vascular Birthmark Center: Gregory M. Levitin, MD","article_modified_time":"2021-09-07T15:37:49+00:00","twitter_card":"summary_large_image","twitter_misc":{"Tiempo de lectura":"3 minutos"},"schema":{"@context":"https:\/\/schema.org","@graph":[{"@type":"WebPage","@id":"https:\/\/www.birthmarkcare.com\/es\/marcas-vasculares-de-nacimiento\/","url":"https:\/\/www.birthmarkcare.com\/es\/marcas-vasculares-de-nacimiento\/","name":"Tratamiento y Eliminaci\u00f3n de Marcas Vasculares de Nacimiento en Nueva York | Los \u00c1ngeles, Nueva York","isPartOf":{"@id":"https:\/\/www.birthmarkcare.com\/es\/#website"},"datePublished":"2021-08-23T09:49:38+00:00","dateModified":"2021-09-07T15:37:49+00:00","description":"Busque el mejor tratamiento para las marcas vasculares de nacimiento con el Dr. Greg Levitin en el Vascular Birthmark Center \/ Centro de Marcas Vasculares de Nacimiento, en Nueva York. Llame ahora y programe una consulta donde recibir\u00e1 r\u00e1pidamente un diagn\u00f3stico preciso.","breadcrumb":{"@id":"https:\/\/www.birthmarkcare.com\/es\/marcas-vasculares-de-nacimiento\/#breadcrumb"},"inLanguage":"es","potentialAction":[{"@type":"ReadAction","target":["https:\/\/www.birthmarkcare.com\/es\/marcas-vasculares-de-nacimiento\/"]}]},{"@type":"BreadcrumbList","@id":"https:\/\/www.birthmarkcare.com\/es\/marcas-vasculares-de-nacimiento\/#breadcrumb","itemListElement":[{"@type":"ListItem","position":1,"name":"Home","item":"https:\/\/www.birthmarkcare.com\/es\/"},{"@type":"ListItem","position":2,"name":"Marcas Vasculares de Nacimiento"}]},{"@type":"WebSite","@id":"https:\/\/www.birthmarkcare.com\/es\/#website","url":"https:\/\/www.birthmarkcare.com\/es\/","name":"The Vascular Birthmark Center: Gregory M. Levitin, MD","description":"","potentialAction":[{"@type":"SearchAction","target":{"@type":"EntryPoint","urlTemplate":"https:\/\/www.birthmarkcare.com\/es\/?s={search_term_string}"},"query-input":{"@type":"PropertyValueSpecification","valueRequired":true,"valueName":"search_term_string"}}],"inLanguage":"es"}]}},"_links":{"self":[{"href":"https:\/\/www.birthmarkcare.com\/es\/wp-json\/wp\/v2\/pages\/1299","targetHints":{"allow":["GET"]}}],"collection":[{"href":"https:\/\/www.birthmarkcare.com\/es\/wp-json\/wp\/v2\/pages"}],"about":[{"href":"https:\/\/www.birthmarkcare.com\/es\/wp-json\/wp\/v2\/types\/page"}],"author":[{"embeddable":true,"href":"https:\/\/www.birthmarkcare.com\/es\/wp-json\/wp\/v2\/users\/1"}],"replies":[{"embeddable":true,"href":"https:\/\/www.birthmarkcare.com\/es\/wp-json\/wp\/v2\/comments?post=1299"}],"version-history":[{"count":3,"href":"https:\/\/www.birthmarkcare.com\/es\/wp-json\/wp\/v2\/pages\/1299\/revisions"}],"predecessor-version":[{"id":1444,"href":"https:\/\/www.birthmarkcare.com\/es\/wp-json\/wp\/v2\/pages\/1299\/revisions\/1444"}],"wp:attachment":[{"href":"https:\/\/www.birthmarkcare.com\/es\/wp-json\/wp\/v2\/media?parent=1299"}],"curies":[{"name":"wp","href":"https:\/\/api.w.org\/{rel}","templated":true}]}}