{"id":1308,"date":"2021-08-23T13:40:39","date_gmt":"2021-08-23T13:40:39","guid":{"rendered":"https:\/\/www.birthmarkcare.com\/?page_id=1308"},"modified":"2021-09-07T15:43:15","modified_gmt":"2021-09-07T15:43:15","slug":"marcas-de-nacimiento-congenitas","status":"publish","type":"page","link":"https:\/\/www.birthmarkcare.com\/es\/marcas-vasculares-de-nacimiento\/marcas-de-nacimiento-congenitas\/","title":{"rendered":"Marcas de Nacimiento Cong\u00e9nitas"},"content":{"rendered":"<p>Las marcas de nacimiento cong\u00e9nitas, como su nombre indica, est\u00e1n presentes al nacer, pero tambi\u00e9n pueden aparecer unos meses m\u00e1s tarde. Las formas <a href=\"https:\/\/www.birthmarkcare.com\/es\/marcas-vasculares-de-nacimiento\/\">m\u00e1s comunes<\/a> en que \u00e9stas se presentan van desde los llamados \u2018parches salm\u00f3n\u2019, las manchas de \u2018vino de Oporto\u2019 y los hemangiomas, entre otros. La decoloraci\u00f3n de la piel es causada por el agrandamiento de los vasos sangu\u00edneos, lo que puede llegar a ocurrir en una o varias partes del cuerpo.<\/p>\n<p>El diagn\u00f3stico de una marca cong\u00e9nita puede ser realizado por su m\u00e9dico de familia. Sin embargo, en muchos casos es posible que deba consultar con un especialista como el Dr. Greg Levitin, del Vascular Birthmark Center \/ Centro de Marcas Vasculares de Nacimiento, ya que, aunque hay muchos y diferentes tratamientos disponibles, en ocasiones existen factores de riesgo asociados con las marcas ubicadas en o alrededor de la cara. <\/p>\n<h2>Tratamiento de Marcas de Nacimiento Cong\u00e9nitas<\/h2>\n<p>Es recomendable que solo conf\u00ede el tratamiento de las marcas de nacimiento cong\u00e9nitas a un experimentado y cualificado especialista. En el Vascular Birthmark Center \/ Centro de Marcas Vasculares de Nacimiento, el seguimiento del estado del nervio facial se lleva a cabo de manera constante utilizando un sistema intraoperatorio de monitorizaci\u00f3n de nervios, lo que hace que el Dr. Levitin consiga reducir el riesgo de da\u00f1o permanente del 50% a menos del 1%.<\/p>\n<p>El Dr. Greg Levitin ofrece diferentes opciones tanto de tratamientos m\u00e9dicos, como de terapias l\u00e1ser o recurriendo a procedimientos quir\u00fargicos. Nuestro objetivo ser\u00e1 siempre llegar de manera r\u00e1pida y eficaz a un tratamiento lo menos invasivo posible, que revierta las marcas de nacimiento cong\u00e9nitas, antes de pasar a procedimientos con l\u00e1ser o quir\u00fargicos. Usted recibir\u00e1 un diagn\u00f3stico completo en el Vascular Birthmark Center \/ Centro de Marcas Vasculares de Nacimiento, seguido de una asesor\u00eda clara, sincera y abierta con el Dr. Levitin sobre las mejores opciones y acciones a llevar a cabo para solucionar su problema o el de su hijo o hija.<\/p>\n<p>El tratamiento m\u00e9dico puede implicar el uso del propranolol, esteroides o la vincristina. El Dr. Levitin tiene la experiencia y los conocimientos necesarios para determinar qu\u00e9 tipo de medicaci\u00f3n le proporcionar\u00e1 una reversi\u00f3n m\u00e1s r\u00e1pida y efectiva en su marca de nacimiento cong\u00e9nita. Las alternativas de terapia con l\u00e1ser est\u00e1n dise\u00f1adas para abordar la mayor\u00eda de las marcas de nacimiento, debido a las m\u00faltiples longitudes de onda que usa el Dr. Greg Levitin. En el caso de ni\u00f1os y ni\u00f1as de tan solo 6 meses de edad que por este problema sufren dificultades respiratorias, pueden someterse a un procedimiento quir\u00fargico.<\/p>\n<h3>S\u00edntomas Preocupantes<\/h3>\n<p>Adem\u00e1s de la visible decoloraci\u00f3n o de las lesiones protuberantes, la mayor\u00eda de los pacientes no experimentar\u00e1n ning\u00fan s\u00edntoma de marcas de nacimiento cong\u00e9nitas. Sin embargo, existe un n\u00famero de casos en los que, de manera poco habitual, estas marcas llegan a evolucionar provocando otras complicaciones m\u00e9dicas. As\u00ed ocurre cuando una mancha de \u2018vino de Oporto\u2019 ubicada alrededor del ojo causa complicaciones con la vista en a\u00f1os posteriores, o una \u2018marca de fresa\u2019 dificulta la respiraci\u00f3n en ni\u00f1os peque\u00f1os.<\/p>\n<p>En este \u00faltimo caso, es fundamental que los padres no se demoren en la b\u00fasqueda de un tratamiento a trav\u00e9s del Vascular Birthmark Center \/ Centro de Marcas Vasculares de Nacimiento. Los s\u00edntomas que m\u00e1s nos deben preocupar van desde la dificultad para respirar, hasta el atragantamiento o jadeo, especialmente si \u00e9ste se produce durante el sue\u00f1o o la alimentaci\u00f3n. En todos los casos, el Dr. Levitin basar\u00e1 sus recomendaciones en la detallada, cuidadosa y completa evaluaci\u00f3n que le haga a su hijo o hija.<\/p>\n<p>Para realizarse un examen completo, programe una <a href=\"https:\/\/www.birthmarkcare.com\/es\/consulta-en-linea-gratuita\/\">consulta<\/a> en el Vascular Birthmark Center \/ Centro de Marcas Vasculares de Nacimiento hoy mismo, donde el Dr. Greg Levitin estar\u00e1 encantado de escucharle y asesorarle ante cualquier pregunta, duda o inquietud que usted pudiera tener al respecto.<\/p>\n","protected":false},"excerpt":{"rendered":"<p>Las marcas de nacimiento cong\u00e9nitas, como su nombre indica, est\u00e1n presentes al nacer, pero tambi\u00e9n pueden aparecer unos meses m\u00e1s<\/p>\n<p><a class=\"button\" href=\"https:\/\/www.birthmarkcare.com\/es\/marcas-vasculares-de-nacimiento\/marcas-de-nacimiento-congenitas\/\">Leer el art\u00edculo completo<\/a><\/p>\n","protected":false},"author":1,"featured_media":0,"parent":1299,"menu_order":0,"comment_status":"closed","ping_status":"closed","template":"","meta":{"_acf_changed":false,"footnotes":""},"class_list":["post-1308","page","type-page","status-publish"],"acf":[],"yoast_head":"<!-- This site is optimized with the Yoast SEO plugin v27.4 - https:\/\/yoast.com\/product\/yoast-seo-wordpress\/ -->\n<title>Tratamiento de Marcas Cong\u00e9nitas en Nueva York | Nevus Melanoc\u00edtico en Los \u00c1ngeles<\/title>\n<meta name=\"description\" content=\"\u00bfQu\u00e9 son las marcas de nacimiento cong\u00e9nitas y c\u00f3mo se tratan? Inf\u00f3rmese programando una cita hoy mismo con el Dr. Greg Levitin, M.D. en el Vascular Birthmark Center \/ Centro de Marcas Vasculares de Nacimiento.\" \/>\n<meta name=\"robots\" content=\"index, follow, max-snippet:-1, max-image-preview:large, max-video-preview:-1\" \/>\n<link rel=\"canonical\" href=\"https:\/\/www.birthmarkcare.com\/es\/marcas-vasculares-de-nacimiento\/marcas-de-nacimiento-congenitas\/\" \/>\n<meta property=\"og:locale\" content=\"es_ES\" \/>\n<meta property=\"og:type\" content=\"article\" \/>\n<meta property=\"og:title\" content=\"Tratamiento de Marcas Cong\u00e9nitas en Nueva York | Nevus Melanoc\u00edtico en Los \u00c1ngeles\" \/>\n<meta property=\"og:description\" content=\"\u00bfQu\u00e9 son las marcas de nacimiento cong\u00e9nitas y c\u00f3mo se tratan? Inf\u00f3rmese programando una cita hoy mismo con el Dr. Greg Levitin, M.D. en el Vascular Birthmark Center \/ Centro de Marcas Vasculares de Nacimiento.\" \/>\n<meta property=\"og:url\" content=\"https:\/\/www.birthmarkcare.com\/es\/marcas-vasculares-de-nacimiento\/marcas-de-nacimiento-congenitas\/\" \/>\n<meta property=\"og:site_name\" content=\"The Vascular Birthmark Center: Gregory M. Levitin, MD\" \/>\n<meta property=\"article:modified_time\" content=\"2021-09-07T15:43:15+00:00\" \/>\n<meta name=\"twitter:card\" content=\"summary_large_image\" \/>\n<meta name=\"twitter:label1\" content=\"Tiempo de lectura\" \/>\n\t<meta name=\"twitter:data1\" content=\"3 minutos\" \/>\n<script type=\"application\/ld+json\" class=\"yoast-schema-graph\">{\"@context\":\"https:\\\/\\\/schema.org\",\"@graph\":[{\"@type\":\"WebPage\",\"@id\":\"https:\\\/\\\/www.birthmarkcare.com\\\/es\\\/marcas-vasculares-de-nacimiento\\\/marcas-de-nacimiento-congenitas\\\/\",\"url\":\"https:\\\/\\\/www.birthmarkcare.com\\\/es\\\/marcas-vasculares-de-nacimiento\\\/marcas-de-nacimiento-congenitas\\\/\",\"name\":\"Tratamiento de Marcas Cong\u00e9nitas en Nueva York | Nevus Melanoc\u00edtico en Los \u00c1ngeles\",\"isPartOf\":{\"@id\":\"https:\\\/\\\/www.birthmarkcare.com\\\/es\\\/#website\"},\"datePublished\":\"2021-08-23T13:40:39+00:00\",\"dateModified\":\"2021-09-07T15:43:15+00:00\",\"description\":\"\u00bfQu\u00e9 son las marcas de nacimiento cong\u00e9nitas y c\u00f3mo se tratan? Inf\u00f3rmese programando una cita hoy mismo con el Dr. Greg Levitin, M.D. en el Vascular Birthmark Center \\\/ Centro de Marcas Vasculares de Nacimiento.\",\"breadcrumb\":{\"@id\":\"https:\\\/\\\/www.birthmarkcare.com\\\/es\\\/marcas-vasculares-de-nacimiento\\\/marcas-de-nacimiento-congenitas\\\/#breadcrumb\"},\"inLanguage\":\"es\",\"potentialAction\":[{\"@type\":\"ReadAction\",\"target\":[\"https:\\\/\\\/www.birthmarkcare.com\\\/es\\\/marcas-vasculares-de-nacimiento\\\/marcas-de-nacimiento-congenitas\\\/\"]}]},{\"@type\":\"BreadcrumbList\",\"@id\":\"https:\\\/\\\/www.birthmarkcare.com\\\/es\\\/marcas-vasculares-de-nacimiento\\\/marcas-de-nacimiento-congenitas\\\/#breadcrumb\",\"itemListElement\":[{\"@type\":\"ListItem\",\"position\":1,\"name\":\"Home\",\"item\":\"https:\\\/\\\/www.birthmarkcare.com\\\/es\\\/\"},{\"@type\":\"ListItem\",\"position\":2,\"name\":\"Marcas Vasculares de Nacimiento\",\"item\":\"https:\\\/\\\/www.birthmarkcare.com\\\/es\\\/marcas-vasculares-de-nacimiento\\\/\"},{\"@type\":\"ListItem\",\"position\":3,\"name\":\"Marcas de Nacimiento Cong\u00e9nitas\"}]},{\"@type\":\"WebSite\",\"@id\":\"https:\\\/\\\/www.birthmarkcare.com\\\/es\\\/#website\",\"url\":\"https:\\\/\\\/www.birthmarkcare.com\\\/es\\\/\",\"name\":\"The Vascular Birthmark Center: Gregory M. Levitin, MD\",\"description\":\"\",\"potentialAction\":[{\"@type\":\"SearchAction\",\"target\":{\"@type\":\"EntryPoint\",\"urlTemplate\":\"https:\\\/\\\/www.birthmarkcare.com\\\/es\\\/?s={search_term_string}\"},\"query-input\":{\"@type\":\"PropertyValueSpecification\",\"valueRequired\":true,\"valueName\":\"search_term_string\"}}],\"inLanguage\":\"es\"}]}<\/script>\n<!-- \/ Yoast SEO plugin. -->","yoast_head_json":{"title":"Tratamiento de Marcas Cong\u00e9nitas en Nueva York | Nevus Melanoc\u00edtico en Los \u00c1ngeles","description":"\u00bfQu\u00e9 son las marcas de nacimiento cong\u00e9nitas y c\u00f3mo se tratan? Inf\u00f3rmese programando una cita hoy mismo con el Dr. Greg Levitin, M.D. en el Vascular Birthmark Center \/ Centro de Marcas Vasculares de Nacimiento.","robots":{"index":"index","follow":"follow","max-snippet":"max-snippet:-1","max-image-preview":"max-image-preview:large","max-video-preview":"max-video-preview:-1"},"canonical":"https:\/\/www.birthmarkcare.com\/es\/marcas-vasculares-de-nacimiento\/marcas-de-nacimiento-congenitas\/","og_locale":"es_ES","og_type":"article","og_title":"Tratamiento de Marcas Cong\u00e9nitas en Nueva York | Nevus Melanoc\u00edtico en Los \u00c1ngeles","og_description":"\u00bfQu\u00e9 son las marcas de nacimiento cong\u00e9nitas y c\u00f3mo se tratan? Inf\u00f3rmese programando una cita hoy mismo con el Dr. Greg Levitin, M.D. en el Vascular Birthmark Center \/ Centro de Marcas Vasculares de Nacimiento.","og_url":"https:\/\/www.birthmarkcare.com\/es\/marcas-vasculares-de-nacimiento\/marcas-de-nacimiento-congenitas\/","og_site_name":"The Vascular Birthmark Center: Gregory M. Levitin, MD","article_modified_time":"2021-09-07T15:43:15+00:00","twitter_card":"summary_large_image","twitter_misc":{"Tiempo de lectura":"3 minutos"},"schema":{"@context":"https:\/\/schema.org","@graph":[{"@type":"WebPage","@id":"https:\/\/www.birthmarkcare.com\/es\/marcas-vasculares-de-nacimiento\/marcas-de-nacimiento-congenitas\/","url":"https:\/\/www.birthmarkcare.com\/es\/marcas-vasculares-de-nacimiento\/marcas-de-nacimiento-congenitas\/","name":"Tratamiento de Marcas Cong\u00e9nitas en Nueva York | Nevus Melanoc\u00edtico en Los \u00c1ngeles","isPartOf":{"@id":"https:\/\/www.birthmarkcare.com\/es\/#website"},"datePublished":"2021-08-23T13:40:39+00:00","dateModified":"2021-09-07T15:43:15+00:00","description":"\u00bfQu\u00e9 son las marcas de nacimiento cong\u00e9nitas y c\u00f3mo se tratan? Inf\u00f3rmese programando una cita hoy mismo con el Dr. Greg Levitin, M.D. en el Vascular Birthmark Center \/ Centro de Marcas Vasculares de Nacimiento.","breadcrumb":{"@id":"https:\/\/www.birthmarkcare.com\/es\/marcas-vasculares-de-nacimiento\/marcas-de-nacimiento-congenitas\/#breadcrumb"},"inLanguage":"es","potentialAction":[{"@type":"ReadAction","target":["https:\/\/www.birthmarkcare.com\/es\/marcas-vasculares-de-nacimiento\/marcas-de-nacimiento-congenitas\/"]}]},{"@type":"BreadcrumbList","@id":"https:\/\/www.birthmarkcare.com\/es\/marcas-vasculares-de-nacimiento\/marcas-de-nacimiento-congenitas\/#breadcrumb","itemListElement":[{"@type":"ListItem","position":1,"name":"Home","item":"https:\/\/www.birthmarkcare.com\/es\/"},{"@type":"ListItem","position":2,"name":"Marcas Vasculares de Nacimiento","item":"https:\/\/www.birthmarkcare.com\/es\/marcas-vasculares-de-nacimiento\/"},{"@type":"ListItem","position":3,"name":"Marcas de Nacimiento Cong\u00e9nitas"}]},{"@type":"WebSite","@id":"https:\/\/www.birthmarkcare.com\/es\/#website","url":"https:\/\/www.birthmarkcare.com\/es\/","name":"The Vascular Birthmark Center: Gregory M. Levitin, MD","description":"","potentialAction":[{"@type":"SearchAction","target":{"@type":"EntryPoint","urlTemplate":"https:\/\/www.birthmarkcare.com\/es\/?s={search_term_string}"},"query-input":{"@type":"PropertyValueSpecification","valueRequired":true,"valueName":"search_term_string"}}],"inLanguage":"es"}]}},"_links":{"self":[{"href":"https:\/\/www.birthmarkcare.com\/es\/wp-json\/wp\/v2\/pages\/1308","targetHints":{"allow":["GET"]}}],"collection":[{"href":"https:\/\/www.birthmarkcare.com\/es\/wp-json\/wp\/v2\/pages"}],"about":[{"href":"https:\/\/www.birthmarkcare.com\/es\/wp-json\/wp\/v2\/types\/page"}],"author":[{"embeddable":true,"href":"https:\/\/www.birthmarkcare.com\/es\/wp-json\/wp\/v2\/users\/1"}],"replies":[{"embeddable":true,"href":"https:\/\/www.birthmarkcare.com\/es\/wp-json\/wp\/v2\/comments?post=1308"}],"version-history":[{"count":3,"href":"https:\/\/www.birthmarkcare.com\/es\/wp-json\/wp\/v2\/pages\/1308\/revisions"}],"predecessor-version":[{"id":1448,"href":"https:\/\/www.birthmarkcare.com\/es\/wp-json\/wp\/v2\/pages\/1308\/revisions\/1448"}],"up":[{"embeddable":true,"href":"https:\/\/www.birthmarkcare.com\/es\/wp-json\/wp\/v2\/pages\/1299"}],"wp:attachment":[{"href":"https:\/\/www.birthmarkcare.com\/es\/wp-json\/wp\/v2\/media?parent=1308"}],"curies":[{"name":"wp","href":"https:\/\/api.w.org\/{rel}","templated":true}]}}