{"id":1311,"date":"2021-08-23T13:49:54","date_gmt":"2021-08-23T13:49:54","guid":{"rendered":"https:\/\/www.birthmarkcare.com\/?page_id=1311"},"modified":"2021-09-13T14:38:09","modified_gmt":"2021-09-13T14:38:09","slug":"lipomatosis-congenita","status":"publish","type":"page","link":"https:\/\/www.birthmarkcare.com\/es\/marcas-vasculares-de-nacimiento\/lipomatosis-congenita\/","title":{"rendered":"Lipomatosis Cong\u00e9nita"},"content":{"rendered":"<p>La lipomatosis cong\u00e9nita es una dolencia rara que tiene lugar como consecuencia de un tumor benigno compuesto de tejido graso debajo de la piel. Este tipo de <a href=\"https:\/\/www.birthmarkcare.com\/es\/marcas-vasculares-de-nacimiento\/\">marcas de nacimiento<\/a> com\u00fanmente provoca una deformidad progresiva a medida que el ni\u00f1o crece, lo que suele afectar principalmente al cuello o la cara. Es importante elegir un m\u00e9dico que tenga experiencia en el diagn\u00f3stico y el tratamiento de la lipomatosis cong\u00e9nita, ya que conlleva riesgos adicionales, as\u00ed como el potencial de que se vuelva a reproducir despu\u00e9s de su extirpaci\u00f3n. El Dr. Greg Levitin, en el Vascular Birthmark Center \/ Centro de Marcas Vasculares de Nacimiento de Nueva York, est\u00e1 especializado en el diagn\u00f3stico y el tratamiento de la lipomatosis cong\u00e9nita.<\/p>\n<p>Debido a la rareza impl\u00edcita en la lipomatosis cong\u00e9nita, su hijo o hija tendr\u00e1 que pasar por una evaluaci\u00f3n exhaustiva antes de discutir con usted las distintas opciones de tratamiento. El Dr. Levitin tiene las herramientas y la experiencia necesarias para proporcionar un diagn\u00f3stico preciso y un tratamiento efectivo. Cuando las marcas vasculares de nacimiento est\u00e1n en la cara o en el cuello, existe un mayor riesgo de da\u00f1o a los nervios asociado con el tratamiento, que son mitigados, en gran medid, gracias a las innovadoras y precisas t\u00e9cnicas utilizadas en el Vascular Birthmark Center \/ Centro de Marcas vasculares de Nacimiento.<\/p>\n<h2>Tratamiento de la Lipomatosis Cong\u00e9nita<\/h2>\n<p>A la edad de 3 a\u00f1os, la mayor\u00eda de los ni\u00f1os desarrollan el sentido del \u201cs\u00ed mismo\u201d, lo que significa que empiezan a ser conscientes de c\u00f3mo se ven en comparaci\u00f3n con otros ni\u00f1os. Aunque es posible que no entiendan completamente por qu\u00e9 pudieran sentirse acomplejados a esta edad, aprenden r\u00e1pidamente y pronto mostrar\u00e1n un comportamiento que sugiere que se sienten avergonzados debido a problemas como la lipomatosis cong\u00e9nita.<\/p>\n<p>La b\u00fasqueda de un tratamiento temprano ayudar\u00e1 a su hijo o hija a desarrollar un sentido sano y saludable de s\u00ed mismo. Cuanto m\u00e1s avanzada sea la edad del ni\u00f1o al que se le proporciona un tratamiento, ser\u00e1 m\u00e1s probable que los efectos psicol\u00f3gicos causados por la lipomatosis cong\u00e9nita persistan en edad adulta. El Dr. Levitin estar\u00e1 encantado de asesorarle y discutir con usted las mejores acciones a llevar a cabo, en funci\u00f3n de las necesidades personales y espec\u00edficas de su hijo.<\/p>\n<p>Como el da\u00f1o a los nervios, la cicatrizaci\u00f3n y la recurrencia son algunas de las principales preocupaciones asociadas con la lipomatosis cong\u00e9nita, el Dr. Levitin combina su amplia experiencia como cirujano pl\u00e1stico, con las herramientas m\u00e1s vanguardistas y especializadas para garantizar que cualquier riesgo a correr sea el m\u00ednimo. Durante m\u00e1s de una d\u00e9cada, ha utilizado con \u00e9xito un sistema intraoperatorio de monitoreo de nervios, con el que reduce el riesgo de causar da\u00f1os a los nervios faciales a menos del 1%, lo que convierte al Dr. Greg Levitin en uno de los m\u00e9dicos m\u00e1s confiables del pa\u00eds a la hora de diagnosticar y ofrecer tratamientos de marcas vasculares de nacimiento.<\/p>\n<h3>Vascular Birthmark Center \/ Centro de Marcas Vasculares de Nacimiento<\/h3>\n<p>El Vascular Birthmark Center \/ Centro de Marcas Vasculares de Nacimiento, tiene oficinas en Nueva York y Los \u00c1ngeles y bajo el liderazgo del Dr. Greg Levitin. Elegido como uno de los \u201cMejores M\u00e9dicos de Estados Unidos\u201d dos a\u00f1os consecutivos, 2013 y 2014, el Dr. Levitin es un cirujano certificado en otorrinolaring\u00f3log\u00eda en cabeza y cuello. \u00c9l y su equipo est\u00e1n personalmente comprometidos con el diagn\u00f3stico y el tratamiento efectivos de las marcas vasculares de nacimiento y sus malformaciones asociadas, en pacientes que residen o visitan los Estados Unidos de Am\u00e9rica.<\/p>\n<p>Para obtener los beneficios asociados a la experiencia y los conocimientos del Dr. Greg Levitin, <a href=\"https:\/\/www.birthmarkcare.com\/es\/consulta-en-linea-gratuita\/\">comun\u00edquese<\/a> con el Vascular Birthmark Center \/ Centro de Marcas Vasculares de Nacimiento y solicite una evaluaci\u00f3n completa en nuestros consultorios de Nueva York y Los \u00c1ngeles.<\/p>\n","protected":false},"excerpt":{"rendered":"<p>La lipomatosis cong\u00e9nita es una dolencia rara que tiene lugar como consecuencia de un tumor benigno compuesto de tejido graso<\/p>\n<p><a class=\"button\" href=\"https:\/\/www.birthmarkcare.com\/es\/marcas-vasculares-de-nacimiento\/lipomatosis-congenita\/\">Leer el art\u00edculo completo<\/a><\/p>\n","protected":false},"author":1,"featured_media":0,"parent":1299,"menu_order":0,"comment_status":"closed","ping_status":"closed","template":"","meta":{"_acf_changed":false,"footnotes":""},"class_list":["post-1311","page","type-page","status-publish"],"acf":[],"yoast_head":"<!-- This site is optimized with the Yoast SEO plugin v25.7 - https:\/\/yoast.com\/wordpress\/plugins\/seo\/ -->\n<title>Tratamiento y Eliminaci\u00f3n de la Lipomatosis Infiltrante Cong\u00e9nita en Nueva York | Los \u00c1ngeles<\/title>\n<meta name=\"description\" content=\"Existe un tratamiento para la lipomatosis cong\u00e9nita en el Vascular Birthmark Center \/ Centro de Marcas Vasculares de Nacimiento, bajo el atento cuidado del Dr. Greg Levitin. Programe una consulta hoy mismo con el principal experto del pa\u00eds en el tratamiento de marcas vasculares de nacimiento.\" \/>\n<meta name=\"robots\" content=\"index, follow, max-snippet:-1, max-image-preview:large, max-video-preview:-1\" \/>\n<link rel=\"canonical\" href=\"https:\/\/www.birthmarkcare.com\/es\/marcas-vasculares-de-nacimiento\/lipomatosis-congenita\/\" \/>\n<meta property=\"og:locale\" content=\"es_ES\" \/>\n<meta property=\"og:type\" content=\"article\" \/>\n<meta property=\"og:title\" content=\"Tratamiento y Eliminaci\u00f3n de la Lipomatosis Infiltrante Cong\u00e9nita en Nueva York | Los \u00c1ngeles\" \/>\n<meta property=\"og:description\" content=\"Existe un tratamiento para la lipomatosis cong\u00e9nita en el Vascular Birthmark Center \/ Centro de Marcas Vasculares de Nacimiento, bajo el atento cuidado del Dr. Greg Levitin. Programe una consulta hoy mismo con el principal experto del pa\u00eds en el tratamiento de marcas vasculares de nacimiento.\" \/>\n<meta property=\"og:url\" content=\"https:\/\/www.birthmarkcare.com\/es\/marcas-vasculares-de-nacimiento\/lipomatosis-congenita\/\" \/>\n<meta property=\"og:site_name\" content=\"The Vascular Birthmark Center: Gregory M. Levitin, MD\" \/>\n<meta property=\"article:modified_time\" content=\"2021-09-13T14:38:09+00:00\" \/>\n<meta name=\"twitter:card\" content=\"summary_large_image\" \/>\n<meta name=\"twitter:label1\" content=\"Tiempo de lectura\" \/>\n\t<meta name=\"twitter:data1\" content=\"3 minutos\" \/>\n<script type=\"application\/ld+json\" class=\"yoast-schema-graph\">{\"@context\":\"https:\/\/schema.org\",\"@graph\":[{\"@type\":\"WebPage\",\"@id\":\"https:\/\/www.birthmarkcare.com\/es\/marcas-vasculares-de-nacimiento\/lipomatosis-congenita\/\",\"url\":\"https:\/\/www.birthmarkcare.com\/es\/marcas-vasculares-de-nacimiento\/lipomatosis-congenita\/\",\"name\":\"Tratamiento y Eliminaci\u00f3n de la Lipomatosis Infiltrante Cong\u00e9nita en Nueva York | Los \u00c1ngeles\",\"isPartOf\":{\"@id\":\"https:\/\/www.birthmarkcare.com\/es\/#website\"},\"datePublished\":\"2021-08-23T13:49:54+00:00\",\"dateModified\":\"2021-09-13T14:38:09+00:00\",\"description\":\"Existe un tratamiento para la lipomatosis cong\u00e9nita en el Vascular Birthmark Center \/ Centro de Marcas Vasculares de Nacimiento, bajo el atento cuidado del Dr. Greg Levitin. Programe una consulta hoy mismo con el principal experto del pa\u00eds en el tratamiento de marcas vasculares de nacimiento.\",\"breadcrumb\":{\"@id\":\"https:\/\/www.birthmarkcare.com\/es\/marcas-vasculares-de-nacimiento\/lipomatosis-congenita\/#breadcrumb\"},\"inLanguage\":\"es\",\"potentialAction\":[{\"@type\":\"ReadAction\",\"target\":[\"https:\/\/www.birthmarkcare.com\/es\/marcas-vasculares-de-nacimiento\/lipomatosis-congenita\/\"]}]},{\"@type\":\"BreadcrumbList\",\"@id\":\"https:\/\/www.birthmarkcare.com\/es\/marcas-vasculares-de-nacimiento\/lipomatosis-congenita\/#breadcrumb\",\"itemListElement\":[{\"@type\":\"ListItem\",\"position\":1,\"name\":\"Home\",\"item\":\"https:\/\/www.birthmarkcare.com\/es\/\"},{\"@type\":\"ListItem\",\"position\":2,\"name\":\"Marcas Vasculares de Nacimiento\",\"item\":\"https:\/\/www.birthmarkcare.com\/es\/marcas-vasculares-de-nacimiento\/\"},{\"@type\":\"ListItem\",\"position\":3,\"name\":\"Lipomatosis Cong\u00e9nita\"}]},{\"@type\":\"WebSite\",\"@id\":\"https:\/\/www.birthmarkcare.com\/es\/#website\",\"url\":\"https:\/\/www.birthmarkcare.com\/es\/\",\"name\":\"The Vascular Birthmark Center: Gregory M. Levitin, MD\",\"description\":\"\",\"potentialAction\":[{\"@type\":\"SearchAction\",\"target\":{\"@type\":\"EntryPoint\",\"urlTemplate\":\"https:\/\/www.birthmarkcare.com\/es\/?s={search_term_string}\"},\"query-input\":{\"@type\":\"PropertyValueSpecification\",\"valueRequired\":true,\"valueName\":\"search_term_string\"}}],\"inLanguage\":\"es\"}]}<\/script>\n<!-- \/ Yoast SEO plugin. -->","yoast_head_json":{"title":"Tratamiento y Eliminaci\u00f3n de la Lipomatosis Infiltrante Cong\u00e9nita en Nueva York | Los \u00c1ngeles","description":"Existe un tratamiento para la lipomatosis cong\u00e9nita en el Vascular Birthmark Center \/ Centro de Marcas Vasculares de Nacimiento, bajo el atento cuidado del Dr. Greg Levitin. Programe una consulta hoy mismo con el principal experto del pa\u00eds en el tratamiento de marcas vasculares de nacimiento.","robots":{"index":"index","follow":"follow","max-snippet":"max-snippet:-1","max-image-preview":"max-image-preview:large","max-video-preview":"max-video-preview:-1"},"canonical":"https:\/\/www.birthmarkcare.com\/es\/marcas-vasculares-de-nacimiento\/lipomatosis-congenita\/","og_locale":"es_ES","og_type":"article","og_title":"Tratamiento y Eliminaci\u00f3n de la Lipomatosis Infiltrante Cong\u00e9nita en Nueva York | Los \u00c1ngeles","og_description":"Existe un tratamiento para la lipomatosis cong\u00e9nita en el Vascular Birthmark Center \/ Centro de Marcas Vasculares de Nacimiento, bajo el atento cuidado del Dr. Greg Levitin. Programe una consulta hoy mismo con el principal experto del pa\u00eds en el tratamiento de marcas vasculares de nacimiento.","og_url":"https:\/\/www.birthmarkcare.com\/es\/marcas-vasculares-de-nacimiento\/lipomatosis-congenita\/","og_site_name":"The Vascular Birthmark Center: Gregory M. Levitin, MD","article_modified_time":"2021-09-13T14:38:09+00:00","twitter_card":"summary_large_image","twitter_misc":{"Tiempo de lectura":"3 minutos"},"schema":{"@context":"https:\/\/schema.org","@graph":[{"@type":"WebPage","@id":"https:\/\/www.birthmarkcare.com\/es\/marcas-vasculares-de-nacimiento\/lipomatosis-congenita\/","url":"https:\/\/www.birthmarkcare.com\/es\/marcas-vasculares-de-nacimiento\/lipomatosis-congenita\/","name":"Tratamiento y Eliminaci\u00f3n de la Lipomatosis Infiltrante Cong\u00e9nita en Nueva York | Los \u00c1ngeles","isPartOf":{"@id":"https:\/\/www.birthmarkcare.com\/es\/#website"},"datePublished":"2021-08-23T13:49:54+00:00","dateModified":"2021-09-13T14:38:09+00:00","description":"Existe un tratamiento para la lipomatosis cong\u00e9nita en el Vascular Birthmark Center \/ Centro de Marcas Vasculares de Nacimiento, bajo el atento cuidado del Dr. Greg Levitin. Programe una consulta hoy mismo con el principal experto del pa\u00eds en el tratamiento de marcas vasculares de nacimiento.","breadcrumb":{"@id":"https:\/\/www.birthmarkcare.com\/es\/marcas-vasculares-de-nacimiento\/lipomatosis-congenita\/#breadcrumb"},"inLanguage":"es","potentialAction":[{"@type":"ReadAction","target":["https:\/\/www.birthmarkcare.com\/es\/marcas-vasculares-de-nacimiento\/lipomatosis-congenita\/"]}]},{"@type":"BreadcrumbList","@id":"https:\/\/www.birthmarkcare.com\/es\/marcas-vasculares-de-nacimiento\/lipomatosis-congenita\/#breadcrumb","itemListElement":[{"@type":"ListItem","position":1,"name":"Home","item":"https:\/\/www.birthmarkcare.com\/es\/"},{"@type":"ListItem","position":2,"name":"Marcas Vasculares de Nacimiento","item":"https:\/\/www.birthmarkcare.com\/es\/marcas-vasculares-de-nacimiento\/"},{"@type":"ListItem","position":3,"name":"Lipomatosis Cong\u00e9nita"}]},{"@type":"WebSite","@id":"https:\/\/www.birthmarkcare.com\/es\/#website","url":"https:\/\/www.birthmarkcare.com\/es\/","name":"The Vascular Birthmark Center: Gregory M. Levitin, MD","description":"","potentialAction":[{"@type":"SearchAction","target":{"@type":"EntryPoint","urlTemplate":"https:\/\/www.birthmarkcare.com\/es\/?s={search_term_string}"},"query-input":{"@type":"PropertyValueSpecification","valueRequired":true,"valueName":"search_term_string"}}],"inLanguage":"es"}]}},"_links":{"self":[{"href":"https:\/\/www.birthmarkcare.com\/es\/wp-json\/wp\/v2\/pages\/1311","targetHints":{"allow":["GET"]}}],"collection":[{"href":"https:\/\/www.birthmarkcare.com\/es\/wp-json\/wp\/v2\/pages"}],"about":[{"href":"https:\/\/www.birthmarkcare.com\/es\/wp-json\/wp\/v2\/types\/page"}],"author":[{"embeddable":true,"href":"https:\/\/www.birthmarkcare.com\/es\/wp-json\/wp\/v2\/users\/1"}],"replies":[{"embeddable":true,"href":"https:\/\/www.birthmarkcare.com\/es\/wp-json\/wp\/v2\/comments?post=1311"}],"version-history":[{"count":3,"href":"https:\/\/www.birthmarkcare.com\/es\/wp-json\/wp\/v2\/pages\/1311\/revisions"}],"predecessor-version":[{"id":1464,"href":"https:\/\/www.birthmarkcare.com\/es\/wp-json\/wp\/v2\/pages\/1311\/revisions\/1464"}],"up":[{"embeddable":true,"href":"https:\/\/www.birthmarkcare.com\/es\/wp-json\/wp\/v2\/pages\/1299"}],"wp:attachment":[{"href":"https:\/\/www.birthmarkcare.com\/es\/wp-json\/wp\/v2\/media?parent=1311"}],"curies":[{"name":"wp","href":"https:\/\/api.w.org\/{rel}","templated":true}]}}