{"id":1317,"date":"2021-08-23T14:02:43","date_gmt":"2021-08-23T14:02:43","guid":{"rendered":"https:\/\/www.birthmarkcare.com\/?page_id=1317"},"modified":"2021-09-07T15:24:32","modified_gmt":"2021-09-07T15:24:32","slug":"malformaciones-vasculares","status":"publish","type":"page","link":"https:\/\/www.birthmarkcare.com\/es\/malformaciones-vasculares\/","title":{"rendered":"Malformaciones Vasculares"},"content":{"rendered":"<p>Aunque las malformaciones vasculares pudieran estar presentes desde el nacimiento, no siempre son visibles de inmediato. Actualmente se entiende que las malformaciones vasculares ocurren durante la etapa de desarrollo de las arterias, venas y vasos linf\u00e1ticos. Sin embargo, las investigaciones que actualmente se llevan a cabo revelan que, en la mayor\u00eda de los casos, si no en todos, existe un factor gen\u00e9tico hereditario. Hoy, solamente se ha podido concluir y determinar esta causa en el caso de la telangiectasia hemorr\u00e1gica hereditaria.<\/p>\n<p>Los s\u00edntomas de las malformaciones vasculares var\u00edan y est\u00e1n determinados, en gran medida, por su localizaci\u00f3n en el cuerpo del paciente. Las que son del tipo venosas y linf\u00e1ticas pueden causar dolores focalizados, acompa\u00f1adas de bultos o protuberancias debajo de la piel. La presencia de una marca de nacimiento visible no es inusual, y \u00e9sta puede llegar a presentar sangrados o p\u00e9rdidas de fluidos. Las infecciones tambi\u00e9n son comunes y requerir\u00e1n tratamiento. Las malformaciones arteriovenosas tambi\u00e9n se asocian con el dolor y tienen el potencial de someter al coraz\u00f3n a estr\u00e9s. Cuando se encuentran muy cerca de los \u00f3rganos principales, los sangrados se pueden convertir en una seria preocupaci\u00f3n, como en el caso del arteriovenoso pulmonar, asociado com\u00fanmente con s\u00edntomas como la dificultad respiratoria, fatiga y tos con sangre. Adicionalmente, con este tipo de malformaciones vasculares existe un mayor riesgo de sufrir accidentes cerebrovasculares o abscesos cerebrales.<\/p>\n<p>El diagn\u00f3stico de malformaciones vasculares puede implicar una evaluaci\u00f3n f\u00edsica o el uso de una imagen de resonancia magn\u00e9tica o MRI, por sus siglas en ingl\u00e9s. <a href=\"https:\/\/www.birthmarkcare.com\/es\/\">El Vascular Birthmark Center \/ Centro de Marcas Vasculares de Nacimiento<\/a>, le proporcionar\u00e1 una evaluaci\u00f3n completa en sus consultorios, realizada por el Dr. Greg Levitin, quien es un m\u00e9dico especialista, l\u00edder en el diagn\u00f3stico y tratamiento de marcas y malformaciones vasculares de nacimiento.<\/p>\n<h2>Tratamiento de Malformaciones Vasculares<\/h2>\n<p>Hay varias opciones disponibles para el tratamiento de las malformaciones vasculares, dependiendo de su localizaci\u00f3n y de su profundidad. Los tratamientos no quir\u00fargicos pueden ir desde la radiolog\u00eda intervencionista hasta el uso de un \u00e9mbolo artificial (burbuja de aire o co\u00e1gulo), entre otros. En el Vascular Birthmark Center \/ Centro de Marcas Vasculares de Nacimiento, proporcionamos tratamientos para malformaciones como el angioqueratoma, las manchas de \u2018vino de Oporto\u2019 y las malformaciones venosas, entre otras.<\/p>\n<ul>\n<li>Angioqueratoma<\/li>\n<li><a href=\"https:\/\/www.birthmarkcare.com\/es\/malformaciones-vasculares\/malformaciones-arteriovenosas\/\">Malformaciones Arteriovenosas<\/a><\/li>\n<li>Malformaciones Capilares<\/li>\n<li>Malformaci\u00f3n de Chiari<\/li>\n<li>S\u00edndrome de Klippel-Trenaunay<\/li>\n<li><a href=\"https:\/\/www.birthmarkcare.com\/es\/malformaciones-vasculares\/malformaciones-linfaticas\/\">Malformaciones Linf\u00e1ticas<\/a><\/li>\n<li>Malformaciones Venulares Mediales<\/li>\n<li><a href=\"https:\/\/www.birthmarkcare.com\/es\/malformaciones-vasculares\/manchas-de-vino-de-oporto\/\">Manchas de \u2018Vino de Oporto\u2019<\/a><\/li>\n<li><a href=\"https:\/\/www.birthmarkcare.com\/es\/malformaciones-vasculares\/malformaciones-venosas\/\">Malformaciones Venosas<\/a><\/li>\n<\/ul>\n<p>El Dr. Greg Levitin utiliza herramientas y t\u00e9cnicas avanzadas de evaluaci\u00f3n para diagnosticar y tratar las malformaciones vasculares de una manera precisa y efectiva. Las malformaciones venosas y linf\u00e1ticas tienen un riesgo asociado de causar da\u00f1o nervioso pr\u00f3ximo al 50%. Sin embargo, en el Vascular Birthmark Center \/ Centro de Marcas Vasculares de Nacimiento, el Dr. Levitin ha perfeccionado el uso de un avanzado sistema intraoperatorio de monitoreo de nervios, reduciendo dicho riesgo a menos del 1% en nuestros pacientes.<\/p>\n<p>Al elegir al Vascular Birthmark Center \/ Centro de Marcas Vasculares de Nacimiento, tambi\u00e9n se beneficiar\u00e1 de la amplia experiencia del Dr. Levitin como cirujano pl\u00e1stico especializado en cirug\u00eda otorrinolaringol\u00f3gica en cabeza y cuello. Contamos con consultorios en Nueva York y Los \u00c1ngeles y trabajamos en estrecha colaboraci\u00f3n con nuestros pacientes para garantizarles que tanto las evaluaciones como los tratamientos ser\u00e1n los m\u00e1s convenientes posibles.<\/p>\n<p><a href=\"https:\/\/www.birthmarkcare.com\/es\/consulta-en-linea-gratuita\/\">Cont\u00e1ctenos<\/a> hoy mismo si desea una evaluaci\u00f3n de malformaciones vasculares con el Dr. Levitin o disfrute de una consulta gratuita a trav\u00e9s de nuestra p\u00e1gina web.<\/p>\n","protected":false},"excerpt":{"rendered":"<p>Aunque las malformaciones vasculares pudieran estar presentes desde el nacimiento, no siempre son visibles de inmediato. Actualmente se entiende que<\/p>\n<p><a class=\"button\" href=\"https:\/\/www.birthmarkcare.com\/es\/malformaciones-vasculares\/\">Leer el art\u00edculo completo<\/a><\/p>\n","protected":false},"author":1,"featured_media":0,"parent":0,"menu_order":0,"comment_status":"closed","ping_status":"closed","template":"","meta":{"_acf_changed":false,"footnotes":""},"class_list":["post-1317","page","type-page","status-publish"],"acf":[],"yoast_head":"<!-- This site is optimized with the Yoast SEO plugin v25.7 - https:\/\/yoast.com\/wordpress\/plugins\/seo\/ -->\n<title>Causas, Eliminaci\u00f3n y Tratamiento de Malformaciones Vasculares en Nueva York | Los \u00c1ngeles<\/title>\n<meta name=\"description\" content=\"El Dr. Greg Levitin reduce por debajo del 1% los riesgos de da\u00f1os al nervio facial por someterse a un tratamiento de malformaciones vasculares. Llame hoy mismo y obtendr\u00e1 m\u00e1s informaci\u00f3n sobre los tratamientos disponibles en el Vascular Birthmark Center \/ Centro de Marcas Vasculares de Nacimiento.\" \/>\n<meta name=\"robots\" content=\"index, follow, max-snippet:-1, max-image-preview:large, max-video-preview:-1\" \/>\n<link rel=\"canonical\" href=\"https:\/\/www.birthmarkcare.com\/es\/malformaciones-vasculares\/\" \/>\n<meta property=\"og:locale\" content=\"es_ES\" \/>\n<meta property=\"og:type\" content=\"article\" \/>\n<meta property=\"og:title\" content=\"Causas, Eliminaci\u00f3n y Tratamiento de Malformaciones Vasculares en Nueva York | Los \u00c1ngeles\" \/>\n<meta property=\"og:description\" content=\"El Dr. Greg Levitin reduce por debajo del 1% los riesgos de da\u00f1os al nervio facial por someterse a un tratamiento de malformaciones vasculares. Llame hoy mismo y obtendr\u00e1 m\u00e1s informaci\u00f3n sobre los tratamientos disponibles en el Vascular Birthmark Center \/ Centro de Marcas Vasculares de Nacimiento.\" \/>\n<meta property=\"og:url\" content=\"https:\/\/www.birthmarkcare.com\/es\/malformaciones-vasculares\/\" \/>\n<meta property=\"og:site_name\" content=\"The Vascular Birthmark Center: Gregory M. Levitin, MD\" \/>\n<meta property=\"article:modified_time\" content=\"2021-09-07T15:24:32+00:00\" \/>\n<meta name=\"twitter:card\" content=\"summary_large_image\" \/>\n<meta name=\"twitter:label1\" content=\"Tiempo de lectura\" \/>\n\t<meta name=\"twitter:data1\" content=\"3 minutos\" \/>\n<script type=\"application\/ld+json\" class=\"yoast-schema-graph\">{\"@context\":\"https:\/\/schema.org\",\"@graph\":[{\"@type\":\"WebPage\",\"@id\":\"https:\/\/www.birthmarkcare.com\/es\/malformaciones-vasculares\/\",\"url\":\"https:\/\/www.birthmarkcare.com\/es\/malformaciones-vasculares\/\",\"name\":\"Causas, Eliminaci\u00f3n y Tratamiento de Malformaciones Vasculares en Nueva York | Los \u00c1ngeles\",\"isPartOf\":{\"@id\":\"https:\/\/www.birthmarkcare.com\/es\/#website\"},\"datePublished\":\"2021-08-23T14:02:43+00:00\",\"dateModified\":\"2021-09-07T15:24:32+00:00\",\"description\":\"El Dr. Greg Levitin reduce por debajo del 1% los riesgos de da\u00f1os al nervio facial por someterse a un tratamiento de malformaciones vasculares. Llame hoy mismo y obtendr\u00e1 m\u00e1s informaci\u00f3n sobre los tratamientos disponibles en el Vascular Birthmark Center \/ Centro de Marcas Vasculares de Nacimiento.\",\"breadcrumb\":{\"@id\":\"https:\/\/www.birthmarkcare.com\/es\/malformaciones-vasculares\/#breadcrumb\"},\"inLanguage\":\"es\",\"potentialAction\":[{\"@type\":\"ReadAction\",\"target\":[\"https:\/\/www.birthmarkcare.com\/es\/malformaciones-vasculares\/\"]}]},{\"@type\":\"BreadcrumbList\",\"@id\":\"https:\/\/www.birthmarkcare.com\/es\/malformaciones-vasculares\/#breadcrumb\",\"itemListElement\":[{\"@type\":\"ListItem\",\"position\":1,\"name\":\"Home\",\"item\":\"https:\/\/www.birthmarkcare.com\/es\/\"},{\"@type\":\"ListItem\",\"position\":2,\"name\":\"Malformaciones Vasculares\"}]},{\"@type\":\"WebSite\",\"@id\":\"https:\/\/www.birthmarkcare.com\/es\/#website\",\"url\":\"https:\/\/www.birthmarkcare.com\/es\/\",\"name\":\"The Vascular Birthmark Center: Gregory M. Levitin, MD\",\"description\":\"\",\"potentialAction\":[{\"@type\":\"SearchAction\",\"target\":{\"@type\":\"EntryPoint\",\"urlTemplate\":\"https:\/\/www.birthmarkcare.com\/es\/?s={search_term_string}\"},\"query-input\":{\"@type\":\"PropertyValueSpecification\",\"valueRequired\":true,\"valueName\":\"search_term_string\"}}],\"inLanguage\":\"es\"}]}<\/script>\n<!-- \/ Yoast SEO plugin. -->","yoast_head_json":{"title":"Causas, Eliminaci\u00f3n y Tratamiento de Malformaciones Vasculares en Nueva York | Los \u00c1ngeles","description":"El Dr. Greg Levitin reduce por debajo del 1% los riesgos de da\u00f1os al nervio facial por someterse a un tratamiento de malformaciones vasculares. Llame hoy mismo y obtendr\u00e1 m\u00e1s informaci\u00f3n sobre los tratamientos disponibles en el Vascular Birthmark Center \/ Centro de Marcas Vasculares de Nacimiento.","robots":{"index":"index","follow":"follow","max-snippet":"max-snippet:-1","max-image-preview":"max-image-preview:large","max-video-preview":"max-video-preview:-1"},"canonical":"https:\/\/www.birthmarkcare.com\/es\/malformaciones-vasculares\/","og_locale":"es_ES","og_type":"article","og_title":"Causas, Eliminaci\u00f3n y Tratamiento de Malformaciones Vasculares en Nueva York | Los \u00c1ngeles","og_description":"El Dr. Greg Levitin reduce por debajo del 1% los riesgos de da\u00f1os al nervio facial por someterse a un tratamiento de malformaciones vasculares. Llame hoy mismo y obtendr\u00e1 m\u00e1s informaci\u00f3n sobre los tratamientos disponibles en el Vascular Birthmark Center \/ Centro de Marcas Vasculares de Nacimiento.","og_url":"https:\/\/www.birthmarkcare.com\/es\/malformaciones-vasculares\/","og_site_name":"The Vascular Birthmark Center: Gregory M. Levitin, MD","article_modified_time":"2021-09-07T15:24:32+00:00","twitter_card":"summary_large_image","twitter_misc":{"Tiempo de lectura":"3 minutos"},"schema":{"@context":"https:\/\/schema.org","@graph":[{"@type":"WebPage","@id":"https:\/\/www.birthmarkcare.com\/es\/malformaciones-vasculares\/","url":"https:\/\/www.birthmarkcare.com\/es\/malformaciones-vasculares\/","name":"Causas, Eliminaci\u00f3n y Tratamiento de Malformaciones Vasculares en Nueva York | Los \u00c1ngeles","isPartOf":{"@id":"https:\/\/www.birthmarkcare.com\/es\/#website"},"datePublished":"2021-08-23T14:02:43+00:00","dateModified":"2021-09-07T15:24:32+00:00","description":"El Dr. Greg Levitin reduce por debajo del 1% los riesgos de da\u00f1os al nervio facial por someterse a un tratamiento de malformaciones vasculares. Llame hoy mismo y obtendr\u00e1 m\u00e1s informaci\u00f3n sobre los tratamientos disponibles en el Vascular Birthmark Center \/ Centro de Marcas Vasculares de Nacimiento.","breadcrumb":{"@id":"https:\/\/www.birthmarkcare.com\/es\/malformaciones-vasculares\/#breadcrumb"},"inLanguage":"es","potentialAction":[{"@type":"ReadAction","target":["https:\/\/www.birthmarkcare.com\/es\/malformaciones-vasculares\/"]}]},{"@type":"BreadcrumbList","@id":"https:\/\/www.birthmarkcare.com\/es\/malformaciones-vasculares\/#breadcrumb","itemListElement":[{"@type":"ListItem","position":1,"name":"Home","item":"https:\/\/www.birthmarkcare.com\/es\/"},{"@type":"ListItem","position":2,"name":"Malformaciones Vasculares"}]},{"@type":"WebSite","@id":"https:\/\/www.birthmarkcare.com\/es\/#website","url":"https:\/\/www.birthmarkcare.com\/es\/","name":"The Vascular Birthmark Center: Gregory M. Levitin, MD","description":"","potentialAction":[{"@type":"SearchAction","target":{"@type":"EntryPoint","urlTemplate":"https:\/\/www.birthmarkcare.com\/es\/?s={search_term_string}"},"query-input":{"@type":"PropertyValueSpecification","valueRequired":true,"valueName":"search_term_string"}}],"inLanguage":"es"}]}},"_links":{"self":[{"href":"https:\/\/www.birthmarkcare.com\/es\/wp-json\/wp\/v2\/pages\/1317","targetHints":{"allow":["GET"]}}],"collection":[{"href":"https:\/\/www.birthmarkcare.com\/es\/wp-json\/wp\/v2\/pages"}],"about":[{"href":"https:\/\/www.birthmarkcare.com\/es\/wp-json\/wp\/v2\/types\/page"}],"author":[{"embeddable":true,"href":"https:\/\/www.birthmarkcare.com\/es\/wp-json\/wp\/v2\/users\/1"}],"replies":[{"embeddable":true,"href":"https:\/\/www.birthmarkcare.com\/es\/wp-json\/wp\/v2\/comments?post=1317"}],"version-history":[{"count":7,"href":"https:\/\/www.birthmarkcare.com\/es\/wp-json\/wp\/v2\/pages\/1317\/revisions"}],"predecessor-version":[{"id":1431,"href":"https:\/\/www.birthmarkcare.com\/es\/wp-json\/wp\/v2\/pages\/1317\/revisions\/1431"}],"wp:attachment":[{"href":"https:\/\/www.birthmarkcare.com\/es\/wp-json\/wp\/v2\/media?parent=1317"}],"curies":[{"name":"wp","href":"https:\/\/api.w.org\/{rel}","templated":true}]}}