{"id":1325,"date":"2021-08-23T14:29:54","date_gmt":"2021-08-23T14:29:54","guid":{"rendered":"https:\/\/www.birthmarkcare.com\/?page_id=1325"},"modified":"2021-09-13T14:43:23","modified_gmt":"2021-09-13T14:43:23","slug":"malformaciones-linfaticas","status":"publish","type":"page","link":"https:\/\/www.birthmarkcare.com\/es\/malformaciones-vasculares\/malformaciones-linfaticas\/","title":{"rendered":"Malformaciones Linf\u00e1ticas"},"content":{"rendered":"<p>Las malformaciones linf\u00e1ticas son tratadas en funci\u00f3n de los s\u00edntomas manifestados en cada paciente. En muchos casos, el desarrollo de un plan de tratamiento eficaz requiere de la aportaci\u00f3n de opiniones de toda una serie de especialistas que trabajan conjunta y complementariamente. Es por ello por lo que la b\u00fasqueda de un diagn\u00f3stico y su correspondiente tratamiento en el Vascular Birthmark Center \/ Centro de Marcas Vasculares de Nacimiento, van en consonancia con el mayor inter\u00e9s y beneficio para nuestros pacientes.<\/p>\n<p>Una malformaci\u00f3n linf\u00e1tica es una masa benigna de fluido que puede afectar a diferentes partes del cuerpo. Aunque no existe una causa confirmada para esta <a href=\"https:\/\/www.birthmarkcare.com\/es\/malformaciones-vasculares\/\">malformaci\u00f3n<\/a>, se cree que el problema es el resultado del desarrollo anormal del sistema linf\u00e1tico. Si los s\u00edntomas no se han presentado al nacer, las malformaciones linf\u00e1ticas normalmente se vuelven visibles cuando el ni\u00f1o o la ni\u00f1a alcanzan la edad de dos a\u00f1os.<\/p>\n<h2>Tratamiento de Malformaciones Linf\u00e1ticas<\/h2>\n<p>Hay toda una serie de factores importantes a considerar cuando se explora el tratamiento de las malformaciones linf\u00e1ticas, como el tama\u00f1o, la ubicaci\u00f3n, los s\u00edntomas, la edad y el bienestar general, entre otros. Tambi\u00e9n, y en funci\u00f3n de una serie de factores que s\u00f3lo pueden determinarse durante una consulta y la evaluaci\u00f3n del paciente, se pueden descartar determinados tratamientos, incluidos aquellos a base de medicamentos. <\/p>\n<p>Es important\u00edsimo que, en todos los casos, los tratamientos m\u00e9dicos sean determinados por doctores cualificados, contando con el consentimiento de los padres. Durante la consulta y antes de iniciar un plan de tratamiento, el Dr. Greg Levitin le proporcionar\u00e1 toda la informaci\u00f3n necesaria acerca de los riesgos y beneficios asociados, tanto a corto como a largo plazo. El tratamiento para las malformaciones linf\u00e1ticas en cabeza y cuello requiere de una consideraci\u00f3n especial y est\u00e1 guiado por un sistema de etapas que ayuda a garantizar a\u00fan m\u00e1s que los resultados sean predecibles y controlados, en la medida de lo posible.<\/p>\n<p>El tratamiento puede abarcar desde una combinaci\u00f3n de terapias quir\u00fargicas con l\u00e1ser, hasta el drenaje percut\u00e1neo y la ablaci\u00f3n por radiofrecuencia. Todo lo cual solo debe ser realizado por profesionales m\u00e9dicos experimentados y cualificados. Es importante que todos los especialistas involucrados en el tratamiento de su hijo o hija trabajen en estrecha colaboraci\u00f3n y hagan cualquier ajuste que consideren necesario, seg\u00fan sus particulares enfoques, bas\u00e1ndose en los resultados de los procedimientos anteriores y en las expectativas de los posteriores.<\/p>\n<h3>Consulta y Evaluaci\u00f3n<\/h3>\n<p>Si bien la disponibilidad de una consulta en l\u00ednea gratuita en el Vascular Birthmark Center \/ Centro de Marcas Vasculares de Nacimiento, le proporcionar\u00e1 informaci\u00f3n \u00fatil que le ayudar\u00e1 a identificar la necesidad de que su hijo sea evaluado, cualquier examen f\u00edsico y opciones de tratamiento requerir\u00e1n de una visita presencial en consultorio con el Dr. Greg Levitin y su equipo. Comprendemos que viajar puede representar desaf\u00edos para algunos padres en cuesti\u00f3n de alojamiento, entre otros, pero estamos preparados y dispuestos a ayudarle de la mejor manera posible.<\/p>\n<p>El Vascular Birthmark Center \/ Centro de Marcas Vasculares de Nacimiento, tiene oficinas en Nueva York y Los \u00c1ngeles, por lo que le invitamos a ponerse en <a href=\"https:\/\/www.birthmarkcare.com\/es\/consulta-en-linea-gratuita\/\">contacto con nosotros<\/a> hoy mismo para analizar m\u00e1s a fondo la necesidad de realizar una evaluaci\u00f3n de la malformaci\u00f3n linf\u00e1tica que afecta a su hijo o hija, y su tratamiento. Si tiene alguna pregunta o duda respecto a las posibles opciones de tratamiento y sobre c\u00f3mo podr\u00edan afectar a su hijo o hija, le invitamos a que llame lo antes posible y hable con uno de los cualificados miembros de nuestro equipo m\u00e9dico.<\/p>\n","protected":false},"excerpt":{"rendered":"<p>Las malformaciones linf\u00e1ticas son tratadas en funci\u00f3n de los s\u00edntomas manifestados en cada paciente. En muchos casos, el desarrollo de<\/p>\n<p><a class=\"button\" href=\"https:\/\/www.birthmarkcare.com\/es\/malformaciones-vasculares\/malformaciones-linfaticas\/\">Leer el art\u00edculo completo<\/a><\/p>\n","protected":false},"author":1,"featured_media":0,"parent":1317,"menu_order":0,"comment_status":"closed","ping_status":"closed","template":"","meta":{"_acf_changed":false,"footnotes":""},"class_list":["post-1325","page","type-page","status-publish"],"acf":[],"yoast_head":"<!-- This site is optimized with the Yoast SEO plugin v25.7 - https:\/\/yoast.com\/wordpress\/plugins\/seo\/ -->\n<title>S\u00edntomas y Tratamiento de las Malformaciones Linf\u00e1ticas en Nueva York | Los \u00c1ngeles<\/title>\n<meta name=\"description\" content=\"Si su hijo o hija sufre los s\u00edntomas de las malformaciones linf\u00e1ticas, el Vascular Birthmark Center \/ Centro de Marcas Vasculares de Nacimiento est\u00e1 dispuesto a ayudarle. Llame hoy mismo y programe una consulta gratuita con un especialista cualificado.\" \/>\n<meta name=\"robots\" content=\"index, follow, max-snippet:-1, max-image-preview:large, max-video-preview:-1\" \/>\n<link rel=\"canonical\" href=\"https:\/\/www.birthmarkcare.com\/es\/malformaciones-vasculares\/malformaciones-linfaticas\/\" \/>\n<meta property=\"og:locale\" content=\"es_ES\" \/>\n<meta property=\"og:type\" content=\"article\" \/>\n<meta property=\"og:title\" content=\"S\u00edntomas y Tratamiento de las Malformaciones Linf\u00e1ticas en Nueva York | Los \u00c1ngeles\" \/>\n<meta property=\"og:description\" content=\"Si su hijo o hija sufre los s\u00edntomas de las malformaciones linf\u00e1ticas, el Vascular Birthmark Center \/ Centro de Marcas Vasculares de Nacimiento est\u00e1 dispuesto a ayudarle. Llame hoy mismo y programe una consulta gratuita con un especialista cualificado.\" \/>\n<meta property=\"og:url\" content=\"https:\/\/www.birthmarkcare.com\/es\/malformaciones-vasculares\/malformaciones-linfaticas\/\" \/>\n<meta property=\"og:site_name\" content=\"The Vascular Birthmark Center: Gregory M. Levitin, MD\" \/>\n<meta property=\"article:modified_time\" content=\"2021-09-13T14:43:23+00:00\" \/>\n<meta name=\"twitter:card\" content=\"summary_large_image\" \/>\n<meta name=\"twitter:label1\" content=\"Tiempo de lectura\" \/>\n\t<meta name=\"twitter:data1\" content=\"3 minutos\" \/>\n<script type=\"application\/ld+json\" class=\"yoast-schema-graph\">{\"@context\":\"https:\/\/schema.org\",\"@graph\":[{\"@type\":\"WebPage\",\"@id\":\"https:\/\/www.birthmarkcare.com\/es\/malformaciones-vasculares\/malformaciones-linfaticas\/\",\"url\":\"https:\/\/www.birthmarkcare.com\/es\/malformaciones-vasculares\/malformaciones-linfaticas\/\",\"name\":\"S\u00edntomas y Tratamiento de las Malformaciones Linf\u00e1ticas en Nueva York | Los \u00c1ngeles\",\"isPartOf\":{\"@id\":\"https:\/\/www.birthmarkcare.com\/es\/#website\"},\"datePublished\":\"2021-08-23T14:29:54+00:00\",\"dateModified\":\"2021-09-13T14:43:23+00:00\",\"description\":\"Si su hijo o hija sufre los s\u00edntomas de las malformaciones linf\u00e1ticas, el Vascular Birthmark Center \/ Centro de Marcas Vasculares de Nacimiento est\u00e1 dispuesto a ayudarle. Llame hoy mismo y programe una consulta gratuita con un especialista cualificado.\",\"breadcrumb\":{\"@id\":\"https:\/\/www.birthmarkcare.com\/es\/malformaciones-vasculares\/malformaciones-linfaticas\/#breadcrumb\"},\"inLanguage\":\"es\",\"potentialAction\":[{\"@type\":\"ReadAction\",\"target\":[\"https:\/\/www.birthmarkcare.com\/es\/malformaciones-vasculares\/malformaciones-linfaticas\/\"]}]},{\"@type\":\"BreadcrumbList\",\"@id\":\"https:\/\/www.birthmarkcare.com\/es\/malformaciones-vasculares\/malformaciones-linfaticas\/#breadcrumb\",\"itemListElement\":[{\"@type\":\"ListItem\",\"position\":1,\"name\":\"Home\",\"item\":\"https:\/\/www.birthmarkcare.com\/es\/\"},{\"@type\":\"ListItem\",\"position\":2,\"name\":\"Malformaciones Vasculares\",\"item\":\"https:\/\/www.birthmarkcare.com\/es\/malformaciones-vasculares\/\"},{\"@type\":\"ListItem\",\"position\":3,\"name\":\"Malformaciones Linf\u00e1ticas\"}]},{\"@type\":\"WebSite\",\"@id\":\"https:\/\/www.birthmarkcare.com\/es\/#website\",\"url\":\"https:\/\/www.birthmarkcare.com\/es\/\",\"name\":\"The Vascular Birthmark Center: Gregory M. Levitin, MD\",\"description\":\"\",\"potentialAction\":[{\"@type\":\"SearchAction\",\"target\":{\"@type\":\"EntryPoint\",\"urlTemplate\":\"https:\/\/www.birthmarkcare.com\/es\/?s={search_term_string}\"},\"query-input\":{\"@type\":\"PropertyValueSpecification\",\"valueRequired\":true,\"valueName\":\"search_term_string\"}}],\"inLanguage\":\"es\"}]}<\/script>\n<!-- \/ Yoast SEO plugin. -->","yoast_head_json":{"title":"S\u00edntomas y Tratamiento de las Malformaciones Linf\u00e1ticas en Nueva York | Los \u00c1ngeles","description":"Si su hijo o hija sufre los s\u00edntomas de las malformaciones linf\u00e1ticas, el Vascular Birthmark Center \/ Centro de Marcas Vasculares de Nacimiento est\u00e1 dispuesto a ayudarle. Llame hoy mismo y programe una consulta gratuita con un especialista cualificado.","robots":{"index":"index","follow":"follow","max-snippet":"max-snippet:-1","max-image-preview":"max-image-preview:large","max-video-preview":"max-video-preview:-1"},"canonical":"https:\/\/www.birthmarkcare.com\/es\/malformaciones-vasculares\/malformaciones-linfaticas\/","og_locale":"es_ES","og_type":"article","og_title":"S\u00edntomas y Tratamiento de las Malformaciones Linf\u00e1ticas en Nueva York | Los \u00c1ngeles","og_description":"Si su hijo o hija sufre los s\u00edntomas de las malformaciones linf\u00e1ticas, el Vascular Birthmark Center \/ Centro de Marcas Vasculares de Nacimiento est\u00e1 dispuesto a ayudarle. Llame hoy mismo y programe una consulta gratuita con un especialista cualificado.","og_url":"https:\/\/www.birthmarkcare.com\/es\/malformaciones-vasculares\/malformaciones-linfaticas\/","og_site_name":"The Vascular Birthmark Center: Gregory M. Levitin, MD","article_modified_time":"2021-09-13T14:43:23+00:00","twitter_card":"summary_large_image","twitter_misc":{"Tiempo de lectura":"3 minutos"},"schema":{"@context":"https:\/\/schema.org","@graph":[{"@type":"WebPage","@id":"https:\/\/www.birthmarkcare.com\/es\/malformaciones-vasculares\/malformaciones-linfaticas\/","url":"https:\/\/www.birthmarkcare.com\/es\/malformaciones-vasculares\/malformaciones-linfaticas\/","name":"S\u00edntomas y Tratamiento de las Malformaciones Linf\u00e1ticas en Nueva York | Los \u00c1ngeles","isPartOf":{"@id":"https:\/\/www.birthmarkcare.com\/es\/#website"},"datePublished":"2021-08-23T14:29:54+00:00","dateModified":"2021-09-13T14:43:23+00:00","description":"Si su hijo o hija sufre los s\u00edntomas de las malformaciones linf\u00e1ticas, el Vascular Birthmark Center \/ Centro de Marcas Vasculares de Nacimiento est\u00e1 dispuesto a ayudarle. Llame hoy mismo y programe una consulta gratuita con un especialista cualificado.","breadcrumb":{"@id":"https:\/\/www.birthmarkcare.com\/es\/malformaciones-vasculares\/malformaciones-linfaticas\/#breadcrumb"},"inLanguage":"es","potentialAction":[{"@type":"ReadAction","target":["https:\/\/www.birthmarkcare.com\/es\/malformaciones-vasculares\/malformaciones-linfaticas\/"]}]},{"@type":"BreadcrumbList","@id":"https:\/\/www.birthmarkcare.com\/es\/malformaciones-vasculares\/malformaciones-linfaticas\/#breadcrumb","itemListElement":[{"@type":"ListItem","position":1,"name":"Home","item":"https:\/\/www.birthmarkcare.com\/es\/"},{"@type":"ListItem","position":2,"name":"Malformaciones Vasculares","item":"https:\/\/www.birthmarkcare.com\/es\/malformaciones-vasculares\/"},{"@type":"ListItem","position":3,"name":"Malformaciones Linf\u00e1ticas"}]},{"@type":"WebSite","@id":"https:\/\/www.birthmarkcare.com\/es\/#website","url":"https:\/\/www.birthmarkcare.com\/es\/","name":"The Vascular Birthmark Center: Gregory M. Levitin, MD","description":"","potentialAction":[{"@type":"SearchAction","target":{"@type":"EntryPoint","urlTemplate":"https:\/\/www.birthmarkcare.com\/es\/?s={search_term_string}"},"query-input":{"@type":"PropertyValueSpecification","valueRequired":true,"valueName":"search_term_string"}}],"inLanguage":"es"}]}},"_links":{"self":[{"href":"https:\/\/www.birthmarkcare.com\/es\/wp-json\/wp\/v2\/pages\/1325","targetHints":{"allow":["GET"]}}],"collection":[{"href":"https:\/\/www.birthmarkcare.com\/es\/wp-json\/wp\/v2\/pages"}],"about":[{"href":"https:\/\/www.birthmarkcare.com\/es\/wp-json\/wp\/v2\/types\/page"}],"author":[{"embeddable":true,"href":"https:\/\/www.birthmarkcare.com\/es\/wp-json\/wp\/v2\/users\/1"}],"replies":[{"embeddable":true,"href":"https:\/\/www.birthmarkcare.com\/es\/wp-json\/wp\/v2\/comments?post=1325"}],"version-history":[{"count":4,"href":"https:\/\/www.birthmarkcare.com\/es\/wp-json\/wp\/v2\/pages\/1325\/revisions"}],"predecessor-version":[{"id":1439,"href":"https:\/\/www.birthmarkcare.com\/es\/wp-json\/wp\/v2\/pages\/1325\/revisions\/1439"}],"up":[{"embeddable":true,"href":"https:\/\/www.birthmarkcare.com\/es\/wp-json\/wp\/v2\/pages\/1317"}],"wp:attachment":[{"href":"https:\/\/www.birthmarkcare.com\/es\/wp-json\/wp\/v2\/media?parent=1325"}],"curies":[{"name":"wp","href":"https:\/\/api.w.org\/{rel}","templated":true}]}}