{"id":1328,"date":"2021-08-23T14:34:39","date_gmt":"2021-08-23T14:34:39","guid":{"rendered":"https:\/\/www.birthmarkcare.com\/?page_id=1328"},"modified":"2021-09-07T15:34:03","modified_gmt":"2021-09-07T15:34:03","slug":"manchas-de-vino-de-oporto","status":"publish","type":"page","link":"https:\/\/www.birthmarkcare.com\/es\/malformaciones-vasculares\/manchas-de-vino-de-oporto\/","title":{"rendered":"Manchas de \u2018Vino de Oporto\u2019"},"content":{"rendered":"<p>Es probable que haya o\u00eddo hablar de las manchas de \u2018vino de Oporto\u2019. Reciben este nombre debido a su parecido a un derrame de vino, siendo de color rojo o p\u00farpura. Sin embargo, lo que la mayor\u00eda de la gente desconoce es que estas marcas est\u00e1n asociadas con una serie de <a href=\"https:\/\/www.birthmarkcare.com\/es\/malformaciones-vasculares\/\">malformaciones vasculares<\/a> diferentes, cada una de ellas con su propia sintomatolog\u00eda y sus posibles complicaciones para la salud. No existe una \u00fanica y estandarizada alternativa para retirar este tipo de malformaciones vasculares, ya que cualquier procedimiento a seguir debe ser en funci\u00f3n de una evaluaci\u00f3n de las necesidades individuales y espec\u00edficas de cada paciente.<\/p>\n<p>Adicionalmente, a menudo se requiere la aplicaci\u00f3n de tratamientos conjuntos y combinados que, por una parte, quiten las manchas de \u2018vino de Oporto\u2019 a la vez de tratar cualquier malfuncionamiento vascular asociado. Solo el hecho de buscar un tratamiento podr\u00eda resultar complejo y dejar\u00eda a muchos pacientes con un sentimiento de frustraci\u00f3n, al no contar con ning\u00fan otro lugar al que acudir. En el Vascular Birthmark Center \/ Centro de Marcas Vasculares de Nacimiento, proporcionamos diagn\u00f3sticos y tratamientos para las marcas o malformaciones vasculares de nacimiento, adem\u00e1s de eliminar manchas de \u2018vino de Oporto\u2019 mediante el uso combinado de diferentes m\u00e9todos.<\/p>\n<h2>Eliminaci\u00f3n de Manchas de \u2018Vino de Oporto\u2019<\/h2>\n<p>Si no se acude a una consulta previa, com\u00fanmente se suele pensar que la terapia con l\u00e1ser desempe\u00f1ar\u00e1 un papel importante en el tratamiento a seguir. Sin embargo, la ubicaci\u00f3n, el tama\u00f1o, el color y la gravedad de las manchas de \u2018vino de Oporto\u2019, unido a cualquier potencial complicaci\u00f3n asociada, pueden ser factores importantes que nuestro equipo de profesionales en el Vascular Birthmark Center \/ Centro de Marcas Vasculares de Nacimiento, toma en cuenta en el proceso de toma de decisiones.<\/p>\n<p>Muchas cl\u00ednicas se enfocan efectivamente en \u201cel mejor pron\u00f3stico\u201d, lo que depende del grado de experiencia del m\u00e9dico y la relevancia de sus cualidades. Muchos padres adem\u00e1s no se atreven a buscar un tratamiento para sus hijos porque han sido informados del alto riesgo (alrededor del 50% de probabilidades) de que se produzca un da\u00f1o a los nervios. Lo que con certeza le podemos asegurar es que el Dr. Greg Levitin utiliza t\u00e9cnicas avanzadas de diagn\u00f3stico y tratamiento, que incluyen un sistema intraoperatorio de monitoreo de nervios que reduce a menos del 1% el riesgo potencial de causar da\u00f1o a los nervios faciales cuando las manchas de \u2018vino de Oporto\u2019 se encuentran en la cara o en el cuello.<\/p>\n<p>Para la eliminaci\u00f3n de las manchas de \u2018vino de Oporto\u2019 es probable que la terapia con l\u00e1ser, por s\u00ed sola, resulte ineficiente; la cirug\u00eda tambi\u00e9n resulta una alternativa que el Dr. Greg Levitin recomienda, ya que las manchas m\u00e1s grandes presentan mayores desaf\u00edos. Es importante comprender perfectamente los procedimientos involucrados, en contraposici\u00f3n a los posibles resultados que se esperan obtener, para decidir qu\u00e9 opciones de remoci\u00f3n le proporcionar\u00e1n a su hijo o hija mayores beneficios.<\/p>\n<h3>Apoyo a Padres e Hijos<\/h3>\n<p>El Dr. Levitin y su equipo dan pleno apoyo a los padres y a sus hijos cuando buscan la eliminaci\u00f3n efectiva de las manchas de \u2018vino de Oporto\u2019. El Vascular Birthmark Center \/ Centro de Marcas Vasculares de Nacimiento, mantiene una estrecha relaci\u00f3n con la Fundaci\u00f3n de Marcas Vasculares de Nacimiento (VBF, por sus siglas en ingl\u00e9s), trabajando conjuntamente para garantizar que los pacientes est\u00e9n completamente informados y entiendan tanto los diagn\u00f3sticos como las distintas alternativas de tratamiento, antes de comprometerse con la terapia con l\u00e1ser o la cirug\u00eda.<\/p>\n<p>Si las manchas de \u2018vino de Oporto\u2019 de su hijo o hija son una peque\u00f1a muestra de otra malformaci\u00f3n vascular, es posible que necesite otro tratamiento especializado que no est\u00e9 disponible en nuestras instalaciones. Sin embargo, nuestro objetivo es garantizar que todos los tratamientos se lleven a cabo conjuntamente, para as\u00ed minimizar el impacto f\u00edsico y psicol\u00f3gico en el menor. P\u00f3ngase hoy mismo en <a href=\"https:\/\/www.birthmarkcare.com\/es\/consulta-en-linea-gratuita\/\">contacto con el Vascular Birthmark Center \/ Centro de Marcas Vasculares de Nacimiento<\/a>.<\/p>\n","protected":false},"excerpt":{"rendered":"<p>Es probable que haya o\u00eddo hablar de las manchas de \u2018vino de Oporto\u2019. Reciben este nombre debido a su parecido<\/p>\n<p><a class=\"button\" href=\"https:\/\/www.birthmarkcare.com\/es\/malformaciones-vasculares\/manchas-de-vino-de-oporto\/\">Leer el art\u00edculo completo<\/a><\/p>\n","protected":false},"author":1,"featured_media":0,"parent":1317,"menu_order":0,"comment_status":"closed","ping_status":"closed","template":"","meta":{"_acf_changed":false,"footnotes":""},"class_list":["post-1328","page","type-page","status-publish"],"acf":[],"yoast_head":"<!-- This site is optimized with the Yoast SEO plugin v25.7 - https:\/\/yoast.com\/wordpress\/plugins\/seo\/ -->\n<title>Causas, Tratamiento y Eliminaci\u00f3n de las Manchas de \u2018Vino de Oporto\u2019 en Nueva York | Los \u00c1ngeles, Nueva York<\/title>\n<meta name=\"description\" content=\"\u00bfSu hijo tiene manchas de \u2018vino de Oporto\u2019 que est\u00e1n afectando su autoestima? Llame al Vascular Birthmark Center \/ Centro de Marcas Vasculares de Nacimiento, averig\u00fce c\u00f3mo le podemos ayudar y qu\u00e9 recomendaciones y apoyos le podemos prestar para su eliminaci\u00f3n.\" \/>\n<meta name=\"robots\" content=\"index, follow, max-snippet:-1, max-image-preview:large, max-video-preview:-1\" \/>\n<link rel=\"canonical\" href=\"https:\/\/www.birthmarkcare.com\/es\/malformaciones-vasculares\/manchas-de-vino-de-oporto\/\" \/>\n<meta property=\"og:locale\" content=\"es_ES\" \/>\n<meta property=\"og:type\" content=\"article\" \/>\n<meta property=\"og:title\" content=\"Causas, Tratamiento y Eliminaci\u00f3n de las Manchas de \u2018Vino de Oporto\u2019 en Nueva York | Los \u00c1ngeles, Nueva York\" \/>\n<meta property=\"og:description\" content=\"\u00bfSu hijo tiene manchas de \u2018vino de Oporto\u2019 que est\u00e1n afectando su autoestima? Llame al Vascular Birthmark Center \/ Centro de Marcas Vasculares de Nacimiento, averig\u00fce c\u00f3mo le podemos ayudar y qu\u00e9 recomendaciones y apoyos le podemos prestar para su eliminaci\u00f3n.\" \/>\n<meta property=\"og:url\" content=\"https:\/\/www.birthmarkcare.com\/es\/malformaciones-vasculares\/manchas-de-vino-de-oporto\/\" \/>\n<meta property=\"og:site_name\" content=\"The Vascular Birthmark Center: Gregory M. Levitin, MD\" \/>\n<meta property=\"article:modified_time\" content=\"2021-09-07T15:34:03+00:00\" \/>\n<meta name=\"twitter:card\" content=\"summary_large_image\" \/>\n<meta name=\"twitter:label1\" content=\"Tiempo de lectura\" \/>\n\t<meta name=\"twitter:data1\" content=\"4 minutos\" \/>\n<script type=\"application\/ld+json\" class=\"yoast-schema-graph\">{\"@context\":\"https:\/\/schema.org\",\"@graph\":[{\"@type\":\"WebPage\",\"@id\":\"https:\/\/www.birthmarkcare.com\/es\/malformaciones-vasculares\/manchas-de-vino-de-oporto\/\",\"url\":\"https:\/\/www.birthmarkcare.com\/es\/malformaciones-vasculares\/manchas-de-vino-de-oporto\/\",\"name\":\"Causas, Tratamiento y Eliminaci\u00f3n de las Manchas de \u2018Vino de Oporto\u2019 en Nueva York | Los \u00c1ngeles, Nueva York\",\"isPartOf\":{\"@id\":\"https:\/\/www.birthmarkcare.com\/es\/#website\"},\"datePublished\":\"2021-08-23T14:34:39+00:00\",\"dateModified\":\"2021-09-07T15:34:03+00:00\",\"description\":\"\u00bfSu hijo tiene manchas de \u2018vino de Oporto\u2019 que est\u00e1n afectando su autoestima? Llame al Vascular Birthmark Center \/ Centro de Marcas Vasculares de Nacimiento, averig\u00fce c\u00f3mo le podemos ayudar y qu\u00e9 recomendaciones y apoyos le podemos prestar para su eliminaci\u00f3n.\",\"breadcrumb\":{\"@id\":\"https:\/\/www.birthmarkcare.com\/es\/malformaciones-vasculares\/manchas-de-vino-de-oporto\/#breadcrumb\"},\"inLanguage\":\"es\",\"potentialAction\":[{\"@type\":\"ReadAction\",\"target\":[\"https:\/\/www.birthmarkcare.com\/es\/malformaciones-vasculares\/manchas-de-vino-de-oporto\/\"]}]},{\"@type\":\"BreadcrumbList\",\"@id\":\"https:\/\/www.birthmarkcare.com\/es\/malformaciones-vasculares\/manchas-de-vino-de-oporto\/#breadcrumb\",\"itemListElement\":[{\"@type\":\"ListItem\",\"position\":1,\"name\":\"Home\",\"item\":\"https:\/\/www.birthmarkcare.com\/es\/\"},{\"@type\":\"ListItem\",\"position\":2,\"name\":\"Malformaciones Vasculares\",\"item\":\"https:\/\/www.birthmarkcare.com\/es\/malformaciones-vasculares\/\"},{\"@type\":\"ListItem\",\"position\":3,\"name\":\"Manchas de \u2018Vino de Oporto\u2019\"}]},{\"@type\":\"WebSite\",\"@id\":\"https:\/\/www.birthmarkcare.com\/es\/#website\",\"url\":\"https:\/\/www.birthmarkcare.com\/es\/\",\"name\":\"The Vascular Birthmark Center: Gregory M. Levitin, MD\",\"description\":\"\",\"potentialAction\":[{\"@type\":\"SearchAction\",\"target\":{\"@type\":\"EntryPoint\",\"urlTemplate\":\"https:\/\/www.birthmarkcare.com\/es\/?s={search_term_string}\"},\"query-input\":{\"@type\":\"PropertyValueSpecification\",\"valueRequired\":true,\"valueName\":\"search_term_string\"}}],\"inLanguage\":\"es\"}]}<\/script>\n<!-- \/ Yoast SEO plugin. -->","yoast_head_json":{"title":"Causas, Tratamiento y Eliminaci\u00f3n de las Manchas de \u2018Vino de Oporto\u2019 en Nueva York | Los \u00c1ngeles, Nueva York","description":"\u00bfSu hijo tiene manchas de \u2018vino de Oporto\u2019 que est\u00e1n afectando su autoestima? Llame al Vascular Birthmark Center \/ Centro de Marcas Vasculares de Nacimiento, averig\u00fce c\u00f3mo le podemos ayudar y qu\u00e9 recomendaciones y apoyos le podemos prestar para su eliminaci\u00f3n.","robots":{"index":"index","follow":"follow","max-snippet":"max-snippet:-1","max-image-preview":"max-image-preview:large","max-video-preview":"max-video-preview:-1"},"canonical":"https:\/\/www.birthmarkcare.com\/es\/malformaciones-vasculares\/manchas-de-vino-de-oporto\/","og_locale":"es_ES","og_type":"article","og_title":"Causas, Tratamiento y Eliminaci\u00f3n de las Manchas de \u2018Vino de Oporto\u2019 en Nueva York | Los \u00c1ngeles, Nueva York","og_description":"\u00bfSu hijo tiene manchas de \u2018vino de Oporto\u2019 que est\u00e1n afectando su autoestima? Llame al Vascular Birthmark Center \/ Centro de Marcas Vasculares de Nacimiento, averig\u00fce c\u00f3mo le podemos ayudar y qu\u00e9 recomendaciones y apoyos le podemos prestar para su eliminaci\u00f3n.","og_url":"https:\/\/www.birthmarkcare.com\/es\/malformaciones-vasculares\/manchas-de-vino-de-oporto\/","og_site_name":"The Vascular Birthmark Center: Gregory M. Levitin, MD","article_modified_time":"2021-09-07T15:34:03+00:00","twitter_card":"summary_large_image","twitter_misc":{"Tiempo de lectura":"4 minutos"},"schema":{"@context":"https:\/\/schema.org","@graph":[{"@type":"WebPage","@id":"https:\/\/www.birthmarkcare.com\/es\/malformaciones-vasculares\/manchas-de-vino-de-oporto\/","url":"https:\/\/www.birthmarkcare.com\/es\/malformaciones-vasculares\/manchas-de-vino-de-oporto\/","name":"Causas, Tratamiento y Eliminaci\u00f3n de las Manchas de \u2018Vino de Oporto\u2019 en Nueva York | Los \u00c1ngeles, Nueva York","isPartOf":{"@id":"https:\/\/www.birthmarkcare.com\/es\/#website"},"datePublished":"2021-08-23T14:34:39+00:00","dateModified":"2021-09-07T15:34:03+00:00","description":"\u00bfSu hijo tiene manchas de \u2018vino de Oporto\u2019 que est\u00e1n afectando su autoestima? Llame al Vascular Birthmark Center \/ Centro de Marcas Vasculares de Nacimiento, averig\u00fce c\u00f3mo le podemos ayudar y qu\u00e9 recomendaciones y apoyos le podemos prestar para su eliminaci\u00f3n.","breadcrumb":{"@id":"https:\/\/www.birthmarkcare.com\/es\/malformaciones-vasculares\/manchas-de-vino-de-oporto\/#breadcrumb"},"inLanguage":"es","potentialAction":[{"@type":"ReadAction","target":["https:\/\/www.birthmarkcare.com\/es\/malformaciones-vasculares\/manchas-de-vino-de-oporto\/"]}]},{"@type":"BreadcrumbList","@id":"https:\/\/www.birthmarkcare.com\/es\/malformaciones-vasculares\/manchas-de-vino-de-oporto\/#breadcrumb","itemListElement":[{"@type":"ListItem","position":1,"name":"Home","item":"https:\/\/www.birthmarkcare.com\/es\/"},{"@type":"ListItem","position":2,"name":"Malformaciones Vasculares","item":"https:\/\/www.birthmarkcare.com\/es\/malformaciones-vasculares\/"},{"@type":"ListItem","position":3,"name":"Manchas de \u2018Vino de Oporto\u2019"}]},{"@type":"WebSite","@id":"https:\/\/www.birthmarkcare.com\/es\/#website","url":"https:\/\/www.birthmarkcare.com\/es\/","name":"The Vascular Birthmark Center: Gregory M. Levitin, MD","description":"","potentialAction":[{"@type":"SearchAction","target":{"@type":"EntryPoint","urlTemplate":"https:\/\/www.birthmarkcare.com\/es\/?s={search_term_string}"},"query-input":{"@type":"PropertyValueSpecification","valueRequired":true,"valueName":"search_term_string"}}],"inLanguage":"es"}]}},"_links":{"self":[{"href":"https:\/\/www.birthmarkcare.com\/es\/wp-json\/wp\/v2\/pages\/1328","targetHints":{"allow":["GET"]}}],"collection":[{"href":"https:\/\/www.birthmarkcare.com\/es\/wp-json\/wp\/v2\/pages"}],"about":[{"href":"https:\/\/www.birthmarkcare.com\/es\/wp-json\/wp\/v2\/types\/page"}],"author":[{"embeddable":true,"href":"https:\/\/www.birthmarkcare.com\/es\/wp-json\/wp\/v2\/users\/1"}],"replies":[{"embeddable":true,"href":"https:\/\/www.birthmarkcare.com\/es\/wp-json\/wp\/v2\/comments?post=1328"}],"version-history":[{"count":3,"href":"https:\/\/www.birthmarkcare.com\/es\/wp-json\/wp\/v2\/pages\/1328\/revisions"}],"predecessor-version":[{"id":1441,"href":"https:\/\/www.birthmarkcare.com\/es\/wp-json\/wp\/v2\/pages\/1328\/revisions\/1441"}],"up":[{"embeddable":true,"href":"https:\/\/www.birthmarkcare.com\/es\/wp-json\/wp\/v2\/pages\/1317"}],"wp:attachment":[{"href":"https:\/\/www.birthmarkcare.com\/es\/wp-json\/wp\/v2\/media?parent=1328"}],"curies":[{"name":"wp","href":"https:\/\/api.w.org\/{rel}","templated":true}]}}