{"id":1334,"date":"2021-08-23T14:41:55","date_gmt":"2021-08-23T14:41:55","guid":{"rendered":"https:\/\/www.birthmarkcare.com\/?page_id=1334"},"modified":"2021-09-13T14:52:56","modified_gmt":"2021-09-13T14:52:56","slug":"malformaciones-venosas","status":"publish","type":"page","link":"https:\/\/www.birthmarkcare.com\/es\/malformaciones-vasculares\/malformaciones-venosas\/","title":{"rendered":"Malformaci\u00f3n Venosa"},"content":{"rendered":"<p>Las malformaciones venosas afectan espec\u00edficamente a los vasos sangu\u00edneos, lo que se traduce en un flujo sangu\u00edneo anormal. La funci\u00f3n natural de un vaso sangu\u00edneo involucra c\u00e9lulas musculares que aseguran que \u00e9ste permanezca en buena forma, lo que le permitir\u00e1 agrandarse cuando sea necesario, controlando de esta manera la presi\u00f3n arterial. Esta funci\u00f3n no est\u00e1 presente en las malformaciones venosas, por lo que el flujo sangu\u00edneo no puede ser regulado correctamente. Los co\u00e1gulos no son infrecuentes en las malformaciones venosas y pueden producirse, eventualmente, al da\u00f1arse las paredes de los vasos sangu\u00edneos.<\/p>\n<p>Usted puede identificar estas <a href=\"https:\/\/www.birthmarkcare.com\/es\/malformaciones-vasculares\/\">malformaciones vasculares<\/a> ya que aparecen como bultos o leves protuberancias de color azul bajo la piel. Aunque las malformaciones venosas sean cong\u00e9nitas, pueden no ser detectadas hasta bien avanzada la ni\u00f1ez. Un aumento en el flujo sangu\u00edneo har\u00e1 que \u00e9stas se vuelvan m\u00e1s evidentes, por lo que la mayor\u00eda de los padres no ser\u00e1n conscientes de la existencia del problema hasta que sean testigos de los bultos que se desarrollan cuando el ni\u00f1o o la ni\u00f1a se involucren en actividades f\u00edsicas que incrementen el flujo sangu\u00edneo.<\/p>\n<p>El tama\u00f1o de las malformaciones venosas suele incrementarse de manera proporcional conforme el ni\u00f1o o la ni\u00f1a van creciendo. Sin embargo, tambi\u00e9n se vuelven m\u00e1s prominentes en aquellos casos en que coincide con un de peso o cuando la malformaci\u00f3n sucede durante alg\u00fan tipo de cambio o evento traum\u00e1tico como, por ejemplo, el inicio de la pubertad, los cambios hormonales causados por el uso de medicamentos anticonceptivos o durante el embarazo.<\/p>\n<h2>Diagn\u00f3stico Especializado<\/h2>\n<p>La apariencia o el comportamiento, por s\u00ed solos, no son suficientes para poder proporcionar un diagn\u00f3stico certero. El Vascular Birthmark Center \/ Centro de Marcas Vasculares de Nacimiento, utiliza herramientas especializadas, como equipos de imagenolog\u00eda, con los que pueden confirmar el diagn\u00f3stico de los pacientes antes de recomendar cualquier opci\u00f3n de tratamiento. Una ecograf\u00eda tambi\u00e9n puede ser \u00fatil para examinar el flujo sangu\u00edneo e identificar la presencia de cualquier coagulaci\u00f3n. En aquellos casos en que exista una preocupaci\u00f3n importante por la salud general del ni\u00f1o o la ni\u00f1a, se podr\u00eda requerir una resonancia magn\u00e9tica que determinar\u00eda, con mayor precisi\u00f3n, la ubicaci\u00f3n y gravedad de las malformaciones venosas.<\/p>\n<h3>Tratamiento de Malformaciones Venosas<\/h3>\n<p>Para realizar un tratamiento eficaz de las malformaciones venosas se requiere del esfuerzo y la cooperaci\u00f3n de un equipo de especialistas cualificados. En el Vascular Birthmark Center \/ Centro de Marcas Vasculares de Nacimiento, dirigido por el Dr. Greg Levitin, hay todo un grupo de especialistas que aporta habilidades y conocimientos espec\u00edficos. En muchos casos, este inigualable equipo podr\u00e1, cuando menos, recomendarle un plan de evaluaci\u00f3n para su hijo o hija, para que asista a nuestras oficinas regularmente y sus malformaciones venosas sean monitoreadas.<\/p>\n<p>El tratamiento medicinal es una opci\u00f3n que previene complicaciones derivadas de los co\u00e1gulos de sangre, por ejemplo, se pueden utilizar dosis controladas de heparina para disolver cualquier co\u00e1gulo que se hubiera podido formar. An\u00e1lisis peri\u00f3dicos de sangre son necesarios para mantener un control preciso de la dosis de medicamento y de los resultados obtenidos. La escleroterapia es un tratamiento alternativo llevado a cabo por un radi\u00f3logo y que tiene por objeto la contracci\u00f3n de los vasos sangu\u00edneos utilizando una sustancia espec\u00edficamente dise\u00f1ada para tal efecto. Este procedimiento se realiza bajo anestesia, para garantizar la seguridad y comodidad del paciente.<\/p>\n<p>Si su hijo o hija est\u00e1 sufriendo de peque\u00f1as malformaciones venosas cerca de la superficie de la piel, se recomienda una terapia con l\u00e1ser dirigida a dar un alivio duradero. El Vascular Birthmark Center \/ Centro de Marcas Vasculares de Nacimiento, tambi\u00e9n ofrece tratamientos con l\u00e1ser endovenoso que ataca las malformaciones venosas m\u00e1s dif\u00edciles de alcanzar. Y para su mayor tranquilidad y confianza, las probabilidades de causar da\u00f1o al nervio facial, asociadas con el tratamiento han sido reducidas por el Dr. Greg Levitin a niveles inferiores al 1%.<\/p>\n<p>Para explorar esta y otras opciones de tratamiento, <a href=\"https:\/\/www.birthmarkcare.com\/es\/consulta-en-linea-gratuita\/\">comun\u00edquese con el Vascular Birthmark Center \/ Centro de Marcas Vasculares de Nacimiento<\/a> hoy mismo y programe una evaluaci\u00f3n m\u00e1s completa.<\/p>\n","protected":false},"excerpt":{"rendered":"<p>Las malformaciones venosas afectan espec\u00edficamente a los vasos sangu\u00edneos, lo que se traduce en un flujo sangu\u00edneo anormal. La funci\u00f3n<\/p>\n<p><a class=\"button\" href=\"https:\/\/www.birthmarkcare.com\/es\/malformaciones-vasculares\/malformaciones-venosas\/\">Leer el art\u00edculo completo<\/a><\/p>\n","protected":false},"author":1,"featured_media":0,"parent":1317,"menu_order":0,"comment_status":"closed","ping_status":"closed","template":"","meta":{"_acf_changed":false,"footnotes":""},"class_list":["post-1334","page","type-page","status-publish"],"acf":[],"yoast_head":"<!-- This site is optimized with the Yoast SEO plugin v27.4 - https:\/\/yoast.com\/product\/yoast-seo-wordpress\/ -->\n<title>Causas y Tratamiento de Malformaciones Venosas en Nueva York | Los \u00c1ngeles, Nueva York<\/title>\n<meta name=\"description\" content=\"En el Vascular Birthmark Center \/ Centro de Marcas Vasculares de Nacimiento, proporcionamos tratamientos especializados a ni\u00f1os, ni\u00f1as y adultos que sufren de malformaciones venosas. Llame hoy y obtendr\u00e1 m\u00e1s informaci\u00f3n sobre las opciones de tratamiento.\" \/>\n<meta name=\"robots\" content=\"index, follow, max-snippet:-1, max-image-preview:large, max-video-preview:-1\" \/>\n<link rel=\"canonical\" href=\"https:\/\/www.birthmarkcare.com\/es\/malformaciones-vasculares\/malformaciones-venosas\/\" \/>\n<meta property=\"og:locale\" content=\"es_ES\" \/>\n<meta property=\"og:type\" content=\"article\" \/>\n<meta property=\"og:title\" content=\"Causas y Tratamiento de Malformaciones Venosas en Nueva York | Los \u00c1ngeles, Nueva York\" \/>\n<meta property=\"og:description\" content=\"En el Vascular Birthmark Center \/ Centro de Marcas Vasculares de Nacimiento, proporcionamos tratamientos especializados a ni\u00f1os, ni\u00f1as y adultos que sufren de malformaciones venosas. Llame hoy y obtendr\u00e1 m\u00e1s informaci\u00f3n sobre las opciones de tratamiento.\" \/>\n<meta property=\"og:url\" content=\"https:\/\/www.birthmarkcare.com\/es\/malformaciones-vasculares\/malformaciones-venosas\/\" \/>\n<meta property=\"og:site_name\" content=\"The Vascular Birthmark Center: Gregory M. Levitin, MD\" \/>\n<meta property=\"article:modified_time\" content=\"2021-09-13T14:52:56+00:00\" \/>\n<meta name=\"twitter:card\" content=\"summary_large_image\" \/>\n<meta name=\"twitter:label1\" content=\"Tiempo de lectura\" \/>\n\t<meta name=\"twitter:data1\" content=\"4 minutos\" \/>\n<script type=\"application\/ld+json\" class=\"yoast-schema-graph\">{\"@context\":\"https:\\\/\\\/schema.org\",\"@graph\":[{\"@type\":\"WebPage\",\"@id\":\"https:\\\/\\\/www.birthmarkcare.com\\\/es\\\/malformaciones-vasculares\\\/malformaciones-venosas\\\/\",\"url\":\"https:\\\/\\\/www.birthmarkcare.com\\\/es\\\/malformaciones-vasculares\\\/malformaciones-venosas\\\/\",\"name\":\"Causas y Tratamiento de Malformaciones Venosas en Nueva York | Los \u00c1ngeles, Nueva York\",\"isPartOf\":{\"@id\":\"https:\\\/\\\/www.birthmarkcare.com\\\/es\\\/#website\"},\"datePublished\":\"2021-08-23T14:41:55+00:00\",\"dateModified\":\"2021-09-13T14:52:56+00:00\",\"description\":\"En el Vascular Birthmark Center \\\/ Centro de Marcas Vasculares de Nacimiento, proporcionamos tratamientos especializados a ni\u00f1os, ni\u00f1as y adultos que sufren de malformaciones venosas. Llame hoy y obtendr\u00e1 m\u00e1s informaci\u00f3n sobre las opciones de tratamiento.\",\"breadcrumb\":{\"@id\":\"https:\\\/\\\/www.birthmarkcare.com\\\/es\\\/malformaciones-vasculares\\\/malformaciones-venosas\\\/#breadcrumb\"},\"inLanguage\":\"es\",\"potentialAction\":[{\"@type\":\"ReadAction\",\"target\":[\"https:\\\/\\\/www.birthmarkcare.com\\\/es\\\/malformaciones-vasculares\\\/malformaciones-venosas\\\/\"]}]},{\"@type\":\"BreadcrumbList\",\"@id\":\"https:\\\/\\\/www.birthmarkcare.com\\\/es\\\/malformaciones-vasculares\\\/malformaciones-venosas\\\/#breadcrumb\",\"itemListElement\":[{\"@type\":\"ListItem\",\"position\":1,\"name\":\"Home\",\"item\":\"https:\\\/\\\/www.birthmarkcare.com\\\/es\\\/\"},{\"@type\":\"ListItem\",\"position\":2,\"name\":\"Malformaciones Vasculares\",\"item\":\"https:\\\/\\\/www.birthmarkcare.com\\\/es\\\/malformaciones-vasculares\\\/\"},{\"@type\":\"ListItem\",\"position\":3,\"name\":\"Malformaci\u00f3n Venosa\"}]},{\"@type\":\"WebSite\",\"@id\":\"https:\\\/\\\/www.birthmarkcare.com\\\/es\\\/#website\",\"url\":\"https:\\\/\\\/www.birthmarkcare.com\\\/es\\\/\",\"name\":\"The Vascular Birthmark Center: Gregory M. Levitin, MD\",\"description\":\"\",\"potentialAction\":[{\"@type\":\"SearchAction\",\"target\":{\"@type\":\"EntryPoint\",\"urlTemplate\":\"https:\\\/\\\/www.birthmarkcare.com\\\/es\\\/?s={search_term_string}\"},\"query-input\":{\"@type\":\"PropertyValueSpecification\",\"valueRequired\":true,\"valueName\":\"search_term_string\"}}],\"inLanguage\":\"es\"}]}<\/script>\n<!-- \/ Yoast SEO plugin. -->","yoast_head_json":{"title":"Causas y Tratamiento de Malformaciones Venosas en Nueva York | Los \u00c1ngeles, Nueva York","description":"En el Vascular Birthmark Center \/ Centro de Marcas Vasculares de Nacimiento, proporcionamos tratamientos especializados a ni\u00f1os, ni\u00f1as y adultos que sufren de malformaciones venosas. Llame hoy y obtendr\u00e1 m\u00e1s informaci\u00f3n sobre las opciones de tratamiento.","robots":{"index":"index","follow":"follow","max-snippet":"max-snippet:-1","max-image-preview":"max-image-preview:large","max-video-preview":"max-video-preview:-1"},"canonical":"https:\/\/www.birthmarkcare.com\/es\/malformaciones-vasculares\/malformaciones-venosas\/","og_locale":"es_ES","og_type":"article","og_title":"Causas y Tratamiento de Malformaciones Venosas en Nueva York | Los \u00c1ngeles, Nueva York","og_description":"En el Vascular Birthmark Center \/ Centro de Marcas Vasculares de Nacimiento, proporcionamos tratamientos especializados a ni\u00f1os, ni\u00f1as y adultos que sufren de malformaciones venosas. Llame hoy y obtendr\u00e1 m\u00e1s informaci\u00f3n sobre las opciones de tratamiento.","og_url":"https:\/\/www.birthmarkcare.com\/es\/malformaciones-vasculares\/malformaciones-venosas\/","og_site_name":"The Vascular Birthmark Center: Gregory M. Levitin, MD","article_modified_time":"2021-09-13T14:52:56+00:00","twitter_card":"summary_large_image","twitter_misc":{"Tiempo de lectura":"4 minutos"},"schema":{"@context":"https:\/\/schema.org","@graph":[{"@type":"WebPage","@id":"https:\/\/www.birthmarkcare.com\/es\/malformaciones-vasculares\/malformaciones-venosas\/","url":"https:\/\/www.birthmarkcare.com\/es\/malformaciones-vasculares\/malformaciones-venosas\/","name":"Causas y Tratamiento de Malformaciones Venosas en Nueva York | Los \u00c1ngeles, Nueva York","isPartOf":{"@id":"https:\/\/www.birthmarkcare.com\/es\/#website"},"datePublished":"2021-08-23T14:41:55+00:00","dateModified":"2021-09-13T14:52:56+00:00","description":"En el Vascular Birthmark Center \/ Centro de Marcas Vasculares de Nacimiento, proporcionamos tratamientos especializados a ni\u00f1os, ni\u00f1as y adultos que sufren de malformaciones venosas. Llame hoy y obtendr\u00e1 m\u00e1s informaci\u00f3n sobre las opciones de tratamiento.","breadcrumb":{"@id":"https:\/\/www.birthmarkcare.com\/es\/malformaciones-vasculares\/malformaciones-venosas\/#breadcrumb"},"inLanguage":"es","potentialAction":[{"@type":"ReadAction","target":["https:\/\/www.birthmarkcare.com\/es\/malformaciones-vasculares\/malformaciones-venosas\/"]}]},{"@type":"BreadcrumbList","@id":"https:\/\/www.birthmarkcare.com\/es\/malformaciones-vasculares\/malformaciones-venosas\/#breadcrumb","itemListElement":[{"@type":"ListItem","position":1,"name":"Home","item":"https:\/\/www.birthmarkcare.com\/es\/"},{"@type":"ListItem","position":2,"name":"Malformaciones Vasculares","item":"https:\/\/www.birthmarkcare.com\/es\/malformaciones-vasculares\/"},{"@type":"ListItem","position":3,"name":"Malformaci\u00f3n Venosa"}]},{"@type":"WebSite","@id":"https:\/\/www.birthmarkcare.com\/es\/#website","url":"https:\/\/www.birthmarkcare.com\/es\/","name":"The Vascular Birthmark Center: Gregory M. Levitin, MD","description":"","potentialAction":[{"@type":"SearchAction","target":{"@type":"EntryPoint","urlTemplate":"https:\/\/www.birthmarkcare.com\/es\/?s={search_term_string}"},"query-input":{"@type":"PropertyValueSpecification","valueRequired":true,"valueName":"search_term_string"}}],"inLanguage":"es"}]}},"_links":{"self":[{"href":"https:\/\/www.birthmarkcare.com\/es\/wp-json\/wp\/v2\/pages\/1334","targetHints":{"allow":["GET"]}}],"collection":[{"href":"https:\/\/www.birthmarkcare.com\/es\/wp-json\/wp\/v2\/pages"}],"about":[{"href":"https:\/\/www.birthmarkcare.com\/es\/wp-json\/wp\/v2\/types\/page"}],"author":[{"embeddable":true,"href":"https:\/\/www.birthmarkcare.com\/es\/wp-json\/wp\/v2\/users\/1"}],"replies":[{"embeddable":true,"href":"https:\/\/www.birthmarkcare.com\/es\/wp-json\/wp\/v2\/comments?post=1334"}],"version-history":[{"count":3,"href":"https:\/\/www.birthmarkcare.com\/es\/wp-json\/wp\/v2\/pages\/1334\/revisions"}],"predecessor-version":[{"id":1468,"href":"https:\/\/www.birthmarkcare.com\/es\/wp-json\/wp\/v2\/pages\/1334\/revisions\/1468"}],"up":[{"embeddable":true,"href":"https:\/\/www.birthmarkcare.com\/es\/wp-json\/wp\/v2\/pages\/1317"}],"wp:attachment":[{"href":"https:\/\/www.birthmarkcare.com\/es\/wp-json\/wp\/v2\/media?parent=1334"}],"curies":[{"name":"wp","href":"https:\/\/api.w.org\/{rel}","templated":true}]}}