{"id":1343,"date":"2021-08-23T15:09:59","date_gmt":"2021-08-23T15:09:59","guid":{"rendered":"https:\/\/www.birthmarkcare.com\/?page_id=1343"},"modified":"2021-09-13T14:57:51","modified_gmt":"2021-09-13T14:57:51","slug":"hemangiomas","status":"publish","type":"page","link":"https:\/\/www.birthmarkcare.com\/es\/tumores-vasculares\/hemangiomas\/","title":{"rendered":"Hemangiomas"},"content":{"rendered":"<p>Un hemangioma es un crecimiento irregular de c\u00e9lulas sangu\u00edneas, de naturaleza benigna. Aunque suele ser la forma m\u00e1s com\u00fan de los <a href=\"https:\/\/www.birthmarkcare.com\/es\/tumores-vasculares\/\">tumores vasculares<\/a> infantiles, es causa de preocupaci\u00f3n para los padres cuando lo observan por primera vez. La buena noticia es que los hemangiomas suelen crecer durante un per\u00edodo de tiempo limitado antes de reducir eventualmente su tama\u00f1o, sin la necesidad de tratamiento alguno.<\/p>\n<p>En la mayor\u00eda de los casos, los hemangiomas no afectar\u00e1n a su hijo o a su hija, a pesar de que puedan parecer inc\u00f3modos y dolorosos. Sin embargo, algunos pueden sangrar o llegar a causar dolor. Es importante que se eval\u00fae a los menores con hemangiomas, ya que tambi\u00e9n existe la posibilidad de que est\u00e9n asociados con anomal\u00edas del sistema nervioso o de la columna vertebral y no presenten otros signos visibles.<\/p>\n<h2>Tratamiento de Hemangiomas<\/h2>\n<p>Incluso cuando los hemangiomas no causan ning\u00fan problema de salud f\u00edsica, siempre hay que considerar el impacto emocional que puede causar en un menor. Si siente que la autoestima de su hijo o hija est\u00e1 siendo afectada, o si se da cuenta de que intenta ocultar su hemangioma, busque un tratamiento efectivo en el Vascular Birthmark Center \/ Centro de Marcas Vasculares de Nacimiento. Un medicamento beta-bloqueador puede ayudar cuando la piel afectada cubre un \u00e1rea peque\u00f1a, ya sea a trav\u00e9s de la aplicaci\u00f3n de un gel o mediante un medicamento oral. Los medicamentos corticosteroides son una alternativa que puede funcionar en aquellos ni\u00f1os y ni\u00f1as que no pueden tomar beta-bloqueadores. \u00c9stos se administran a trav\u00e9s de una inyecci\u00f3n directamente en el n\u00f3dulo, como un ung\u00fcento aplicado en el sitio, o tomado por v\u00eda oral.<\/p>\n<p>La cirug\u00eda con l\u00e1ser tiene una serie de aplicaciones para el tratamiento de los hemangiomas. El Dr. Greg Levitin puede utilizar l\u00e1seres de diferentes frecuencias para aplicar y reducir as\u00ed el crecimiento, decoloraci\u00f3n e incluso los efectos dolorosos asociados con algunos hemangiomas. El Dr. Greg Levitin y el Vascular Birthmark Center \/ Centro de Marcas Vasculares de Nacimiento, prestan su apoyo a un gran n\u00famero de investigaciones sobre las opciones de nuevos tratamientos de los hemangiomas, para proporcionar un alivio m\u00e1s r\u00e1pido y eficaz. A medida que estos vayan surgiendo, seguiremos comprometidos en garantizar que nuestros j\u00f3venes pacientes sean los primeros en beneficiarse. <\/p>\n<h3>Apoyo Emocional para Ni\u00f1os, Ni\u00f1as y Familias<\/h3>\n<p>Si usted est\u00e1 buscando un tratamiento para el hemangioma de su hijo o hija, debido al impacto que \u00e9ste est\u00e1 causando en su autoestima, el Vascular Birthmark Center \/ Centro de Marcas Vasculares de Nacimiento est\u00e1 a su disposici\u00f3n para ayudarle a encontrar todo el apoyo necesario a trav\u00e9s de un tratamiento integral. Este es un tema que toca especialmente el coraz\u00f3n del Dr. Greg Levitin, ya que una vez estuvo en la misma posici\u00f3n en la que usted se encuentra ahora. De hecho, la experiencia de una de sus hijas gemelas con el tratamiento de un gran hemangioma es lo que le llev\u00f3 a dedicarse a su actual trayectoria profesional.<\/p>\n<p>Si desea consultar con un equipo de profesionales acerca del hemangioma de su hijo o hija, conf\u00ede en los expertos m\u00e9dicos del Vascular Birthmark Center \/ Centro de Marcas Vasculares de Nacimiento en Nueva York y Los \u00c1ngeles, donde constantemente recibimos a pacientes de todos los Estados Unidos. \u00a1P\u00f3ngase en <a href=\"https:\/\/www.birthmarkcare.com\/es\/consulta-en-linea-gratuita\/\">contacto<\/a> con nosotros hoy mismo!<\/p>\n","protected":false},"excerpt":{"rendered":"<p>Un hemangioma es un crecimiento irregular de c\u00e9lulas sangu\u00edneas, de naturaleza benigna. Aunque suele ser la forma m\u00e1s com\u00fan de<\/p>\n<p><a class=\"button\" href=\"https:\/\/www.birthmarkcare.com\/es\/tumores-vasculares\/hemangiomas\/\">Leer el art\u00edculo completo<\/a><\/p>\n","protected":false},"author":1,"featured_media":0,"parent":1337,"menu_order":0,"comment_status":"closed","ping_status":"closed","template":"","meta":{"_acf_changed":false,"footnotes":""},"class_list":["post-1343","page","type-page","status-publish"],"acf":[],"yoast_head":"<!-- This site is optimized with the Yoast SEO plugin v27.4 - https:\/\/yoast.com\/product\/yoast-seo-wordpress\/ -->\n<title>S\u00edntomas, Tratamiento y Eliminaci\u00f3n de Hemangiomas en Nueva York | Los \u00c1ngeles, Nueva York<\/title>\n<meta name=\"description\" content=\"\u00bfSu hijo o hija sufre de un hemangioma grande, sangrante o doloroso? En cualquiera de nuestros dos consultorios del Vascular Birthmark Center \/ Centro de Marcas Vasculares de Nacimiento, le proporcionaremos un tratamiento eficaz y duradero.\" \/>\n<meta name=\"robots\" content=\"index, follow, max-snippet:-1, max-image-preview:large, max-video-preview:-1\" \/>\n<link rel=\"canonical\" href=\"https:\/\/www.birthmarkcare.com\/es\/tumores-vasculares\/hemangiomas\/\" \/>\n<meta property=\"og:locale\" content=\"es_ES\" \/>\n<meta property=\"og:type\" content=\"article\" \/>\n<meta property=\"og:title\" content=\"S\u00edntomas, Tratamiento y Eliminaci\u00f3n de Hemangiomas en Nueva York | Los \u00c1ngeles, Nueva York\" \/>\n<meta property=\"og:description\" content=\"\u00bfSu hijo o hija sufre de un hemangioma grande, sangrante o doloroso? En cualquiera de nuestros dos consultorios del Vascular Birthmark Center \/ Centro de Marcas Vasculares de Nacimiento, le proporcionaremos un tratamiento eficaz y duradero.\" \/>\n<meta property=\"og:url\" content=\"https:\/\/www.birthmarkcare.com\/es\/tumores-vasculares\/hemangiomas\/\" \/>\n<meta property=\"og:site_name\" content=\"The Vascular Birthmark Center: Gregory M. Levitin, MD\" \/>\n<meta property=\"article:modified_time\" content=\"2021-09-13T14:57:51+00:00\" \/>\n<meta name=\"twitter:card\" content=\"summary_large_image\" \/>\n<meta name=\"twitter:label1\" content=\"Tiempo de lectura\" \/>\n\t<meta name=\"twitter:data1\" content=\"3 minutos\" \/>\n<script type=\"application\/ld+json\" class=\"yoast-schema-graph\">{\"@context\":\"https:\\\/\\\/schema.org\",\"@graph\":[{\"@type\":\"WebPage\",\"@id\":\"https:\\\/\\\/www.birthmarkcare.com\\\/es\\\/tumores-vasculares\\\/hemangiomas\\\/\",\"url\":\"https:\\\/\\\/www.birthmarkcare.com\\\/es\\\/tumores-vasculares\\\/hemangiomas\\\/\",\"name\":\"S\u00edntomas, Tratamiento y Eliminaci\u00f3n de Hemangiomas en Nueva York | Los \u00c1ngeles, Nueva York\",\"isPartOf\":{\"@id\":\"https:\\\/\\\/www.birthmarkcare.com\\\/es\\\/#website\"},\"datePublished\":\"2021-08-23T15:09:59+00:00\",\"dateModified\":\"2021-09-13T14:57:51+00:00\",\"description\":\"\u00bfSu hijo o hija sufre de un hemangioma grande, sangrante o doloroso? En cualquiera de nuestros dos consultorios del Vascular Birthmark Center \\\/ Centro de Marcas Vasculares de Nacimiento, le proporcionaremos un tratamiento eficaz y duradero.\",\"breadcrumb\":{\"@id\":\"https:\\\/\\\/www.birthmarkcare.com\\\/es\\\/tumores-vasculares\\\/hemangiomas\\\/#breadcrumb\"},\"inLanguage\":\"es\",\"potentialAction\":[{\"@type\":\"ReadAction\",\"target\":[\"https:\\\/\\\/www.birthmarkcare.com\\\/es\\\/tumores-vasculares\\\/hemangiomas\\\/\"]}]},{\"@type\":\"BreadcrumbList\",\"@id\":\"https:\\\/\\\/www.birthmarkcare.com\\\/es\\\/tumores-vasculares\\\/hemangiomas\\\/#breadcrumb\",\"itemListElement\":[{\"@type\":\"ListItem\",\"position\":1,\"name\":\"Home\",\"item\":\"https:\\\/\\\/www.birthmarkcare.com\\\/es\\\/\"},{\"@type\":\"ListItem\",\"position\":2,\"name\":\"Tumores Vasculares\",\"item\":\"https:\\\/\\\/www.birthmarkcare.com\\\/es\\\/tumores-vasculares\\\/\"},{\"@type\":\"ListItem\",\"position\":3,\"name\":\"Hemangiomas\"}]},{\"@type\":\"WebSite\",\"@id\":\"https:\\\/\\\/www.birthmarkcare.com\\\/es\\\/#website\",\"url\":\"https:\\\/\\\/www.birthmarkcare.com\\\/es\\\/\",\"name\":\"The Vascular Birthmark Center: Gregory M. Levitin, MD\",\"description\":\"\",\"potentialAction\":[{\"@type\":\"SearchAction\",\"target\":{\"@type\":\"EntryPoint\",\"urlTemplate\":\"https:\\\/\\\/www.birthmarkcare.com\\\/es\\\/?s={search_term_string}\"},\"query-input\":{\"@type\":\"PropertyValueSpecification\",\"valueRequired\":true,\"valueName\":\"search_term_string\"}}],\"inLanguage\":\"es\"}]}<\/script>\n<!-- \/ Yoast SEO plugin. -->","yoast_head_json":{"title":"S\u00edntomas, Tratamiento y Eliminaci\u00f3n de Hemangiomas en Nueva York | Los \u00c1ngeles, Nueva York","description":"\u00bfSu hijo o hija sufre de un hemangioma grande, sangrante o doloroso? En cualquiera de nuestros dos consultorios del Vascular Birthmark Center \/ Centro de Marcas Vasculares de Nacimiento, le proporcionaremos un tratamiento eficaz y duradero.","robots":{"index":"index","follow":"follow","max-snippet":"max-snippet:-1","max-image-preview":"max-image-preview:large","max-video-preview":"max-video-preview:-1"},"canonical":"https:\/\/www.birthmarkcare.com\/es\/tumores-vasculares\/hemangiomas\/","og_locale":"es_ES","og_type":"article","og_title":"S\u00edntomas, Tratamiento y Eliminaci\u00f3n de Hemangiomas en Nueva York | Los \u00c1ngeles, Nueva York","og_description":"\u00bfSu hijo o hija sufre de un hemangioma grande, sangrante o doloroso? En cualquiera de nuestros dos consultorios del Vascular Birthmark Center \/ Centro de Marcas Vasculares de Nacimiento, le proporcionaremos un tratamiento eficaz y duradero.","og_url":"https:\/\/www.birthmarkcare.com\/es\/tumores-vasculares\/hemangiomas\/","og_site_name":"The Vascular Birthmark Center: Gregory M. Levitin, MD","article_modified_time":"2021-09-13T14:57:51+00:00","twitter_card":"summary_large_image","twitter_misc":{"Tiempo de lectura":"3 minutos"},"schema":{"@context":"https:\/\/schema.org","@graph":[{"@type":"WebPage","@id":"https:\/\/www.birthmarkcare.com\/es\/tumores-vasculares\/hemangiomas\/","url":"https:\/\/www.birthmarkcare.com\/es\/tumores-vasculares\/hemangiomas\/","name":"S\u00edntomas, Tratamiento y Eliminaci\u00f3n de Hemangiomas en Nueva York | Los \u00c1ngeles, Nueva York","isPartOf":{"@id":"https:\/\/www.birthmarkcare.com\/es\/#website"},"datePublished":"2021-08-23T15:09:59+00:00","dateModified":"2021-09-13T14:57:51+00:00","description":"\u00bfSu hijo o hija sufre de un hemangioma grande, sangrante o doloroso? En cualquiera de nuestros dos consultorios del Vascular Birthmark Center \/ Centro de Marcas Vasculares de Nacimiento, le proporcionaremos un tratamiento eficaz y duradero.","breadcrumb":{"@id":"https:\/\/www.birthmarkcare.com\/es\/tumores-vasculares\/hemangiomas\/#breadcrumb"},"inLanguage":"es","potentialAction":[{"@type":"ReadAction","target":["https:\/\/www.birthmarkcare.com\/es\/tumores-vasculares\/hemangiomas\/"]}]},{"@type":"BreadcrumbList","@id":"https:\/\/www.birthmarkcare.com\/es\/tumores-vasculares\/hemangiomas\/#breadcrumb","itemListElement":[{"@type":"ListItem","position":1,"name":"Home","item":"https:\/\/www.birthmarkcare.com\/es\/"},{"@type":"ListItem","position":2,"name":"Tumores Vasculares","item":"https:\/\/www.birthmarkcare.com\/es\/tumores-vasculares\/"},{"@type":"ListItem","position":3,"name":"Hemangiomas"}]},{"@type":"WebSite","@id":"https:\/\/www.birthmarkcare.com\/es\/#website","url":"https:\/\/www.birthmarkcare.com\/es\/","name":"The Vascular Birthmark Center: Gregory M. Levitin, MD","description":"","potentialAction":[{"@type":"SearchAction","target":{"@type":"EntryPoint","urlTemplate":"https:\/\/www.birthmarkcare.com\/es\/?s={search_term_string}"},"query-input":{"@type":"PropertyValueSpecification","valueRequired":true,"valueName":"search_term_string"}}],"inLanguage":"es"}]}},"_links":{"self":[{"href":"https:\/\/www.birthmarkcare.com\/es\/wp-json\/wp\/v2\/pages\/1343","targetHints":{"allow":["GET"]}}],"collection":[{"href":"https:\/\/www.birthmarkcare.com\/es\/wp-json\/wp\/v2\/pages"}],"about":[{"href":"https:\/\/www.birthmarkcare.com\/es\/wp-json\/wp\/v2\/types\/page"}],"author":[{"embeddable":true,"href":"https:\/\/www.birthmarkcare.com\/es\/wp-json\/wp\/v2\/users\/1"}],"replies":[{"embeddable":true,"href":"https:\/\/www.birthmarkcare.com\/es\/wp-json\/wp\/v2\/comments?post=1343"}],"version-history":[{"count":4,"href":"https:\/\/www.birthmarkcare.com\/es\/wp-json\/wp\/v2\/pages\/1343\/revisions"}],"predecessor-version":[{"id":1473,"href":"https:\/\/www.birthmarkcare.com\/es\/wp-json\/wp\/v2\/pages\/1343\/revisions\/1473"}],"up":[{"embeddable":true,"href":"https:\/\/www.birthmarkcare.com\/es\/wp-json\/wp\/v2\/pages\/1337"}],"wp:attachment":[{"href":"https:\/\/www.birthmarkcare.com\/es\/wp-json\/wp\/v2\/media?parent=1343"}],"curies":[{"name":"wp","href":"https:\/\/api.w.org\/{rel}","templated":true}]}}