{"id":1369,"date":"2021-09-02T10:40:09","date_gmt":"2021-09-02T10:40:09","guid":{"rendered":"https:\/\/www.birthmarkcare.com\/?page_id=1369"},"modified":"2025-08-12T09:35:21","modified_gmt":"2025-08-12T09:35:21","slug":"inicio","status":"publish","type":"page","link":"https:\/\/www.birthmarkcare.com\/es\/","title":{"rendered":"Inicio"},"content":{"rendered":"","protected":false},"excerpt":{"rendered":"","protected":false},"author":1,"featured_media":1524,"parent":0,"menu_order":-1,"comment_status":"closed","ping_status":"closed","template":"","meta":{"_acf_changed":false,"footnotes":""},"class_list":["post-1369","page","type-page","status-publish","has-post-thumbnail"],"acf":[],"yoast_head":"<!-- This site is optimized with the Yoast SEO plugin v27.4 - https:\/\/yoast.com\/product\/yoast-seo-wordpress\/ -->\n<title>Tratamiento de Hemangioma en Nueva York | Cuidado de Malformaciones Vasculares en Los \u00c1ngeles<\/title>\n<meta name=\"description\" content=\"Bienvenido al Vascular Birthmark Center \/ Centro de Marcas Vasculares de Nacimiento, con oficinas en Nueva York y Los \u00c1ngeles, donde el Dr. Greg Levitin proporciona diagn\u00f3sticos y tratamientos especializados para hemangiomas y marcas vasculares de nacimiento tanto para ni\u00f1os y ni\u00f1as como para adultos.\" \/>\n<meta name=\"robots\" content=\"index, follow, max-snippet:-1, max-image-preview:large, max-video-preview:-1\" \/>\n<link rel=\"canonical\" href=\"https:\/\/www.birthmarkcare.com\/es\/\" \/>\n<meta property=\"og:locale\" content=\"es_ES\" \/>\n<meta property=\"og:type\" content=\"article\" \/>\n<meta property=\"og:title\" content=\"Tratamiento de Hemangioma en Nueva York | Cuidado de Malformaciones Vasculares en Los \u00c1ngeles\" \/>\n<meta property=\"og:description\" content=\"Bienvenido al Vascular Birthmark Center \/ Centro de Marcas Vasculares de Nacimiento, con oficinas en Nueva York y Los \u00c1ngeles, donde el Dr. Greg Levitin proporciona diagn\u00f3sticos y tratamientos especializados para hemangiomas y marcas vasculares de nacimiento tanto para ni\u00f1os y ni\u00f1as como para adultos.\" \/>\n<meta property=\"og:url\" content=\"https:\/\/www.birthmarkcare.com\/es\/\" \/>\n<meta property=\"og:site_name\" content=\"The Vascular Birthmark Center: Gregory M. Levitin, MD\" \/>\n<meta property=\"article:modified_time\" content=\"2025-08-12T09:35:21+00:00\" \/>\n<meta name=\"twitter:card\" content=\"summary_large_image\" \/>\n<script type=\"application\/ld+json\" class=\"yoast-schema-graph\">{\"@context\":\"https:\\\/\\\/schema.org\",\"@graph\":[{\"@type\":\"WebPage\",\"@id\":\"https:\\\/\\\/www.birthmarkcare.com\\\/es\\\/\",\"url\":\"https:\\\/\\\/www.birthmarkcare.com\\\/es\\\/\",\"name\":\"Tratamiento de Hemangioma en Nueva York | Cuidado de Malformaciones Vasculares en Los \u00c1ngeles\",\"isPartOf\":{\"@id\":\"https:\\\/\\\/www.birthmarkcare.com\\\/es\\\/#website\"},\"primaryImageOfPage\":{\"@id\":\"https:\\\/\\\/www.birthmarkcare.com\\\/es\\\/#primaryimage\"},\"image\":{\"@id\":\"https:\\\/\\\/www.birthmarkcare.com\\\/es\\\/#primaryimage\"},\"thumbnailUrl\":\"https:\\\/\\\/www.birthmarkcare.com\\\/wp-content\\\/uploads\\\/2021\\\/12\\\/virtual-visit2.jpg\",\"datePublished\":\"2021-09-02T10:40:09+00:00\",\"dateModified\":\"2025-08-12T09:35:21+00:00\",\"description\":\"Bienvenido al Vascular Birthmark Center \\\/ Centro de Marcas Vasculares de Nacimiento, con oficinas en Nueva York y Los \u00c1ngeles, donde el Dr. Greg Levitin proporciona diagn\u00f3sticos y tratamientos especializados para hemangiomas y marcas vasculares de nacimiento tanto para ni\u00f1os y ni\u00f1as como para adultos.\",\"breadcrumb\":{\"@id\":\"https:\\\/\\\/www.birthmarkcare.com\\\/es\\\/#breadcrumb\"},\"inLanguage\":\"es\",\"potentialAction\":[{\"@type\":\"ReadAction\",\"target\":[\"https:\\\/\\\/www.birthmarkcare.com\\\/es\\\/\"]}]},{\"@type\":\"ImageObject\",\"inLanguage\":\"es\",\"@id\":\"https:\\\/\\\/www.birthmarkcare.com\\\/es\\\/#primaryimage\",\"url\":\"https:\\\/\\\/www.birthmarkcare.com\\\/wp-content\\\/uploads\\\/2021\\\/12\\\/virtual-visit2.jpg\",\"contentUrl\":\"https:\\\/\\\/www.birthmarkcare.com\\\/wp-content\\\/uploads\\\/2021\\\/12\\\/virtual-visit2.jpg\",\"width\":1070,\"height\":720},{\"@type\":\"BreadcrumbList\",\"@id\":\"https:\\\/\\\/www.birthmarkcare.com\\\/es\\\/#breadcrumb\",\"itemListElement\":[{\"@type\":\"ListItem\",\"position\":1,\"name\":\"Home\",\"item\":\"https:\\\/\\\/www.birthmarkcare.com\\\/es\\\/\"},{\"@type\":\"ListItem\",\"position\":2,\"name\":\"Inicio\"}]},{\"@type\":\"WebSite\",\"@id\":\"https:\\\/\\\/www.birthmarkcare.com\\\/es\\\/#website\",\"url\":\"https:\\\/\\\/www.birthmarkcare.com\\\/es\\\/\",\"name\":\"The Vascular Birthmark Center: Gregory M. Levitin, MD\",\"description\":\"\",\"potentialAction\":[{\"@type\":\"SearchAction\",\"target\":{\"@type\":\"EntryPoint\",\"urlTemplate\":\"https:\\\/\\\/www.birthmarkcare.com\\\/es\\\/?s={search_term_string}\"},\"query-input\":{\"@type\":\"PropertyValueSpecification\",\"valueRequired\":true,\"valueName\":\"search_term_string\"}}],\"inLanguage\":\"es\"}]}<\/script>\n<!-- \/ Yoast SEO plugin. -->","yoast_head_json":{"title":"Tratamiento de Hemangioma en Nueva York | Cuidado de Malformaciones Vasculares en Los \u00c1ngeles","description":"Bienvenido al Vascular Birthmark Center \/ Centro de Marcas Vasculares de Nacimiento, con oficinas en Nueva York y Los \u00c1ngeles, donde el Dr. Greg Levitin proporciona diagn\u00f3sticos y tratamientos especializados para hemangiomas y marcas vasculares de nacimiento tanto para ni\u00f1os y ni\u00f1as como para adultos.","robots":{"index":"index","follow":"follow","max-snippet":"max-snippet:-1","max-image-preview":"max-image-preview:large","max-video-preview":"max-video-preview:-1"},"canonical":"https:\/\/www.birthmarkcare.com\/es\/","og_locale":"es_ES","og_type":"article","og_title":"Tratamiento de Hemangioma en Nueva York | Cuidado de Malformaciones Vasculares en Los \u00c1ngeles","og_description":"Bienvenido al Vascular Birthmark Center \/ Centro de Marcas Vasculares de Nacimiento, con oficinas en Nueva York y Los \u00c1ngeles, donde el Dr. Greg Levitin proporciona diagn\u00f3sticos y tratamientos especializados para hemangiomas y marcas vasculares de nacimiento tanto para ni\u00f1os y ni\u00f1as como para adultos.","og_url":"https:\/\/www.birthmarkcare.com\/es\/","og_site_name":"The Vascular Birthmark Center: Gregory M. Levitin, MD","article_modified_time":"2025-08-12T09:35:21+00:00","twitter_card":"summary_large_image","schema":{"@context":"https:\/\/schema.org","@graph":[{"@type":"WebPage","@id":"https:\/\/www.birthmarkcare.com\/es\/","url":"https:\/\/www.birthmarkcare.com\/es\/","name":"Tratamiento de Hemangioma en Nueva York | Cuidado de Malformaciones Vasculares en Los \u00c1ngeles","isPartOf":{"@id":"https:\/\/www.birthmarkcare.com\/es\/#website"},"primaryImageOfPage":{"@id":"https:\/\/www.birthmarkcare.com\/es\/#primaryimage"},"image":{"@id":"https:\/\/www.birthmarkcare.com\/es\/#primaryimage"},"thumbnailUrl":"https:\/\/www.birthmarkcare.com\/wp-content\/uploads\/2021\/12\/virtual-visit2.jpg","datePublished":"2021-09-02T10:40:09+00:00","dateModified":"2025-08-12T09:35:21+00:00","description":"Bienvenido al Vascular Birthmark Center \/ Centro de Marcas Vasculares de Nacimiento, con oficinas en Nueva York y Los \u00c1ngeles, donde el Dr. Greg Levitin proporciona diagn\u00f3sticos y tratamientos especializados para hemangiomas y marcas vasculares de nacimiento tanto para ni\u00f1os y ni\u00f1as como para adultos.","breadcrumb":{"@id":"https:\/\/www.birthmarkcare.com\/es\/#breadcrumb"},"inLanguage":"es","potentialAction":[{"@type":"ReadAction","target":["https:\/\/www.birthmarkcare.com\/es\/"]}]},{"@type":"ImageObject","inLanguage":"es","@id":"https:\/\/www.birthmarkcare.com\/es\/#primaryimage","url":"https:\/\/www.birthmarkcare.com\/wp-content\/uploads\/2021\/12\/virtual-visit2.jpg","contentUrl":"https:\/\/www.birthmarkcare.com\/wp-content\/uploads\/2021\/12\/virtual-visit2.jpg","width":1070,"height":720},{"@type":"BreadcrumbList","@id":"https:\/\/www.birthmarkcare.com\/es\/#breadcrumb","itemListElement":[{"@type":"ListItem","position":1,"name":"Home","item":"https:\/\/www.birthmarkcare.com\/es\/"},{"@type":"ListItem","position":2,"name":"Inicio"}]},{"@type":"WebSite","@id":"https:\/\/www.birthmarkcare.com\/es\/#website","url":"https:\/\/www.birthmarkcare.com\/es\/","name":"The Vascular Birthmark Center: Gregory M. Levitin, MD","description":"","potentialAction":[{"@type":"SearchAction","target":{"@type":"EntryPoint","urlTemplate":"https:\/\/www.birthmarkcare.com\/es\/?s={search_term_string}"},"query-input":{"@type":"PropertyValueSpecification","valueRequired":true,"valueName":"search_term_string"}}],"inLanguage":"es"}]}},"_links":{"self":[{"href":"https:\/\/www.birthmarkcare.com\/es\/wp-json\/wp\/v2\/pages\/1369","targetHints":{"allow":["GET"]}}],"collection":[{"href":"https:\/\/www.birthmarkcare.com\/es\/wp-json\/wp\/v2\/pages"}],"about":[{"href":"https:\/\/www.birthmarkcare.com\/es\/wp-json\/wp\/v2\/types\/page"}],"author":[{"embeddable":true,"href":"https:\/\/www.birthmarkcare.com\/es\/wp-json\/wp\/v2\/users\/1"}],"replies":[{"embeddable":true,"href":"https:\/\/www.birthmarkcare.com\/es\/wp-json\/wp\/v2\/comments?post=1369"}],"version-history":[{"count":5,"href":"https:\/\/www.birthmarkcare.com\/es\/wp-json\/wp\/v2\/pages\/1369\/revisions"}],"predecessor-version":[{"id":2006,"href":"https:\/\/www.birthmarkcare.com\/es\/wp-json\/wp\/v2\/pages\/1369\/revisions\/2006"}],"wp:featuredmedia":[{"embeddable":true,"href":"https:\/\/www.birthmarkcare.com\/es\/wp-json\/wp\/v2\/media\/1524"}],"wp:attachment":[{"href":"https:\/\/www.birthmarkcare.com\/es\/wp-json\/wp\/v2\/media?parent=1369"}],"curies":[{"name":"wp","href":"https:\/\/api.w.org\/{rel}","templated":true}]}}