{"id":1383,"date":"2021-09-02T15:48:42","date_gmt":"2021-09-02T15:48:42","guid":{"rendered":"https:\/\/www.birthmarkcare.com\/?page_id=1383"},"modified":"2021-09-02T15:49:38","modified_gmt":"2021-09-02T15:49:38","slug":"fotos-del-antes-y-despues","status":"publish","type":"page","link":"https:\/\/www.birthmarkcare.com\/es\/fotos-del-antes-y-despues\/","title":{"rendered":"Fotos del antes y del despu\u00e9s"},"content":{"rendered":"<ul class=\"customlist subpages-list\">\n<li><a href=\"https:\/\/www.birthmarkcare.com\/before-after-photos\/hemangiomas\/\">Hemangiomas<\/a><\/li>\n<li><a href=\"https:\/\/www.birthmarkcare.com\/before-after-photos\/lymphatic-malformations\/\">Malformaciones Linf\u00e1ticas<\/a><\/li>\n<li><a href=\"https:\/\/www.birthmarkcare.com\/before-after-photos\/port-wine-stains\/\">Manchas de \u2018Vino de Oporto\u2019<\/a><\/li>\n<li><a href=\"https:\/\/www.birthmarkcare.com\/before-after-photos\/venous-malformations\/\">Malformaciones Venosas<\/a><\/li>\n<li><a href=\"https:\/\/www.birthmarkcare.com\/before-after-photos\/arteriovenous-malformations\/\">Malformaciones Arteriovenosas<\/a><\/li>\n<li><a href=\"https:\/\/www.birthmarkcare.com\/before-after-photos\/other-birthmarks\/\">Otras Marcas de Nacimiento<\/a><\/li>\n<\/ul>\n","protected":false},"excerpt":{"rendered":"<p>Hemangiomas Malformaciones Linf\u00e1ticas Manchas de \u2018Vino de Oporto\u2019 Malformaciones Venosas Malformaciones Arteriovenosas Otras Marcas de Nacimiento<\/p>\n","protected":false},"author":1,"featured_media":0,"parent":0,"menu_order":0,"comment_status":"closed","ping_status":"closed","template":"","meta":{"_acf_changed":false,"footnotes":""},"class_list":["post-1383","page","type-page","status-publish"],"acf":[],"yoast_head":"<!-- This site is optimized with the Yoast SEO plugin v27.4 - https:\/\/yoast.com\/product\/yoast-seo-wordpress\/ -->\n<title>Fotos del Antes y Despu\u00e9s de Hemangiomas en Nueva York \/ Malformaciones Vasculares en Los \u00c1ngeles<\/title>\n<meta name=\"description\" content=\"Observe las im\u00e1genes del antes y despu\u00e9s de la aplicaci\u00f3n de los tratamientos realizados por el Dr. Greg Levitin, en el Vascular Birthmark Center \/ Centro de Marcas Vasculares de Nacimiento. Esperamos tambi\u00e9n poder agregar, pr\u00f3ximamente, sus im\u00e1genes a nuestra galer\u00eda fotogr\u00e1fica.\" \/>\n<meta name=\"robots\" content=\"index, follow, max-snippet:-1, max-image-preview:large, max-video-preview:-1\" \/>\n<link rel=\"canonical\" href=\"https:\/\/www.birthmarkcare.com\/es\/fotos-del-antes-y-despues\/\" \/>\n<meta property=\"og:locale\" content=\"es_ES\" \/>\n<meta property=\"og:type\" content=\"article\" \/>\n<meta property=\"og:title\" content=\"Fotos del Antes y Despu\u00e9s de Hemangiomas en Nueva York \/ Malformaciones Vasculares en Los \u00c1ngeles\" \/>\n<meta property=\"og:description\" content=\"Observe las im\u00e1genes del antes y despu\u00e9s de la aplicaci\u00f3n de los tratamientos realizados por el Dr. Greg Levitin, en el Vascular Birthmark Center \/ Centro de Marcas Vasculares de Nacimiento. Esperamos tambi\u00e9n poder agregar, pr\u00f3ximamente, sus im\u00e1genes a nuestra galer\u00eda fotogr\u00e1fica.\" \/>\n<meta property=\"og:url\" content=\"https:\/\/www.birthmarkcare.com\/es\/fotos-del-antes-y-despues\/\" \/>\n<meta property=\"og:site_name\" content=\"The Vascular Birthmark Center: Gregory M. Levitin, MD\" \/>\n<meta property=\"article:modified_time\" content=\"2021-09-02T15:49:38+00:00\" \/>\n<meta name=\"twitter:card\" content=\"summary_large_image\" \/>\n<script type=\"application\/ld+json\" class=\"yoast-schema-graph\">{\"@context\":\"https:\\\/\\\/schema.org\",\"@graph\":[{\"@type\":\"WebPage\",\"@id\":\"https:\\\/\\\/www.birthmarkcare.com\\\/es\\\/fotos-del-antes-y-despues\\\/\",\"url\":\"https:\\\/\\\/www.birthmarkcare.com\\\/es\\\/fotos-del-antes-y-despues\\\/\",\"name\":\"Fotos del Antes y Despu\u00e9s de Hemangiomas en Nueva York \\\/ Malformaciones Vasculares en Los \u00c1ngeles\",\"isPartOf\":{\"@id\":\"https:\\\/\\\/www.birthmarkcare.com\\\/es\\\/#website\"},\"datePublished\":\"2021-09-02T15:48:42+00:00\",\"dateModified\":\"2021-09-02T15:49:38+00:00\",\"description\":\"Observe las im\u00e1genes del antes y despu\u00e9s de la aplicaci\u00f3n de los tratamientos realizados por el Dr. Greg Levitin, en el Vascular Birthmark Center \\\/ Centro de Marcas Vasculares de Nacimiento. Esperamos tambi\u00e9n poder agregar, pr\u00f3ximamente, sus im\u00e1genes a nuestra galer\u00eda fotogr\u00e1fica.\",\"breadcrumb\":{\"@id\":\"https:\\\/\\\/www.birthmarkcare.com\\\/es\\\/fotos-del-antes-y-despues\\\/#breadcrumb\"},\"inLanguage\":\"es\",\"potentialAction\":[{\"@type\":\"ReadAction\",\"target\":[\"https:\\\/\\\/www.birthmarkcare.com\\\/es\\\/fotos-del-antes-y-despues\\\/\"]}]},{\"@type\":\"BreadcrumbList\",\"@id\":\"https:\\\/\\\/www.birthmarkcare.com\\\/es\\\/fotos-del-antes-y-despues\\\/#breadcrumb\",\"itemListElement\":[{\"@type\":\"ListItem\",\"position\":1,\"name\":\"Home\",\"item\":\"https:\\\/\\\/www.birthmarkcare.com\\\/es\\\/\"},{\"@type\":\"ListItem\",\"position\":2,\"name\":\"Fotos del antes y del despu\u00e9s\"}]},{\"@type\":\"WebSite\",\"@id\":\"https:\\\/\\\/www.birthmarkcare.com\\\/es\\\/#website\",\"url\":\"https:\\\/\\\/www.birthmarkcare.com\\\/es\\\/\",\"name\":\"The Vascular Birthmark Center: Gregory M. Levitin, MD\",\"description\":\"\",\"potentialAction\":[{\"@type\":\"SearchAction\",\"target\":{\"@type\":\"EntryPoint\",\"urlTemplate\":\"https:\\\/\\\/www.birthmarkcare.com\\\/es\\\/?s={search_term_string}\"},\"query-input\":{\"@type\":\"PropertyValueSpecification\",\"valueRequired\":true,\"valueName\":\"search_term_string\"}}],\"inLanguage\":\"es\"}]}<\/script>\n<!-- \/ Yoast SEO plugin. -->","yoast_head_json":{"title":"Fotos del Antes y Despu\u00e9s de Hemangiomas en Nueva York \/ Malformaciones Vasculares en Los \u00c1ngeles","description":"Observe las im\u00e1genes del antes y despu\u00e9s de la aplicaci\u00f3n de los tratamientos realizados por el Dr. Greg Levitin, en el Vascular Birthmark Center \/ Centro de Marcas Vasculares de Nacimiento. Esperamos tambi\u00e9n poder agregar, pr\u00f3ximamente, sus im\u00e1genes a nuestra galer\u00eda fotogr\u00e1fica.","robots":{"index":"index","follow":"follow","max-snippet":"max-snippet:-1","max-image-preview":"max-image-preview:large","max-video-preview":"max-video-preview:-1"},"canonical":"https:\/\/www.birthmarkcare.com\/es\/fotos-del-antes-y-despues\/","og_locale":"es_ES","og_type":"article","og_title":"Fotos del Antes y Despu\u00e9s de Hemangiomas en Nueva York \/ Malformaciones Vasculares en Los \u00c1ngeles","og_description":"Observe las im\u00e1genes del antes y despu\u00e9s de la aplicaci\u00f3n de los tratamientos realizados por el Dr. Greg Levitin, en el Vascular Birthmark Center \/ Centro de Marcas Vasculares de Nacimiento. Esperamos tambi\u00e9n poder agregar, pr\u00f3ximamente, sus im\u00e1genes a nuestra galer\u00eda fotogr\u00e1fica.","og_url":"https:\/\/www.birthmarkcare.com\/es\/fotos-del-antes-y-despues\/","og_site_name":"The Vascular Birthmark Center: Gregory M. Levitin, MD","article_modified_time":"2021-09-02T15:49:38+00:00","twitter_card":"summary_large_image","schema":{"@context":"https:\/\/schema.org","@graph":[{"@type":"WebPage","@id":"https:\/\/www.birthmarkcare.com\/es\/fotos-del-antes-y-despues\/","url":"https:\/\/www.birthmarkcare.com\/es\/fotos-del-antes-y-despues\/","name":"Fotos del Antes y Despu\u00e9s de Hemangiomas en Nueva York \/ Malformaciones Vasculares en Los \u00c1ngeles","isPartOf":{"@id":"https:\/\/www.birthmarkcare.com\/es\/#website"},"datePublished":"2021-09-02T15:48:42+00:00","dateModified":"2021-09-02T15:49:38+00:00","description":"Observe las im\u00e1genes del antes y despu\u00e9s de la aplicaci\u00f3n de los tratamientos realizados por el Dr. Greg Levitin, en el Vascular Birthmark Center \/ Centro de Marcas Vasculares de Nacimiento. Esperamos tambi\u00e9n poder agregar, pr\u00f3ximamente, sus im\u00e1genes a nuestra galer\u00eda fotogr\u00e1fica.","breadcrumb":{"@id":"https:\/\/www.birthmarkcare.com\/es\/fotos-del-antes-y-despues\/#breadcrumb"},"inLanguage":"es","potentialAction":[{"@type":"ReadAction","target":["https:\/\/www.birthmarkcare.com\/es\/fotos-del-antes-y-despues\/"]}]},{"@type":"BreadcrumbList","@id":"https:\/\/www.birthmarkcare.com\/es\/fotos-del-antes-y-despues\/#breadcrumb","itemListElement":[{"@type":"ListItem","position":1,"name":"Home","item":"https:\/\/www.birthmarkcare.com\/es\/"},{"@type":"ListItem","position":2,"name":"Fotos del antes y del despu\u00e9s"}]},{"@type":"WebSite","@id":"https:\/\/www.birthmarkcare.com\/es\/#website","url":"https:\/\/www.birthmarkcare.com\/es\/","name":"The Vascular Birthmark Center: Gregory M. Levitin, MD","description":"","potentialAction":[{"@type":"SearchAction","target":{"@type":"EntryPoint","urlTemplate":"https:\/\/www.birthmarkcare.com\/es\/?s={search_term_string}"},"query-input":{"@type":"PropertyValueSpecification","valueRequired":true,"valueName":"search_term_string"}}],"inLanguage":"es"}]}},"_links":{"self":[{"href":"https:\/\/www.birthmarkcare.com\/es\/wp-json\/wp\/v2\/pages\/1383","targetHints":{"allow":["GET"]}}],"collection":[{"href":"https:\/\/www.birthmarkcare.com\/es\/wp-json\/wp\/v2\/pages"}],"about":[{"href":"https:\/\/www.birthmarkcare.com\/es\/wp-json\/wp\/v2\/types\/page"}],"author":[{"embeddable":true,"href":"https:\/\/www.birthmarkcare.com\/es\/wp-json\/wp\/v2\/users\/1"}],"replies":[{"embeddable":true,"href":"https:\/\/www.birthmarkcare.com\/es\/wp-json\/wp\/v2\/comments?post=1383"}],"version-history":[{"count":2,"href":"https:\/\/www.birthmarkcare.com\/es\/wp-json\/wp\/v2\/pages\/1383\/revisions"}],"predecessor-version":[{"id":1424,"href":"https:\/\/www.birthmarkcare.com\/es\/wp-json\/wp\/v2\/pages\/1383\/revisions\/1424"}],"wp:attachment":[{"href":"https:\/\/www.birthmarkcare.com\/es\/wp-json\/wp\/v2\/media?parent=1383"}],"curies":[{"name":"wp","href":"https:\/\/api.w.org\/{rel}","templated":true}]}}